{"id":930,"date":"2019-04-19T09:35:48","date_gmt":"2019-04-19T07:35:48","guid":{"rendered":"https:\/\/gradskimuzej.subotica.rs\/?page_id=930"},"modified":"2019-04-19T10:13:15","modified_gmt":"2019-04-19T08:13:15","slug":"termeszettudomanyi-osztaly","status":"publish","type":"page","link":"https:\/\/gradskimuzej.subotica.rs\/?page_id=930&lang=hu","title":{"rendered":"Term\u00e9szettudom\u00e1nyi Oszt\u00e1ly"},"content":{"rendered":"\n<div class=\"wp-block-image\"><figure class=\"alignright is-resized\"><img loading=\"lazy\" decoding=\"async\" src=\"https:\/\/gradskimuzej.subotica.rs\/wp-content\/uploads\/2019\/04\/ermtud-2-1024x753.jpg\" alt=\"\"  class=\"wp-image-1870\" width=\"512\" height=\"377\" srcset=\"https:\/\/gradskimuzej.subotica.rs\/wp-content\/uploads\/2019\/04\/ermtud-2.jpg 1024w, https:\/\/gradskimuzej.subotica.rs\/wp-content\/uploads\/2019\/04\/ermtud-2-400x294.jpg 400w, https:\/\/gradskimuzej.subotica.rs\/wp-content\/uploads\/2019\/04\/ermtud-2-680x500.jpg 680w, https:\/\/gradskimuzej.subotica.rs\/wp-content\/uploads\/2019\/04\/ermtud-2-768x565.jpg 768w\" sizes=\"(max-width: 512px) 100vw, 512px\" \/><\/figure><\/div>\n\n\n\n<p>A Szabadkai V\u00e1rosi M\u00fazeum Term\u00e9szettudom\u00e1nyi oszt\u00e1ly\u00e1nak gy\u0171jtem\u00e9nye m\u00e1r 1892-t\u0151l, a K\u00f6zk\u00f6nyvt\u00e1regylet (k\u00e9s\u0151bb K\u00f6zk\u00f6nyvt\u00e1r- \u00e9s M\u00fazeum Egylet) megalakul\u00e1sa \u00f3ta l\u00e9tezik. Eleinte els\u0151sorban a v\u00e1ros lak\u00f3inak aj\u00e1nd\u00e9kai, illetve olyan t\u00e1rgyak alkott\u00e1k a gy\u0171jtem\u00e9nyt, melyek ki\u00e1ll\u00edt\u00e1s c\u00e9lj\u00e1b\u00f3l ker\u00fcltek a m\u00fazeumhoz. A t\u00e1rgyak k\u00f6z\u00f6tt az els\u0151, jelent\u0151sebb egys\u00e9get a vad\u00e1sz \u00e9s vil\u00e1gutaz\u00f3 Vojnich Oszk\u00e1r vad\u00e1sztr\u00f3fe\u00e1i k\u00e9pezt\u00e9k, melyeket az\u00e9rt adom\u00e1nyozott a v\u00e1rosnak, hogy a nagyk\u00f6z\u00f6ns\u00e9g is l\u00e1thassa \u0151ket.  <\/p>\n\n\n\n<p>1901-ben,\naz els\u0151 lajstromba v\u00e9tel alkalm\u00e1val 310 t\u00e1rgy ker\u00fclt a\nlelt\u00e1rk\u00f6nyvbe, t\u00f6bbs\u00e9g\u00e9ben rovarok, madarak \u00e9s k\u00f6v\u00fcletek.\nSajnos a gy\u0171jtem\u00e9ny alap\u00edt\u00e1sa k\u00f6r\u00fcli id\u0151szakb\u00f3l m\u00e1ra csup\u00e1n\nGurcs\u00e1n Istv\u00e1n herb\u00e1riuma maradt fenn, mely 1902\u20131903-ban\nk\u00e9sz\u00fclt.<\/p>\n\n\n\n<p>A\nterm\u00e9szettudom\u00e1nyi gy\u0171jtem\u00e9ny ma k\u00f6zel 5000 t\u00e1rgyb\u00f3l \u00e1ll,\nmelyek \u00f6t nagyobb egys\u00e9gbe sorolhat\u00f3k: paleontol\u00f3giai, \u00e1sv\u00e1ny-\n\u00e9s k\u0151zettani-, \u00e1llattani-, n\u00f6v\u00e9nytani- valamint t\u00f6rt\u00e9neti\nembertani gy\u0171jtem\u00e9ny.<\/p>\n\n\n\n<p><strong>Paleontol\u00f3giai gy\u0171jtem\u00e9ny<\/strong><br>A m\u00fazeum viszonylag kis p\u00e9ld\u00e1nysz\u00e1m\u00fa paleontol\u00f3giai gy\u0171jtem\u00e9ny\u00e9t t\u00f6bbnyire a k\u00f6rny\u00e9k\u00fcnk\u00f6n el\u0151ker\u00fclt \u0151sl\u00e9nytani leletek alkotj\u00e1k. Ezek t\u00f6bbs\u00e9ge a pleisztoc\u00e9n kori eml\u0151s\u00f6k maradv\u00e1nyai, pl. gyapjas mamutok, sztyeppi b\u00f6l\u00e9nyek csontjai. Emellett n\u00f6v\u00e9nyi k\u00f6v\u00fcletek, puhatest\u0171ek n\u00e9h\u00e1ny megk\u00f6vesedett p\u00e9ld\u00e1nya, illetve halk\u00f6v\u00fclet is szerepel k\u00f6zt\u00fck.<\/p>\n\n\n\n<ul class=\"wp-block-gallery columns-3 is-cropped wp-block-gallery-1 is-layout-flex wp-block-gallery-is-layout-flex\"><li class=\"blocks-gallery-item\"><figure><img loading=\"lazy\" decoding=\"async\" width=\"700\" height=\"526\" src=\"https:\/\/gradskimuzej.subotica.rs\/wp-content\/uploads\/2019\/04\/01-1.jpg\" alt=\"\" data-id=\"1273\" data-link=\"https:\/\/gradskimuzej.subotica.rs\/?attachment_id=1273\"  class=\"wp-image-1871\" srcset=\"https:\/\/gradskimuzej.subotica.rs\/wp-content\/uploads\/2019\/04\/01-1.jpg 700w, https:\/\/gradskimuzej.subotica.rs\/wp-content\/uploads\/2019\/04\/01-1-400x300.jpg 400w, https:\/\/gradskimuzej.subotica.rs\/wp-content\/uploads\/2019\/04\/01-1-665x500.jpg 665w\" sizes=\"(max-width: 700px) 100vw, 700px\" \/><\/figure><\/li><li class=\"blocks-gallery-item\"><figure><img loading=\"lazy\" decoding=\"async\" width=\"741\" height=\"555\" src=\"https:\/\/gradskimuzej.subotica.rs\/wp-content\/uploads\/2019\/04\/01a-1.jpg\" alt=\"\" data-id=\"1274\" data-link=\"https:\/\/gradskimuzej.subotica.rs\/?attachment_id=1274\"  class=\"wp-image-1872\" srcset=\"https:\/\/gradskimuzej.subotica.rs\/wp-content\/uploads\/2019\/04\/01a-1.jpg 741w, https:\/\/gradskimuzej.subotica.rs\/wp-content\/uploads\/2019\/04\/01a-1-400x300.jpg 400w, https:\/\/gradskimuzej.subotica.rs\/wp-content\/uploads\/2019\/04\/01a-1-668x500.jpg 668w\" sizes=\"(max-width: 741px) 100vw, 741px\" \/><\/figure><\/li><li class=\"blocks-gallery-item\"><figure><img loading=\"lazy\" decoding=\"async\" width=\"907\" height=\"680\" src=\"https:\/\/gradskimuzej.subotica.rs\/wp-content\/uploads\/2019\/04\/01b-1.jpg\" alt=\"\" data-id=\"1275\" data-link=\"https:\/\/gradskimuzej.subotica.rs\/?attachment_id=1275\"  class=\"wp-image-1873\" srcset=\"https:\/\/gradskimuzej.subotica.rs\/wp-content\/uploads\/2019\/04\/01b-1.jpg 907w, https:\/\/gradskimuzej.subotica.rs\/wp-content\/uploads\/2019\/04\/01b-1-400x300.jpg 400w, https:\/\/gradskimuzej.subotica.rs\/wp-content\/uploads\/2019\/04\/01b-1-667x500.jpg 667w, https:\/\/gradskimuzej.subotica.rs\/wp-content\/uploads\/2019\/04\/01b-1-768x576.jpg 768w\" sizes=\"(max-width: 907px) 100vw, 907px\" \/><\/figure><\/li><\/ul>\n\n\n\n<p><strong>\u00c1sv\u00e1ny- \u00e9s k\u0151zettani gy\u0171jtem\u00e9ny<\/strong><br>Int\u00e9zm\u00e9ny\u00fcnk \u00e1sv\u00e1ny- \u00e9s k\u0151zettani gy\u0171jtem\u00e9nye mintegy 100 t\u00e1rgyb\u00f3l \u2013 \u00fcled\u00e9kk\u0151zetekb\u0151l, metamorf k\u0151zetekb\u0151l \u00e9s \u00e1sv\u00e1nyokb\u00f3l \u2013 \u00e1ll.<\/p>\n\n\n\n<ul class=\"wp-block-gallery columns-3 is-cropped wp-block-gallery-2 is-layout-flex wp-block-gallery-is-layout-flex\"><li class=\"blocks-gallery-item\"><figure><img loading=\"lazy\" decoding=\"async\" width=\"666\" height=\"500\" src=\"https:\/\/gradskimuzej.subotica.rs\/wp-content\/uploads\/2019\/04\/03-2.jpg\" alt=\"\" data-id=\"1259\" data-link=\"https:\/\/gradskimuzej.subotica.rs\/?attachment_id=1259\"  class=\"wp-image-1874\" srcset=\"https:\/\/gradskimuzej.subotica.rs\/wp-content\/uploads\/2019\/04\/03-2.jpg 666w, https:\/\/gradskimuzej.subotica.rs\/wp-content\/uploads\/2019\/04\/03-2-400x300.jpg 400w\" sizes=\"(max-width: 666px) 100vw, 666px\" \/><\/figure><\/li><li class=\"blocks-gallery-item\"><figure><img loading=\"lazy\" decoding=\"async\" width=\"682\" height=\"512\" src=\"https:\/\/gradskimuzej.subotica.rs\/wp-content\/uploads\/2019\/04\/04-2.jpg\" alt=\"\" data-id=\"1260\" data-link=\"https:\/\/gradskimuzej.subotica.rs\/?attachment_id=1260\"  class=\"wp-image-1875\" srcset=\"https:\/\/gradskimuzej.subotica.rs\/wp-content\/uploads\/2019\/04\/04-2.jpg 682w, https:\/\/gradskimuzej.subotica.rs\/wp-content\/uploads\/2019\/04\/04-2-400x300.jpg 400w, https:\/\/gradskimuzej.subotica.rs\/wp-content\/uploads\/2019\/04\/04-2-666x500.jpg 666w\" sizes=\"(max-width: 682px) 100vw, 682px\" \/><\/figure><\/li><li class=\"blocks-gallery-item\"><figure><img loading=\"lazy\" decoding=\"async\" width=\"904\" height=\"678\" src=\"https:\/\/gradskimuzej.subotica.rs\/wp-content\/uploads\/2019\/04\/04b.jpg\" alt=\"\" data-id=\"1261\" data-link=\"https:\/\/gradskimuzej.subotica.rs\/?attachment_id=1261\"  class=\"wp-image-1876\" srcset=\"https:\/\/gradskimuzej.subotica.rs\/wp-content\/uploads\/2019\/04\/04b.jpg 904w, https:\/\/gradskimuzej.subotica.rs\/wp-content\/uploads\/2019\/04\/04b-400x300.jpg 400w, https:\/\/gradskimuzej.subotica.rs\/wp-content\/uploads\/2019\/04\/04b-667x500.jpg 667w, https:\/\/gradskimuzej.subotica.rs\/wp-content\/uploads\/2019\/04\/04b-768x576.jpg 768w\" sizes=\"(max-width: 904px) 100vw, 904px\" \/><\/figure><\/li><\/ul>\n\n\n\n<p><strong>\u00c1llattani (z\u043e\u043el\u00f3giai) gy\u0171jtem\u00e9ny<\/strong><br>A Szabadkai V\u00e1rosi M\u00fazeum \u00e1llattani gy\u0171jtem\u00e9ny\u00e9be mintegy 1000 t\u00e1rgy tartozik, melyek t\u00f6bbs\u00e9ge gerinces \u00e1llat, m\u00edg egy kisebb r\u00e9sze gerinctelen (f\u0151leg rovarok). A gy\u0171jtem\u00e9ny t\u00e1rgyai k\u00e9t nagyobb csoportba tartoznak: t\u00f6bbs\u00e9g\u00fck Szabadka k\u00f6rny\u00e9k\u00e9nek \u00e1llatvil\u00e1g\u00e1t mutatja be, m\u00edg kisebb r\u00e9sz\u00fck az Eur\u00f3p\u00e1n k\u00edv\u00fcli vad\u00e1sztr\u00f3fe\u00e1k gy\u0171jtem\u00e9ny\u00e9t alkotja.  <\/p>\n\n\n\n<p><em>Szabadka k\u00f6rny\u00e9k\u00e9nek \u00e1llatvil\u00e1ga<br><\/em>A gy\u0171jtem\u00e9nyhez tartoz\u00f3 t\u00e1rgyak nagy r\u00e9sze mad\u00e1rprepar\u00e1tum, melyek t\u00f6bbs\u00e9ge vizes \u00e9l\u0151helyekr\u0151l sz\u00e1rmazik. Ezek t\u00f6bbnyire tudom\u00e1nyos kutat\u00e1sra alkalmas b\u0151rprepar\u00e1tumok (Aleksandar Rafajlovi\u0107 gy\u0171jtem\u00e9nye), kisebb r\u00e9sz\u00fck pedig dermoplasztikus (\u00e9leth\u0171) prepar\u00e1l\u00e1ssal k\u00e9sz\u00fclt ki\u00e1ll\u00edt\u00e1s c\u00e9lj\u00e1b\u00f3l. A Term\u00e9szettudom\u00e1nyi Oszt\u00e1ly anyag\u00e1nak jelent\u0151s r\u00e9sz\u00e9t k\u00e9pezi a rovartani gy\u0171jtem\u00e9ny, mely m\u00e1ra t\u00f6bb sz\u00e1z p\u00e9ld\u00e1nyb\u00f3l \u00e1ll. A gy\u0171jtem\u00e9ny kisebb r\u00e9sz\u00e9t az eml\u0151sprepar\u00e1tumok alkotj\u00e1k, melyek k\u00f6z\u00f6tt f\u0151leg szarvak (vad\u00e1sztr\u00f3fe\u00e1k) tal\u00e1lhat\u00f3k.<\/p>\n\n\n\n<ul class=\"wp-block-gallery columns-3 is-cropped wp-block-gallery-3 is-layout-flex wp-block-gallery-is-layout-flex\"><li class=\"blocks-gallery-item\"><figure><img loading=\"lazy\" decoding=\"async\" width=\"565\" height=\"753\" src=\"https:\/\/gradskimuzej.subotica.rs\/wp-content\/uploads\/2019\/04\/05-1.jpg\" alt=\"\" data-id=\"1263\" data-link=\"https:\/\/gradskimuzej.subotica.rs\/?attachment_id=1263\"  class=\"wp-image-1877\" srcset=\"https:\/\/gradskimuzej.subotica.rs\/wp-content\/uploads\/2019\/04\/05-1.jpg 565w, https:\/\/gradskimuzej.subotica.rs\/wp-content\/uploads\/2019\/04\/05-1-225x300.jpg 225w, https:\/\/gradskimuzej.subotica.rs\/wp-content\/uploads\/2019\/04\/05-1-375x500.jpg 375w\" sizes=\"(max-width: 565px) 100vw, 565px\" \/><\/figure><\/li><li class=\"blocks-gallery-item\"><figure><img loading=\"lazy\" decoding=\"async\" width=\"658\" height=\"877\" src=\"https:\/\/gradskimuzej.subotica.rs\/wp-content\/uploads\/2019\/04\/06-2.jpg\" alt=\"\" data-id=\"1264\" data-link=\"https:\/\/gradskimuzej.subotica.rs\/?attachment_id=1264\"  class=\"wp-image-1878\" srcset=\"https:\/\/gradskimuzej.subotica.rs\/wp-content\/uploads\/2019\/04\/06-2.jpg 658w, https:\/\/gradskimuzej.subotica.rs\/wp-content\/uploads\/2019\/04\/06-2-225x300.jpg 225w, https:\/\/gradskimuzej.subotica.rs\/wp-content\/uploads\/2019\/04\/06-2-375x500.jpg 375w\" sizes=\"(max-width: 658px) 100vw, 658px\" \/><\/figure><\/li><li class=\"blocks-gallery-item\"><figure><img loading=\"lazy\" decoding=\"async\" width=\"1000\" height=\"750\" src=\"https:\/\/gradskimuzej.subotica.rs\/wp-content\/uploads\/2019\/04\/07-2.jpg\" alt=\"\" data-id=\"1265\" data-link=\"https:\/\/gradskimuzej.subotica.rs\/?attachment_id=1265\"  class=\"wp-image-1879\" srcset=\"https:\/\/gradskimuzej.subotica.rs\/wp-content\/uploads\/2019\/04\/07-2.jpg 1000w, https:\/\/gradskimuzej.subotica.rs\/wp-content\/uploads\/2019\/04\/07-2-400x300.jpg 400w, https:\/\/gradskimuzej.subotica.rs\/wp-content\/uploads\/2019\/04\/07-2-667x500.jpg 667w, https:\/\/gradskimuzej.subotica.rs\/wp-content\/uploads\/2019\/04\/07-2-768x576.jpg 768w\" sizes=\"(max-width: 1000px) 100vw, 1000px\" \/><\/figure><\/li><\/ul>\n\n\n\n<p><em> Eur\u00f3p\u00e1n k\u00edv\u00fcli vad\u00e1sztr\u00f3fe\u00e1k gy\u0171jtem\u00e9nye<\/em><br>A Szabadkai V\u00e1rosi M\u00fazeum \u00e1llattani anyag\u00e1hoz mintegy 100 Eur\u00f3p\u00e1n k\u00edv\u00fcli vad\u00e1sztr\u00f3fea tartozik. Ez a gy\u0171jtem\u00e9ny mind a nagys\u00e1ga, mind a fajok v\u00e1ltozatoss\u00e1ga szempontj\u00e1b\u00f3l egyed\u00fcl\u00e1ll\u00f3 Szerbi\u00e1ban. A gy\u0171jtem\u00e9nyben tal\u00e1lhat\u00f3 tr\u00f3fe\u00e1k t\u00f6bbs\u00e9g\u00e9t a t\u00f6r\u00f6kkanizsai vad\u00e1sz \u00e9s vil\u00e1gutaz\u00f3, Talli\u00e1n Emil gy\u0171jt\u00f6tte, kisebb r\u00e9sz\u00fcket pedig a topolyai f\u00f6ldbirtokos Fernbach B\u00e1lint. A t\u00e1rgyak az 1950-es \u00e9vekben, a palicsi Vad\u00e1szati M\u00fazeum megsz\u0171n\u00e9sekor ker\u00fcltek a Szabadkai V\u00e1rosi M\u00fazeumba. A tr\u00f3fe\u00e1k egy kisebb h\u00e1nyad\u00e1r\u00f3l felt\u00e9telezhet\u0151, hogy a II. vil\u00e1gh\u00e1bor\u00fat k\u00f6vet\u0151 vagyonelkobz\u00e1sok nyom\u00e1n ker\u00fcltek a m\u00fazeumhoz.<\/p>\n\n\n\n<ul class=\"wp-block-gallery columns-2 is-cropped wp-block-gallery-4 is-layout-flex wp-block-gallery-is-layout-flex\"><li class=\"blocks-gallery-item\"><figure><img loading=\"lazy\" decoding=\"async\" width=\"729\" height=\"547\" src=\"https:\/\/gradskimuzej.subotica.rs\/wp-content\/uploads\/2019\/04\/09b-2.jpg\" alt=\"\" data-id=\"1267\" data-link=\"https:\/\/gradskimuzej.subotica.rs\/?attachment_id=1267\"  class=\"wp-image-1880\" srcset=\"https:\/\/gradskimuzej.subotica.rs\/wp-content\/uploads\/2019\/04\/09b-2.jpg 729w, https:\/\/gradskimuzej.subotica.rs\/wp-content\/uploads\/2019\/04\/09b-2-400x300.jpg 400w, https:\/\/gradskimuzej.subotica.rs\/wp-content\/uploads\/2019\/04\/09b-2-666x500.jpg 666w\" sizes=\"(max-width: 729px) 100vw, 729px\" \/><\/figure><\/li><li class=\"blocks-gallery-item\"><figure><img loading=\"lazy\" decoding=\"async\" width=\"850\" height=\"637\" src=\"https:\/\/gradskimuzej.subotica.rs\/wp-content\/uploads\/2019\/04\/15.jpg\" alt=\"\" data-id=\"1268\" data-link=\"https:\/\/gradskimuzej.subotica.rs\/?attachment_id=1268\"  class=\"wp-image-1881\" srcset=\"https:\/\/gradskimuzej.subotica.rs\/wp-content\/uploads\/2019\/04\/15.jpg 850w, https:\/\/gradskimuzej.subotica.rs\/wp-content\/uploads\/2019\/04\/15-400x300.jpg 400w, https:\/\/gradskimuzej.subotica.rs\/wp-content\/uploads\/2019\/04\/15-667x500.jpg 667w, https:\/\/gradskimuzej.subotica.rs\/wp-content\/uploads\/2019\/04\/15-768x576.jpg 768w\" sizes=\"(max-width: 850px) 100vw, 850px\" \/><\/figure><\/li><\/ul>\n\n\n\n<p><strong>N\u00f6v\u00e9nytani (botanikai) gy\u0171jtem\u00e9ny<br><\/strong>A m\u00fazeum t\u00f6bb mint 2000 p\u00e9ld\u00e1nyt tartalmaz\u00f3 n\u00f6v\u00e9nytani gy\u0171jtem\u00e9nye a Term\u00e9szettudom\u00e1nyi Oszt\u00e1ly legnagyobb egys\u00e9ge. Botanikai anyagunk t\u00falnyom\u00f3 t\u00f6bbs\u00e9ge Szabadka k\u00f6rny\u00e9ki gy\u0171jt\u0151ter\u00fcletekr\u0151l sz\u00e1rmazik, gazdags\u00e1ga pedig annak k\u00f6sz\u00f6nhet\u0151, hogy ar\u00e1nylag kis ter\u00fcleten n\u00e9gy k\u00fcl\u00f6nb\u00f6z\u0151 biot\u00f3p (\u00e9l\u0151hely) is tal\u00e1lhat\u00f3: homokpuszta, l\u00f6szpuszta, szikespuszta, mocs\u00e1r- \u00e9s l\u00e1pvid\u00e9k. A gy\u0171jtem\u00e9nyben egyar\u00e1nt fellelhet\u0151k az alacsonyabb rend\u0171-, illetve a magasabb rend\u0171 n\u00f6v\u00e9nyek prepar\u00e1tumai is. A botanikai gy\u0171jtem\u00e9ny legnagyobb egys\u00e9ge Dr. Sturc B\u00e9la herb\u00e1riuma (1914\u20131994), mely t\u00f6bb mint 1000 p\u00e9ld\u00e1nyb\u00f3l \u00e1ll: 594 fajt, \u00e9s ezek alfajait, illetve v\u00e1ltozatait tartalmazza.<\/p>\n\n\n\n<ul class=\"wp-block-gallery columns-4 is-cropped wp-block-gallery-5 is-layout-flex wp-block-gallery-is-layout-flex\"><li class=\"blocks-gallery-item\"><figure><img loading=\"lazy\" decoding=\"async\" width=\"633\" height=\"1024\" src=\"https:\/\/gradskimuzej.subotica.rs\/wp-content\/uploads\/2019\/04\/10-633x1024.jpg\" alt=\"\" data-id=\"1249\" data-link=\"https:\/\/gradskimuzej.subotica.rs\/?attachment_id=1249\"  class=\"wp-image-1882\" srcset=\"https:\/\/gradskimuzej.subotica.rs\/wp-content\/uploads\/2019\/04\/10.jpg 633w, https:\/\/gradskimuzej.subotica.rs\/wp-content\/uploads\/2019\/04\/10-185x300.jpg 185w, https:\/\/gradskimuzej.subotica.rs\/wp-content\/uploads\/2019\/04\/10-309x500.jpg 309w\" sizes=\"(max-width: 633px) 100vw, 633px\" \/><\/figure><\/li><li class=\"blocks-gallery-item\"><figure><img loading=\"lazy\" decoding=\"async\" width=\"740\" height=\"1024\" src=\"https:\/\/gradskimuzej.subotica.rs\/wp-content\/uploads\/2019\/04\/10b-740x1024.jpg\" alt=\"\" data-id=\"1250\" data-link=\"https:\/\/gradskimuzej.subotica.rs\/?attachment_id=1250\"  class=\"wp-image-1883\" srcset=\"https:\/\/gradskimuzej.subotica.rs\/wp-content\/uploads\/2019\/04\/10b.jpg 740w, https:\/\/gradskimuzej.subotica.rs\/wp-content\/uploads\/2019\/04\/10b-217x300.jpg 217w, https:\/\/gradskimuzej.subotica.rs\/wp-content\/uploads\/2019\/04\/10b-361x500.jpg 361w\" sizes=\"(max-width: 740px) 100vw, 740px\" \/><\/figure><\/li><li class=\"blocks-gallery-item\"><figure><img loading=\"lazy\" decoding=\"async\" width=\"756\" height=\"1024\" src=\"https:\/\/gradskimuzej.subotica.rs\/wp-content\/uploads\/2019\/04\/10c-756x1024.jpg\" alt=\"\" data-id=\"1251\" data-link=\"https:\/\/gradskimuzej.subotica.rs\/?attachment_id=1251\"  class=\"wp-image-1884\" srcset=\"https:\/\/gradskimuzej.subotica.rs\/wp-content\/uploads\/2019\/04\/10c.jpg 756w, https:\/\/gradskimuzej.subotica.rs\/wp-content\/uploads\/2019\/04\/10c-221x300.jpg 221w, https:\/\/gradskimuzej.subotica.rs\/wp-content\/uploads\/2019\/04\/10c-369x500.jpg 369w\" sizes=\"(max-width: 756px) 100vw, 756px\" \/><\/figure><\/li><li class=\"blocks-gallery-item\"><figure><img loading=\"lazy\" decoding=\"async\" width=\"750\" height=\"1024\" src=\"https:\/\/gradskimuzej.subotica.rs\/wp-content\/uploads\/2019\/04\/10-1-750x1024.jpg\" alt=\"\" data-id=\"1285\" data-link=\"https:\/\/gradskimuzej.subotica.rs\/?attachment_id=1285\"  class=\"wp-image-1885\" srcset=\"https:\/\/gradskimuzej.subotica.rs\/wp-content\/uploads\/2019\/04\/10-1.jpg 750w, https:\/\/gradskimuzej.subotica.rs\/wp-content\/uploads\/2019\/04\/10-1-220x300.jpg 220w, https:\/\/gradskimuzej.subotica.rs\/wp-content\/uploads\/2019\/04\/10-1-366x500.jpg 366w\" sizes=\"(max-width: 750px) 100vw, 750px\" \/><\/figure><\/li><\/ul>\n\n\n\n<p><strong>T\u00f6rt\u00e9neti embertani (antropol\u00f3giai) gy\u0171jtem\u00e9ny<br><\/strong>A t\u00f6rt\u00e9neti embertani gy\u0171jtem\u00e9ny mintegy 1500 egy\u00e9n csontv\u00e1zmaradv\u00e1nyait tartalmazza, melyek t\u00f6bb mint 15 lel\u0151helyr\u0151l sz\u00e1rmaznak. Az els\u0151 leletek a II. vil\u00e1gh\u00e1bor\u00fa ut\u00e1ni els\u0151 felt\u00e1r\u00e1sok sor\u00e1n ker\u00fcltek az int\u00e9zm\u00e9nybe, a legnagyobb \u00fctemben pedig az 1970-es \u00e9vekben t\u00f6rt\u00e9nt tervszer\u0171 temet\u0151felt\u00e1r\u00e1sok (pl. Moravica-Koplal\u00f3, Topolya-B\u00e1nkert) sor\u00e1n gyarapodott a gy\u0171jtem\u00e9ny. A leletanyag a r\u00e9zkort\u00f3l az i. sz. 16. sz\u00e1zadig terjed\u0151 id\u0151szakot \u00f6leli fel. A gy\u0171jtem\u00e9nyben a legnagyobb ar\u00e1nyban avarkori lel\u0151helyekr\u0151l sz\u00e1rmaz\u00f3 anyag tal\u00e1lhat\u00f3, de jelent\u0151s mennyis\u00e9g\u0171 az \u00c1rp\u00e1d-kori \u00e9s k\u00e9s\u0151 k\u00f6z\u00e9pkori csontanyag is.  <\/p>\n\n\n\n<ul class=\"wp-block-gallery columns-3 is-cropped wp-block-gallery-6 is-layout-flex wp-block-gallery-is-layout-flex\"><li class=\"blocks-gallery-item\"><figure><img loading=\"lazy\" decoding=\"async\" width=\"1000\" height=\"797\" src=\"https:\/\/gradskimuzej.subotica.rs\/wp-content\/uploads\/2019\/04\/ANT-K-008-1.jpg\" alt=\"\" data-id=\"1269\" data-link=\"https:\/\/gradskimuzej.subotica.rs\/?attachment_id=1269\"  class=\"wp-image-1886\" srcset=\"https:\/\/gradskimuzej.subotica.rs\/wp-content\/uploads\/2019\/04\/ANT-K-008-1.jpg 1000w, https:\/\/gradskimuzej.subotica.rs\/wp-content\/uploads\/2019\/04\/ANT-K-008-1-376x300.jpg 376w, https:\/\/gradskimuzej.subotica.rs\/wp-content\/uploads\/2019\/04\/ANT-K-008-1-627x500.jpg 627w, https:\/\/gradskimuzej.subotica.rs\/wp-content\/uploads\/2019\/04\/ANT-K-008-1-768x612.jpg 768w\" sizes=\"(max-width: 1000px) 100vw, 1000px\" \/><\/figure><\/li><li class=\"blocks-gallery-item\"><figure><img loading=\"lazy\" decoding=\"async\" width=\"859\" height=\"644\" src=\"https:\/\/gradskimuzej.subotica.rs\/wp-content\/uploads\/2019\/04\/IMGP8201_PEF_embedded-1.jpg\" alt=\"\" data-id=\"1270\" data-link=\"https:\/\/gradskimuzej.subotica.rs\/?attachment_id=1270\"  class=\"wp-image-1887\" srcset=\"https:\/\/gradskimuzej.subotica.rs\/wp-content\/uploads\/2019\/04\/IMGP8201_PEF_embedded-1.jpg 859w, https:\/\/gradskimuzej.subotica.rs\/wp-content\/uploads\/2019\/04\/IMGP8201_PEF_embedded-1-400x300.jpg 400w, https:\/\/gradskimuzej.subotica.rs\/wp-content\/uploads\/2019\/04\/IMGP8201_PEF_embedded-1-667x500.jpg 667w, https:\/\/gradskimuzej.subotica.rs\/wp-content\/uploads\/2019\/04\/IMGP8201_PEF_embedded-1-768x576.jpg 768w\" sizes=\"(max-width: 859px) 100vw, 859px\" \/><\/figure><\/li><li class=\"blocks-gallery-item\"><figure><img loading=\"lazy\" decoding=\"async\" width=\"1024\" height=\"768\" src=\"https:\/\/gradskimuzej.subotica.rs\/wp-content\/uploads\/2019\/04\/DSC_0179-1024x768.jpg\" alt=\"\" data-id=\"1283\" data-link=\"https:\/\/gradskimuzej.subotica.rs\/?attachment_id=1283\"  class=\"wp-image-1888\" srcset=\"https:\/\/gradskimuzej.subotica.rs\/wp-content\/uploads\/2019\/04\/DSC_0179-1024x768.jpg 1024w, https:\/\/gradskimuzej.subotica.rs\/wp-content\/uploads\/2019\/04\/DSC_0179-400x300.jpg 400w, https:\/\/gradskimuzej.subotica.rs\/wp-content\/uploads\/2019\/04\/DSC_0179-667x500.jpg 667w, https:\/\/gradskimuzej.subotica.rs\/wp-content\/uploads\/2019\/04\/DSC_0179-768x576.jpg 768w, https:\/\/gradskimuzej.subotica.rs\/wp-content\/uploads\/2019\/04\/DSC_0179.jpg 1464w\" sizes=\"(max-width: 1024px) 100vw, 1024px\" \/><\/figure><\/li><\/ul>\n","protected":false},"excerpt":{"rendered":"<p>A Szabadkai V\u00e1rosi M\u00fazeum Term\u00e9szettudom\u00e1nyi oszt\u00e1ly\u00e1nak gy\u0171jtem\u00e9nye m\u00e1r 1892-t\u0151l, a K\u00f6zk\u00f6nyvt\u00e1regylet (k\u00e9s\u0151bb K\u00f6zk\u00f6nyvt\u00e1r- \u00e9s M\u00fazeum Egylet) megalakul\u00e1sa \u00f3ta l\u00e9tezik. Eleinte els\u0151sorban a v\u00e1ros lak\u00f3inak aj\u00e1nd\u00e9kai, illetve olyan t\u00e1rgyak alkott\u00e1k a gy\u0171jtem\u00e9nyt, melyek ki\u00e1ll\u00edt\u00e1s c\u00e9lj\u00e1b\u00f3l ker\u00fcltek a m\u00fazeumhoz. A t\u00e1rgyak k\u00f6z\u00f6tt az els\u0151, jelent\u0151sebb egys\u00e9get a vad\u00e1sz \u00e9s vil\u00e1gutaz\u00f3 Vojnich Oszk\u00e1r vad\u00e1sztr\u00f3fe\u00e1i k\u00e9pezt\u00e9k, melyeket az\u00e9rt adom\u00e1nyozott [&hellip;]<\/p>\n","protected":false},"author":2,"featured_media":1889,"parent":1064,"menu_order":4,"comment_status":"closed","ping_status":"closed","template":"","meta":{"footnotes":""},"_links":{"self":[{"href":"https:\/\/gradskimuzej.subotica.rs\/index.php?rest_route=\/wp\/v2\/pages\/930"}],"collection":[{"href":"https:\/\/gradskimuzej.subotica.rs\/index.php?rest_route=\/wp\/v2\/pages"}],"about":[{"href":"https:\/\/gradskimuzej.subotica.rs\/index.php?rest_route=\/wp\/v2\/types\/page"}],"author":[{"embeddable":true,"href":"https:\/\/gradskimuzej.subotica.rs\/index.php?rest_route=\/wp\/v2\/users\/2"}],"replies":[{"embeddable":true,"href":"https:\/\/gradskimuzej.subotica.rs\/index.php?rest_route=%2Fwp%2Fv2%2Fcomments&post=930"}],"version-history":[{"count":9,"href":"https:\/\/gradskimuzej.subotica.rs\/index.php?rest_route=\/wp\/v2\/pages\/930\/revisions"}],"predecessor-version":[{"id":1546,"href":"https:\/\/gradskimuzej.subotica.rs\/index.php?rest_route=\/wp\/v2\/pages\/930\/revisions\/1546"}],"up":[{"embeddable":true,"href":"https:\/\/gradskimuzej.subotica.rs\/index.php?rest_route=\/wp\/v2\/pages\/1064"}],"wp:featuredmedia":[{"embeddable":true,"href":"https:\/\/gradskimuzej.subotica.rs\/index.php?rest_route=\/wp\/v2\/media\/1889"}],"wp:attachment":[{"href":"https:\/\/gradskimuzej.subotica.rs\/index.php?rest_route=%2Fwp%2Fv2%2Fmedia&parent=930"}],"curies":[{"name":"wp","href":"https:\/\/api.w.org\/{rel}","templated":true}]}}