{"id":914,"date":"2019-04-23T22:27:11","date_gmt":"2019-04-23T20:27:11","guid":{"rendered":"https:\/\/gradskimuzej.subotica.rs\/?page_id=914"},"modified":"2026-05-06T11:57:12","modified_gmt":"2026-05-06T09:57:12","slug":"munkatarsaink","status":"publish","type":"page","link":"https:\/\/gradskimuzej.subotica.rs\/?page_id=914&lang=hu","title":{"rendered":"Munkat\u00e1rsaink"},"content":{"rendered":"\n<div class=\"wp-block-columns has-3-columns is-layout-flex wp-container-core-columns-is-layout-1 wp-block-columns-is-layout-flex\">\n<div class=\"wp-block-column is-layout-flow wp-block-column-is-layout-flow\">\n<p><\/p>\n\n\n\n<p class=\"has-text-align-center\"><strong>Igazgat\u00f3s\u00e1g \u00e9s titk\u00e1rs\u00e1g<\/strong><\/p>\n\n\n\n<hr class=\"wp-block-separator has-css-opacity\"\/>\n\n\n<div class=\"card mt-1 bg-light\">\n\t<div class=\"row\">\n\t\t<div class=\"col-md-2 block-person\">\n\t\t\t\t\t\t\t\t\t\t<img decoding=\"async\" src=\"\" class=\"img-thumbnail\" alt=\"...\">\n\t\t\t\t\t<\/div>\n\t\t<div class=\"col-md-10 my-auto text-center w-100\">\n\t\t\t<b>Dr. Ninkov K. Olga<\/b><br>\n\t\t\t<small>\n\t\t\t\tigazgat\u00f3\t\t\t<\/small>\n\t\t<\/div>\n\t<\/div>\n<\/div>\n\n\n\n<div class=\"card mt-1 bg-light\">\n\t<div class=\"row\">\n\t\t<div class=\"col-md-2 block-person\">\n\t\t\t\t\t\t\t\t\t\t<img decoding=\"async\" src=\"\" class=\"img-thumbnail\" alt=\"...\">\n\t\t\t\t\t<\/div>\n\t\t<div class=\"col-md-10 my-auto text-center w-100\">\n\t\t\t<b>T\u00f3th Alex<\/b><br>\n\t\t\t<small>\n\t\t\t\tnemzetk\u00f6zi projektek p\u00e9nz\u00fcgyi elemz\u0151je\t\t\t<\/small>\n\t\t<\/div>\n\t<\/div>\n<\/div>\n\n\n\n<div class=\"card mt-1 bg-light\">\n\t<div class=\"row\">\n\t\t<div class=\"col-md-2 block-person\">\n\t\t\t\t\t\t\t\t\t\t<img decoding=\"async\" src=\"\" class=\"img-thumbnail\" alt=\"...\">\n\t\t\t\t\t<\/div>\n\t\t<div class=\"col-md-10 my-auto text-center w-100\">\n\t\t\t<b>Kispalk\u00f3 J\u00e1nos<\/b><br>\n\t\t\t<small>\n\t\t\t\tjog\u00e1sz, oszt\u00e1lyvezet\u0151\t\t\t<\/small>\n\t\t<\/div>\n\t<\/div>\n<\/div>\n\n\n\n<div class=\"card mt-1 bg-light\">\n\t<div class=\"row\">\n\t\t<div class=\"col-md-2 block-person\">\n\t\t\t\t\t\t\t\t\t\t<img decoding=\"async\" src=\"\" class=\"img-thumbnail\" alt=\"...\">\n\t\t\t\t\t<\/div>\n\t\t<div class=\"col-md-10 my-auto text-center w-100\">\n\t\t\t<b>Ru\u017eica Pei\u0107 Tukuljac<\/b><br>\n\t\t\t<small>\n\t\t\t\t\u00f6n\u00e1ll\u00f3 p\u00e9nz\u00fcgyi-sz\u00e1mviteli szakmunkat\u00e1rs\t\t\t<\/small>\n\t\t<\/div>\n\t<\/div>\n<\/div>\n\n\n\n<div class=\"card mt-1 bg-light\">\n\t<div class=\"row\">\n\t\t<div class=\"col-md-2 block-person\">\n\t\t\t\t\t\t\t\t\t\t<img decoding=\"async\" src=\"\" class=\"img-thumbnail\" alt=\"...\">\n\t\t\t\t\t<\/div>\n\t\t<div class=\"col-md-10 my-auto text-center w-100\">\n\t\t\t<b>Dobai Csilla<\/b><br>\n\t\t\t<small>\n\t\t\t\tp\u00e9nz\u00fcgyi-sz\u00e1mviteli referens\t\t\t<\/small>\n\t\t<\/div>\n\t<\/div>\n<\/div>\n\n\n\n<div class=\"card mt-1 bg-light\">\n\t<div class=\"row\">\n\t\t<div class=\"col-md-2 block-person\">\n\t\t\t\t\t\t\t\t\t\t<img decoding=\"async\" src=\"\" class=\"img-thumbnail\" alt=\"...\">\n\t\t\t\t\t<\/div>\n\t\t<div class=\"col-md-10 my-auto text-center w-100\">\n\t\t\t<b>Branka Pavlov<\/b><br>\n\t\t\t<small>\n\t\t\t\tp\u00e9nz\u00fcgyi \u00e9s sz\u00e1mviteli k\u00f6zgazd\u00e1sz\t\t\t<\/small>\n\t\t<\/div>\n\t<\/div>\n<\/div>\n\n<\/div>\n\n\n\n<div class=\"wp-block-column is-layout-flow wp-block-column-is-layout-flow\">\n<p><\/p>\n\n\n\n<p class=\"has-text-align-center\"><strong>Oszt\u00e1lyok<\/strong><\/p>\n\n\n\n<hr class=\"wp-block-separator has-css-opacity\"\/>\n\n\n\n<p class=\"has-text-align-center\"><strong>R\u00e9g\u00e9szeti Oszt\u00e1ly<\/strong><\/p>\n\n\n<div class=\"card mt-1 bg-light\">\n\t<div class=\"row\">\n\t\t<div class=\"col-md-2 block-person\">\n\t\t\t\t\t\t\t\t\t\t<img decoding=\"async\" src=\"\" class=\"img-thumbnail\" alt=\"...\">\n\t\t\t\t\t<\/div>\n\t\t<div class=\"col-md-10 my-auto text-center w-100\">\n\t\t\t<b>Neda Dimovski<\/b><br>\n\t\t\t<small>\n\t\t\t\tr\u00e9g\u00e9sz, f\u0151muzeol\u00f3gus\t\t\t<\/small>\n\t\t<\/div>\n\t<\/div>\n<\/div>\n\n\n\n\n<p><\/p>\n\n\n\n<p class=\"has-text-align-center\"> <strong>N\u00e9prajzi Oszt\u00e1ly<\/strong><\/p>\n\n\n<div class=\"card mt-1 bg-light\">\n\t<div class=\"row\">\n\t\t<div class=\"col-md-2 block-person\">\n\t\t\t\t\t\t\t\t\t\t<img decoding=\"async\" src=\"\" class=\"img-thumbnail\" alt=\"...\">\n\t\t\t\t\t<\/div>\n\t\t<div class=\"col-md-10 my-auto text-center w-100\">\n\t\t\t<b>Dr. Papp \u00c1rp\u00e1d<\/b><br>\n\t\t\t<small>\n\t\t\t\tn\u00e9prajzkutat\u00f3, f\u0151muzeol\u00f3gus\t\t\t<\/small>\n\t\t<\/div>\n\t<\/div>\n<\/div>\n\n\n\n\n<p><\/p>\n\n\n\n<p class=\"has-text-align-center\"> <strong>T\u00f6rt\u00e9nelmi oszt\u00e1ly<\/strong> <\/p>\n\n\n<div class=\"card mt-1 bg-light\">\n\t<div class=\"row\">\n\t\t<div class=\"col-md-2 block-person\">\n\t\t\t\t\t\t\t\t\t\t<img decoding=\"async\" src=\"\" class=\"img-thumbnail\" alt=\"...\">\n\t\t\t\t\t<\/div>\n\t\t<div class=\"col-md-10 my-auto text-center w-100\">\n\t\t\t<b>Kubicskovity \u00c1kos<\/b><br>\n\t\t\t<small>\n\t\t\t\tt\u00f6rt\u00e9n\u00e9sz, muzeol\u00f3gus\t\t\t<\/small>\n\t\t<\/div>\n\t<\/div>\n<\/div>\n\n\n\n\n<p><\/p>\n\n\n\n<p class=\"has-text-align-center\"> <strong>Term\u00e9szettudom\u00e1nyi Oszt\u00e1ly<\/strong><\/p>\n\n\n<div class=\"card mt-1 bg-light\">\n\t<div class=\"row\">\n\t\t<div class=\"col-md-2 block-person\">\n\t\t\t\t\t\t\t\t\t\t<img decoding=\"async\" src=\"\" class=\"img-thumbnail\" alt=\"...\">\n\t\t\t\t\t<\/div>\n\t\t<div class=\"col-md-10 my-auto text-center w-100\">\n\t\t\t<b>Dr. Kajdocsi Lov\u00e1sz Gabriella<\/b><br>\n\t\t\t<small>\n\t\t\t\tbiol\u00f3gus-antropol\u00f3gus, m\u00fazeumi tan\u00e1csos\t\t\t<\/small>\n\t\t<\/div>\n\t<\/div>\n<\/div>\n\n\n\n<div class=\"card mt-1 bg-light\">\n\t<div class=\"row\">\n\t\t<div class=\"col-md-2 block-person\">\n\t\t\t\t\t\t\t\t\t\t<img decoding=\"async\" src=\"\" class=\"img-thumbnail\" alt=\"...\">\n\t\t\t\t\t<\/div>\n\t\t<div class=\"col-md-10 my-auto text-center w-100\">\n\t\t\t<b>Sla\u0111ana Aleksi\u0107<\/b><br>\n\t\t\t<small>\n\t\t\t\tbiol\u00f3gus, muzeol\u00f3gus\t\t\t<\/small>\n\t\t<\/div>\n\t<\/div>\n<\/div>\n\n\n\n\n<p><\/p>\n\n\n\n<p class=\"has-text-align-center\"><strong>K\u00e9pz\u0151m\u0171v\u00e9szeti Oszt\u00e1ly<\/strong><\/p>\n\n\n<div class=\"card mt-1 bg-light\">\n\t<div class=\"row\">\n\t\t<div class=\"col-md-2 block-person\">\n\t\t\t\t\t\t\t\t\t\t<img decoding=\"async\" src=\"\" class=\"img-thumbnail\" alt=\"...\">\n\t\t\t\t\t<\/div>\n\t\t<div class=\"col-md-10 my-auto text-center w-100\">\n\t\t\t<b>Dr. Ninkov K. Olga<\/b><br>\n\t\t\t<small>\n\t\t\t\tm\u0171v\u00e9szett\u00f6rt\u00e9n\u00e9sz, m\u00fazeumi tan\u00e1csos\t\t\t<\/small>\n\t\t<\/div>\n\t<\/div>\n<\/div>\n\n\n\n<div class=\"card mt-1 bg-light\">\n\t<div class=\"row\">\n\t\t<div class=\"col-md-2 block-person\">\n\t\t\t\t\t\t\t\t\t\t<img decoding=\"async\" src=\"\" class=\"img-thumbnail\" alt=\"...\">\n\t\t\t\t\t<\/div>\n\t\t<div class=\"col-md-10 my-auto text-center w-100\">\n\t\t\t<b>Ljubica Vukovi\u0107 Duli\u0107<\/b><br>\n\t\t\t<small>\n\t\t\t\tm\u0171v\u00e9szett\u00f6rt\u00e9n\u00e9sz, m\u00fazeumi tan\u00e1csos\t\t\t<\/small>\n\t\t<\/div>\n\t<\/div>\n<\/div>\n\n\n\n\n<p><\/p>\n\n\n\n<p class=\"has-text-align-center\"><strong>K\u00f6nyvt\u00e1r<\/strong><\/p>\n\n\n<div class=\"card mt-1 bg-light\">\n\t<div class=\"row\">\n\t\t<div class=\"col-md-2 block-person\">\n\t\t\t\t\t\t\t\t\t\t<img decoding=\"async\" src=\"\" class=\"img-thumbnail\" alt=\"...\">\n\t\t\t\t\t<\/div>\n\t\t<div class=\"col-md-10 my-auto text-center w-100\">\n\t\t\t<b>Papdi Izabella<\/b><br>\n\t\t\t<small>\n\t\t\t\tf\u0151k\u00f6nyvt\u00e1ros\t\t\t<\/small>\n\t\t<\/div>\n\t<\/div>\n<\/div>\n\n\n\n\n<p><\/p>\n\n\n\n<p class=\"has-text-align-center\"><strong>M\u00fazeumpedag\u00f3giai Oszt\u00e1ly<\/strong><\/p>\n\n\n<div class=\"card mt-1 bg-light\">\n\t<div class=\"row\">\n\t\t<div class=\"col-md-2 block-person\">\n\t\t\t\t\t\t\t\t\t\t<img decoding=\"async\" src=\"\" class=\"img-thumbnail\" alt=\"...\">\n\t\t\t\t\t<\/div>\n\t\t<div class=\"col-md-10 my-auto text-center w-100\">\n\t\t\t<b><\/b><br>\n\t\t\t<small>\n\t\t\t\t\t\t\t<\/small>\n\t\t<\/div>\n\t<\/div>\n<\/div>\n\n\n\n\n<p><\/p>\n\n\n\n<p class=\"has-text-align-center\"><strong>Restaur\u00e1tor \u00e9s f\u00e9nyk\u00e9p\u00e9sz m\u0171terem<\/strong><\/p>\n\n\n<div class=\"card mt-1 bg-light\">\n\t<div class=\"row\">\n\t\t<div class=\"col-md-2 block-person\">\n\t\t\t\t\t\t\t\t\t\t<img decoding=\"async\" src=\"\" class=\"img-thumbnail\" alt=\"...\">\n\t\t\t\t\t<\/div>\n\t\t<div class=\"col-md-10 my-auto text-center w-100\">\n\t\t\t<b>Dr. Korhecz Papp Zsuzsanna<\/b><br>\n\t\t\t<small>\n\t\t\t\tfest\u0151-restaur\u00e1tor m\u0171v\u00e9sz, m\u00fazeumi tan\u00e1csos\t\t\t<\/small>\n\t\t<\/div>\n\t<\/div>\n<\/div>\n\n\n\n<div class=\"card mt-1 bg-light\">\n\t<div class=\"row\">\n\t\t<div class=\"col-md-2 block-person\">\n\t\t\t\t\t\t\t\t\t\t<img decoding=\"async\" src=\"\" class=\"img-thumbnail\" alt=\"...\">\n\t\t\t\t\t<\/div>\n\t\t<div class=\"col-md-10 my-auto text-center w-100\">\n\t\t\t<b>Kolovi\u0107 Svetlana<\/b><br>\n\t\t\t<small>\n\t\t\t\tf\u00e9nyk\u00e9p\u00e9sz\t\t\t<\/small>\n\t\t<\/div>\n\t<\/div>\n<\/div>\n\n\n\n\n<p><\/p>\n\n\n\n<p class=\"has-text-align-center\"><strong>Digitaliz\u00e1ci\u00f3s Oszt\u00e1ly<\/strong><\/p>\n\n\n<div class=\"card mt-1 bg-light\">\n\t<div class=\"row\">\n\t\t<div class=\"col-md-2 block-person\">\n\t\t\t\t\t\t\t\t\t\t<img decoding=\"async\" src=\"\" class=\"img-thumbnail\" alt=\"...\">\n\t\t\t\t\t<\/div>\n\t\t<div class=\"col-md-10 my-auto text-center w-100\">\n\t\t\t<b>Lality Csaba<\/b><br>\n\t\t\t<small>\n\t\t\t\tdigitaliz\u00e1ci\u00f3s munkat\u00e1rs\t\t\t<\/small>\n\t\t<\/div>\n\t<\/div>\n<\/div>\n\n<\/div>\n\n\n\n<div class=\"wp-block-column is-layout-flow wp-block-column-is-layout-flow\">\n<p><\/p>\n\n\n\n<p class=\"has-text-align-center\"><strong>K\u00f6z\u00f6ns\u00e9gszolg\u00e1lat<\/strong><\/p>\n\n\n\n<hr class=\"wp-block-separator has-css-opacity\"\/>\n\n\n<div class=\"card mt-1 bg-light\">\n\t<div class=\"row\">\n\t\t<div class=\"col-md-2 block-person\">\n\t\t\t\t\t\t\t\t\t\t<img decoding=\"async\" src=\"\" class=\"img-thumbnail\" alt=\"...\">\n\t\t\t\t\t<\/div>\n\t\t<div class=\"col-md-10 my-auto text-center w-100\">\n\t\t\t<b>Sonja Korponai\u0107<\/b><br>\n\t\t\t<small>\n\t\t\t\tt\u00e1rlatvezet\u0151\t\t\t<\/small>\n\t\t<\/div>\n\t<\/div>\n<\/div>\n\n\n\n<div class=\"card mt-1 bg-light\">\n\t<div class=\"row\">\n\t\t<div class=\"col-md-2 block-person\">\n\t\t\t\t\t\t\t\t\t\t<img decoding=\"async\" src=\"\" class=\"img-thumbnail\" alt=\"...\">\n\t\t\t\t\t<\/div>\n\t\t<div class=\"col-md-10 my-auto text-center w-100\">\n\t\t\t<b>Mirjana Rodi\u0107<\/b><br>\n\t\t\t<small>\n\t\t\t\tt\u00e1rlatvezet\u0151\t\t\t<\/small>\n\t\t<\/div>\n\t<\/div>\n<\/div>\n\n\n\n<div class=\"card mt-1 bg-light\">\n\t<div class=\"row\">\n\t\t<div class=\"col-md-2 block-person\">\n\t\t\t\t\t\t\t\t\t\t<img decoding=\"async\" src=\"\" class=\"img-thumbnail\" alt=\"...\">\n\t\t\t\t\t<\/div>\n\t\t<div class=\"col-md-10 my-auto text-center w-100\">\n\t\t\t<b>Ilijana Ivkovi\u0107 <\/b><br>\n\t\t\t<small>\n\t\t\t\tt\u00e1rlatvezet\u0151\t\t\t<\/small>\n\t\t<\/div>\n\t<\/div>\n<\/div>\n\n\n\n\n<p><\/p>\n\n\n\n<p class=\"has-text-align-center\"><strong>Technikai \u00e9s biztons\u00e1gi szolg\u00e1lat<\/strong><\/p>\n\n\n\n<hr class=\"wp-block-separator has-css-opacity\"\/>\n\n\n<div class=\"card mt-1 bg-light\">\n\t<div class=\"row\">\n\t\t<div class=\"col-md-2 block-person\">\n\t\t\t\t\t\t\t\t\t\t<img decoding=\"async\" src=\"\" class=\"img-thumbnail\" alt=\"...\">\n\t\t\t\t\t<\/div>\n\t\t<div class=\"col-md-10 my-auto text-center w-100\">\n\t\t\t<b>Horv\u00e1th Eleon\u00f3ra<\/b><br>\n\t\t\t<small>\n\t\t\t\ttakar\u00edt\u00f3n\u0151\t\t\t<\/small>\n\t\t<\/div>\n\t<\/div>\n<\/div>\n\n\n\n<div class=\"card mt-1 bg-light\">\n\t<div class=\"row\">\n\t\t<div class=\"col-md-2 block-person\">\n\t\t\t\t\t\t\t\t\t\t<img decoding=\"async\" src=\"\" class=\"img-thumbnail\" alt=\"...\">\n\t\t\t\t\t<\/div>\n\t\t<div class=\"col-md-10 my-auto text-center w-100\">\n\t\t\t<b>Baj\u00e1ri Eszter<\/b><br>\n\t\t\t<small>\n\t\t\t\ttakar\u00edt\u00f3n\u0151\t\t\t<\/small>\n\t\t<\/div>\n\t<\/div>\n<\/div>\n\n\n\n<div class=\"card mt-1 bg-light\">\n\t<div class=\"row\">\n\t\t<div class=\"col-md-2 block-person\">\n\t\t\t\t\t\t\t\t\t\t<img decoding=\"async\" src=\"\" class=\"img-thumbnail\" alt=\"...\">\n\t\t\t\t\t<\/div>\n\t\t<div class=\"col-md-10 my-auto text-center w-100\">\n\t\t\t<b>Kov\u00e1cs R\u00f3bert<\/b><br>\n\t\t\t<small>\n\t\t\t\t\u0151r\t\t\t<\/small>\n\t\t<\/div>\n\t<\/div>\n<\/div>\n\n\n\n<div class=\"card mt-1 bg-light\">\n\t<div class=\"row\">\n\t\t<div class=\"col-md-2 block-person\">\n\t\t\t\t\t\t\t\t\t\t<img decoding=\"async\" src=\"\" class=\"img-thumbnail\" alt=\"...\">\n\t\t\t\t\t<\/div>\n\t\t<div class=\"col-md-10 my-auto text-center w-100\">\n\t\t\t<b>Horv\u00e1th Ferenc<\/b><br>\n\t\t\t<small>\n\t\t\t\t\u0151r\t\t\t<\/small>\n\t\t<\/div>\n\t<\/div>\n<\/div>\n\n\n\n<div class=\"card mt-1 bg-light\">\n\t<div class=\"row\">\n\t\t<div class=\"col-md-2 block-person\">\n\t\t\t\t\t\t\t\t\t\t<img decoding=\"async\" src=\"\" class=\"img-thumbnail\" alt=\"...\">\n\t\t\t\t\t<\/div>\n\t\t<div class=\"col-md-10 my-auto text-center w-100\">\n\t\t\t<b>Aleksandar Cvijin<\/b><br>\n\t\t\t<small>\n\t\t\t\tkarbantart\u00f3\t\t\t<\/small>\n\t\t<\/div>\n\t<\/div>\n<\/div>\n\n\n\n<div class=\"card mt-1 bg-light\">\n\t<div class=\"row\">\n\t\t<div class=\"col-md-2 block-person\">\n\t\t\t\t\t\t\t\t\t\t<img decoding=\"async\" src=\"\" class=\"img-thumbnail\" alt=\"...\">\n\t\t\t\t\t<\/div>\n\t\t<div class=\"col-md-10 my-auto text-center w-100\">\n\t\t\t<b>Rohacsek Attila<\/b><br>\n\t\t\t<small>\n\t\t\t\tkarbantart\u00f3\t\t\t<\/small>\n\t\t<\/div>\n\t<\/div>\n<\/div>\n\n<\/div>\n<\/div>\n","protected":false},"excerpt":{"rendered":"<p>Igazgat\u00f3s\u00e1g \u00e9s titk\u00e1rs\u00e1g Oszt\u00e1lyok R\u00e9g\u00e9szeti Oszt\u00e1ly N\u00e9prajzi Oszt\u00e1ly T\u00f6rt\u00e9nelmi oszt\u00e1ly Term\u00e9szettudom\u00e1nyi Oszt\u00e1ly K\u00e9pz\u0151m\u0171v\u00e9szeti Oszt\u00e1ly K\u00f6nyvt\u00e1r M\u00fazeumpedag\u00f3giai Oszt\u00e1ly Restaur\u00e1tor \u00e9s f\u00e9nyk\u00e9p\u00e9sz m\u0171terem Digitaliz\u00e1ci\u00f3s Oszt\u00e1ly K\u00f6z\u00f6ns\u00e9gszolg\u00e1lat Technikai \u00e9s biztons\u00e1gi szolg\u00e1lat<\/p>\n","protected":false},"author":2,"featured_media":2303,"parent":1039,"menu_order":0,"comment_status":"closed","ping_status":"closed","template":"","meta":{"footnotes":""},"_links":{"self":[{"href":"https:\/\/gradskimuzej.subotica.rs\/index.php?rest_route=\/wp\/v2\/pages\/914"}],"collection":[{"href":"https:\/\/gradskimuzej.subotica.rs\/index.php?rest_route=\/wp\/v2\/pages"}],"about":[{"href":"https:\/\/gradskimuzej.subotica.rs\/index.php?rest_route=\/wp\/v2\/types\/page"}],"author":[{"embeddable":true,"href":"https:\/\/gradskimuzej.subotica.rs\/index.php?rest_route=\/wp\/v2\/users\/2"}],"replies":[{"embeddable":true,"href":"https:\/\/gradskimuzej.subotica.rs\/index.php?rest_route=%2Fwp%2Fv2%2Fcomments&post=914"}],"version-history":[{"count":74,"href":"https:\/\/gradskimuzej.subotica.rs\/index.php?rest_route=\/wp\/v2\/pages\/914\/revisions"}],"predecessor-version":[{"id":8302,"href":"https:\/\/gradskimuzej.subotica.rs\/index.php?rest_route=\/wp\/v2\/pages\/914\/revisions\/8302"}],"up":[{"embeddable":true,"href":"https:\/\/gradskimuzej.subotica.rs\/index.php?rest_route=\/wp\/v2\/pages\/1039"}],"wp:featuredmedia":[{"embeddable":true,"href":"https:\/\/gradskimuzej.subotica.rs\/index.php?rest_route=\/wp\/v2\/media\/2303"}],"wp:attachment":[{"href":"https:\/\/gradskimuzej.subotica.rs\/index.php?rest_route=%2Fwp%2Fv2%2Fmedia&parent=914"}],"curies":[{"name":"wp","href":"https:\/\/api.w.org\/{rel}","templated":true}]}}