{"id":7484,"date":"2024-07-30T12:24:31","date_gmt":"2024-07-30T10:24:31","guid":{"rendered":"https:\/\/gradskimuzej.subotica.rs\/?page_id=7484"},"modified":"2024-11-14T08:03:20","modified_gmt":"2024-11-14T07:03:20","slug":"politika-privatnosti","status":"publish","type":"page","link":"https:\/\/gradskimuzej.subotica.rs\/?page_id=7484&lang=sr","title":{"rendered":"Politika privatnosti"},"content":{"rendered":"\n<h2 class=\"wp-block-heading\">Politika privatnosti<\/h2>\n\n\n\n<p>Verzija 1.0, 30.07.2024.<\/p>\n\n\n\n<p><strong>Uvod<\/strong> <br>Dobrodo\u0161li u kviz aplikaciju\u00a0<strong>Klju\u010d u ruke<\/strong>, koju je osmislio\u00a0<strong>Gradski muzej Subotica<\/strong>\u00a0kao podr\u0161ku\u00a0<strong>Etnolo\u0161ke stalne postavke<\/strong>\u00a0pod nazivom\u00a0<strong>Putovanje kroz vreme<\/strong>. Aplikacija je besplatna i slobodna za preuzimanje i kori\u0161\u0107enje. Posve\u0107eni smo za\u0161titi va\u0161e privatnosti. Ova Politika privatnosti obja\u0161njava kako postupamo sa va\u0161im informacijama kada koristite na\u0161u aplikaciju.<\/p>\n\n\n\n<p><strong>Prikupljanje i kori\u0161\u0107enje informacija<\/strong><br>Ne prikupljamo, ne \u010duvamo niti delimo bilo kakve li\u010dne podatke na\u0161ih korisnika. Na\u0161a aplikacija ne koristi nikakve usluge tre\u0107ih strana koje bi mogle prikupljati informacije koje bi vas mogle identifikovati.<\/p>\n\n\n\n<p><strong>Kola\u010di\u0107i<\/strong><br>Na\u0161a aplikacija ne koristi kola\u010di\u0107e za prikupljanje ili \u010duvanje bilo kakvih informacija.<\/p>\n\n\n\n<p><strong>Analitika<\/strong><br>Na\u0161a aplikacija ne koristi nikakve analiti\u010dke alate ili usluge za pra\u0107enje ili prikupljanje podataka o kori\u0161\u0107enju aplikacije.<\/p>\n\n\n\n<p><strong>Izmene ove Politike privatnosti<\/strong><br>Mo\u017eemo povremeno a\u017eurirati na\u0161u Politiku privatnosti. Stoga vam savetujemo da periodi\u010dno pregledate ovu stranicu radi bilo kakvih promena. Obavesti\u0107emo vas o svim promenama postavljanjem nove Politike privatnosti na ovu stranicu. Ova politika privatnosti je na snazi od 30.07.2024.<\/p>\n\n\n\n<p><strong>Kontaktirajte nas<\/strong><br>Ako imate bilo kakva pitanja ili sugestije u vezi sa na\u0161om Politikom privatnosti, ne oklevajte da nas kontaktirate na\u00a0<a href=\"mailto:muzejsubotica@mts.rs\" target=\"_blank\" rel=\"noreferrer noopener\">muzejsubotica@mts.rs<\/a>.<\/p>\n\n\n\n<p><strong>Gradski muzej Subotica<br><\/strong>Trg Sinagoge br.3<br>24000 Subotica<br>e- mail:&nbsp;<a href=\"mailto:muzejsubotica@mts.rs\" target=\"_blank\" rel=\"noreferrer noopener\">muzejsubotica@mts.rs<\/a><br><a href=\"http:\/\/www.gradskimuzej.subotica.rs\/\" target=\"_blank\" rel=\"noreferrer noopener\">www.gradskimuzej.subotica.rs<\/a><\/p>\n\n\n\n<p>\u00a9 Gradski muzej Subotica, 2024, sva prava zadr\u017eana na sadr\u017eaj aplikacije<\/p>\n\n\n\n<p>Aplikaciju je izradio icbtech d.o.o. iz Subotice.<br><strong>icbtech d.o.o.<br><\/strong>Somborski put 33a<br>24000 Subotica<br>e-mail:\u00a0<a href=\"mailto:office@icbtech.rs\" target=\"_blank\" rel=\"noreferrer noopener\">office@icbtech.rs<\/a><br><a href=\"http:\/\/www.icbtech.io\/\" target=\"_blank\" rel=\"noreferrer noopener\">www.icbtech.rs<\/a><\/p>\n\n\n\n<p>\u00a9 icbtech d.o.o. 2024<\/p>\n","protected":false},"excerpt":{"rendered":"<p>Politika privatnosti Verzija 1.0, 30.07.2024. Uvod Dobrodo\u0161li u kviz aplikaciju\u00a0Klju\u010d u ruke, koju je osmislio\u00a0Gradski muzej Subotica\u00a0kao podr\u0161ku\u00a0Etnolo\u0161ke stalne postavke\u00a0pod nazivom\u00a0Putovanje kroz vreme. Aplikacija je besplatna i slobodna za preuzimanje i kori\u0161\u0107enje. Posve\u0107eni smo za\u0161titi va\u0161e privatnosti. Ova Politika privatnosti obja\u0161njava kako postupamo sa va\u0161im informacijama kada koristite na\u0161u aplikaciju. Prikupljanje i kori\u0161\u0107enje informacijaNe prikupljamo, [&hellip;]<\/p>\n","protected":false},"author":2,"featured_media":0,"parent":1509,"menu_order":0,"comment_status":"closed","ping_status":"closed","template":"","meta":{"footnotes":""},"_links":{"self":[{"href":"https:\/\/gradskimuzej.subotica.rs\/index.php?rest_route=\/wp\/v2\/pages\/7484"}],"collection":[{"href":"https:\/\/gradskimuzej.subotica.rs\/index.php?rest_route=\/wp\/v2\/pages"}],"about":[{"href":"https:\/\/gradskimuzej.subotica.rs\/index.php?rest_route=\/wp\/v2\/types\/page"}],"author":[{"embeddable":true,"href":"https:\/\/gradskimuzej.subotica.rs\/index.php?rest_route=\/wp\/v2\/users\/2"}],"replies":[{"embeddable":true,"href":"https:\/\/gradskimuzej.subotica.rs\/index.php?rest_route=%2Fwp%2Fv2%2Fcomments&post=7484"}],"version-history":[{"count":3,"href":"https:\/\/gradskimuzej.subotica.rs\/index.php?rest_route=\/wp\/v2\/pages\/7484\/revisions"}],"predecessor-version":[{"id":7650,"href":"https:\/\/gradskimuzej.subotica.rs\/index.php?rest_route=\/wp\/v2\/pages\/7484\/revisions\/7650"}],"up":[{"embeddable":true,"href":"https:\/\/gradskimuzej.subotica.rs\/index.php?rest_route=\/wp\/v2\/pages\/1509"}],"wp:attachment":[{"href":"https:\/\/gradskimuzej.subotica.rs\/index.php?rest_route=%2Fwp%2Fv2%2Fmedia&parent=7484"}],"curies":[{"name":"wp","href":"https:\/\/api.w.org\/{rel}","templated":true}]}}