{"id":1697,"date":"2019-04-23T22:39:32","date_gmt":"2019-04-23T20:39:32","guid":{"rendered":"https:\/\/gradskimuzej.subotica.rs\/?page_id=1697"},"modified":"2019-04-23T22:42:31","modified_gmt":"2019-04-23T20:42:31","slug":"a-muzeum-epulete","status":"publish","type":"page","link":"https:\/\/gradskimuzej.subotica.rs\/?page_id=1697&lang=en","title":{"rendered":"The Building"},"content":{"rendered":"\n<div class=\"wp-block-image\"><figure class=\"alignright is-resized\"><img loading=\"lazy\" decoding=\"async\" src=\"https:\/\/gradskimuzej.subotica.rs\/wp-content\/uploads\/2019\/03\/1-1.jpg\" alt=\"\"  class=\"wp-image-1861\" width=\"600\" height=\"400\" srcset=\"https:\/\/gradskimuzej.subotica.rs\/wp-content\/uploads\/2019\/03\/1-1.jpg 800w, https:\/\/gradskimuzej.subotica.rs\/wp-content\/uploads\/2019\/03\/1-1-400x267.jpg 400w, https:\/\/gradskimuzej.subotica.rs\/wp-content\/uploads\/2019\/03\/1-1-750x500.jpg 750w, https:\/\/gradskimuzej.subotica.rs\/wp-content\/uploads\/2019\/03\/1-1-768x512.jpg 768w\" sizes=\"(max-width: 600px) 100vw, 600px\" \/><\/figure><\/div>\n\n\n\n<p>In 2008, according to the decision of the Representative Body of the Municipality of Subotica that founded the Museum, the building of the once prestigious Minerva Press became the new residence of the Municipal Museum of Subotica. After the family palace of architect Ferenc Raichle (1948\u20131968) and the Town Hall, this is the third home of the institution. 101 years after the construction of this Secession building the Museum is its sixth resident. When renovation began, we paid tribute to former residents with a minor exhibition (Hazat\u00e9r\u00e9s \u2013 Homecoming) and a publication that appeared in September 2007. We are proud to say that they contributed significantly to the spiritual, intellectual and creative development of the town\u2019s life, and the aim of the present management of the Museum is to follow this tradition.<\/p>\n\n\n\n<p>The building was commissioned by paediatrician Miksa D\u00f6m\u00f6t\u00f6r (1868\u20131944), who graduated in Medicine in Budapest in 1894, and started working in Subotica that same year. Besides working at his own surgery, he was also the physician of an insurance firm. He was the first in town to apply a serum as cure for diphtheria, and he also worked a lot on curing trachoma and did X-ray diagnoses. In 1895 he translated and published the book of Emil Adolf von Behring, a professor of Halle University, called The New Anti-Diphtheria Cure. The following year he published his own book under the title On Serums, which was published by the Fischer and Krauss Press in Subotica. In 1904, at the assembly of the Hungarian Science Academy in Budapest, he had a presentation on the operative cure of trachoma. Beside his primary occupation, he also took an active part in the town\u2019s business life. He was Vice-Director of the Favorit Szikv\u00edzgy\u00e1r, a seltzer water factory, between 1906 and 1916; he was member of the management team at the K\u0151farag\u00f3 \u00e9s M\u00e1rv\u00e1nyipar Rt., a stonework and marble company for a few years, and took part in the founding of the Keresked\u0151k \u00e9s Iparosok \u00d6nseg\u00e9lyez\u0151 Sz\u00f6vetkezete, a self-support co-op in 1909. His versatility and wide range of interest is also proven by the fact that he published the first (and probably last) issue of D\u00e9lmagyarorsz\u00e1gi M\u00e9h\u00e9szeti Lapok a beekeeping magazine, on 1 July 1906, where we can read his name as chief editor. His marriage to Jol\u00e1n (1876\u2013?), the daughter of the physician J\u00f3zsef Klein, in autumn 1899 brought stability to his life. Jol\u00e1n\u2019s dowry was a three room house at 63 Pet\u0151fi Street. They lived there until 1906, when the one-storey Secession apartment house designed by V\u00e1g\u00f3 J\u00f3zsef (1877\u20131947) and L\u00e1szl\u00f3 ( \u2013 ) from Budapest was finished.<\/p>\n\n\n\n<div class=\"wp-block-image\"><figure class=\"alignleft is-resized\"><img loading=\"lazy\" decoding=\"async\" src=\"https:\/\/gradskimuzej.subotica.rs\/wp-content\/uploads\/2019\/03\/2-1024x683.jpg\" alt=\"\"  class=\"wp-image-1862\" width=\"512\" height=\"342\" srcset=\"https:\/\/gradskimuzej.subotica.rs\/wp-content\/uploads\/2019\/03\/2.jpg 1024w, https:\/\/gradskimuzej.subotica.rs\/wp-content\/uploads\/2019\/03\/2-400x267.jpg 400w, https:\/\/gradskimuzej.subotica.rs\/wp-content\/uploads\/2019\/03\/2-750x500.jpg 750w, https:\/\/gradskimuzej.subotica.rs\/wp-content\/uploads\/2019\/03\/2-768x512.jpg 768w\" sizes=\"(max-width: 512px) 100vw, 512px\" \/><\/figure><\/div>\n\n\n\n<p>On the ground floor of the building designed by the V\u00e1g\u00f3 brothers, to the right of the entrance there were two shops, and behind them a press, which reflects D\u00f6m\u00f6t\u00f6r\u2019s business interest at the time. The owner\u2019s five-room flat and his surgery were located to the left of the entrance, and upstairs there were two similar apartments to let. All of these had modern interiors: the common rooms were in the central part of the flat, but each family member had also a separate room where others did not disturb. The rooms were arranged in a semi-circle, and opened to the central hall. The windows of the bedroom, the salon, the dining room and the man\u2019s room faced the street, along the wall of the next door house was the toilet, and facing the garden were the two children\u2019s rooms and the hall. The kitchen and the servants\u2019 rooms were in the yard-side wing of the house.<\/p>\n\n\n\n<div class=\"wp-block-image\"><figure class=\"alignright is-resized\"><img loading=\"lazy\" decoding=\"async\" src=\"https:\/\/gradskimuzej.subotica.rs\/wp-content\/uploads\/2019\/03\/3-1-683x1024.jpg\" alt=\"\"  class=\"wp-image-1863\" width=\"342\" height=\"512\" srcset=\"https:\/\/gradskimuzej.subotica.rs\/wp-content\/uploads\/2019\/03\/3-1.jpg 683w, https:\/\/gradskimuzej.subotica.rs\/wp-content\/uploads\/2019\/03\/3-1-200x300.jpg 200w, https:\/\/gradskimuzej.subotica.rs\/wp-content\/uploads\/2019\/03\/3-1-333x500.jpg 333w\" sizes=\"(max-width: 342px) 100vw, 342px\" \/><\/figure><\/div>\n\n\n\n<p>This arrangement made it possible for people to move around the flat undisturbed. Visitors would enter the salon directly from the hall; the bedroom was accessible through the bathroom, while the children\u2019s rooms were completely separate. Even though the rooms adjoined each other, they also had their own entrance from the hall.<br><\/p>\n\n\n\n<p>When designing Dr. D\u00f6m\u00f6t\u00f6r\u2019s house, the V\u00e1g\u00f3 brothers were inspired by the Secession architecture of Darmstadt and Vienna. The bird that appears as a decorative detail on each of the V\u00e1g\u00f3 brothers\u2019 buildings can also be found on this house. It is most pronounced on the wrought-iron balcony rails, on which we can see two birds facing each other. Further decorations of the facade include motifs resembling a heart and a feather. The house of Miksa D\u00f6m\u00f6t\u00f6r is an exceptional mixture of functional and artistic architecture design.<br><\/p>\n\n\n\n<div class=\"wp-block-image\"><figure class=\"alignleft is-resized\"><img loading=\"lazy\" decoding=\"async\" src=\"https:\/\/gradskimuzej.subotica.rs\/wp-content\/uploads\/2019\/03\/4-683x1024.jpg\" alt=\"\"  class=\"wp-image-1864\" width=\"342\" height=\"512\" srcset=\"https:\/\/gradskimuzej.subotica.rs\/wp-content\/uploads\/2019\/03\/4.jpg 683w, https:\/\/gradskimuzej.subotica.rs\/wp-content\/uploads\/2019\/03\/4-200x300.jpg 200w, https:\/\/gradskimuzej.subotica.rs\/wp-content\/uploads\/2019\/03\/4-333x500.jpg 333w\" sizes=\"(max-width: 342px) 100vw, 342px\" \/><\/figure><\/div>\n\n\n\n<p>Dr. D\u00f6m\u00f6t\u00f6r\u2019s activities in Subotica came to an end when he applied and received the position of physician in Kanji\u017ea. Originally Dr. Kuthy, a local doctor aspired to get this post, and just for order\u2019s sake he asked his medical colleagues Dr. D\u00f6m\u00f6t\u00f6r and Gyula Roxer to run for the position. However, D\u00f6m\u00f6t\u00f6r took the application very seriously, and to Dr. Kuthy\u2019s biggest surprise, he secured this post to himself. Thus in 1914 Dr. D\u00f6m\u00f6t\u00f6r left Subotica, by which time he was no longer the owner of the house.<br><\/p>\n\n\n\n<p>It is still a mystery why Dr. D\u00f6m\u00f6t\u00f6r sold the house only a year upon its completion. The land register from the mid-1910s lists the Szabadkai Kereskedelmi \u00e9s Hitelint\u00e9zet mint Sz\u00f6vetkezet, a trading and loan association, as the owner of the building. Later, in February 1923, according to the bill of sale, this house became the property of Trgova\u010dko-prometno d.d. za Vojvodinu, a trade corporation from Vojvodina, for 375,000 dinars.<br><\/p>\n\n\n\n<div class=\"wp-block-image\"><figure class=\"alignright is-resized\"><img loading=\"lazy\" decoding=\"async\" src=\"https:\/\/gradskimuzej.subotica.rs\/wp-content\/uploads\/2019\/03\/5-683x1024.jpg\" alt=\"\"  class=\"wp-image-1865\" width=\"342\" height=\"512\" srcset=\"https:\/\/gradskimuzej.subotica.rs\/wp-content\/uploads\/2019\/03\/5.jpg 683w, https:\/\/gradskimuzej.subotica.rs\/wp-content\/uploads\/2019\/03\/5-200x300.jpg 200w, https:\/\/gradskimuzej.subotica.rs\/wp-content\/uploads\/2019\/03\/5-333x500.jpg 333w\" sizes=\"(max-width: 342px) 100vw, 342px\" \/><\/figure><\/div>\n\n\n\n<p>Even though the Minerva Press and the B\u00e1csmegyei Napl\u00f3, which was probably the most significant paper of Subotica, started up separately, their history interwove in the person of Ferenc Fenyves. This great figure of journalism in Subotica was born in 1885 in Nagyszentmikl\u00f3s. In 1894 he moved to Subotica with his family. At the age of fourteen, Fenyves was editing the El\u0151re school magazine in the Grammar School in Subotica, gaining there his first journalistic experience; Dezs\u0151 Kosztol\u00e1nyi, Art\u00far Munk, Istv\u00e1n Szab\u00f3 Batancs and G\u00e9za Cs\u00e1th also wrote for this paper. From 1903 he studied law in the Hungarian capital, but even there he could not live without journalism (Budapesti Napl\u00f3).<br><\/p>\n\n\n\n<p>The political paper B\u00e1csmegyei Napl\u00f3 was issued in Subotica from 1903. The first years passed with orientation, as journalists and editors often alternated because the owners were politicians and entrepreneurs. This was probably why in the beginning of 1907 the newspaper was closed down. After more than a year\u2019s pause, Ern\u0151 Fischer, the owner of the paper at the time, wrote a letter to Mayor K\u00e1roly B\u00edr\u00f3 on behalf of the Hung\u00e1ria Press, informing him that from 22 June 1908 the Executive Editor of B\u00e1csmegyei Napl\u00f3 would be Ferenc Fenyves.<br><\/p>\n\n\n\n<div class=\"wp-block-image\"><figure class=\"alignleft is-resized\"><img loading=\"lazy\" decoding=\"async\" src=\"https:\/\/gradskimuzej.subotica.rs\/wp-content\/uploads\/2019\/03\/6-683x1024.jpg\" alt=\"\"  class=\"wp-image-1866\" width=\"342\" height=\"512\" srcset=\"https:\/\/gradskimuzej.subotica.rs\/wp-content\/uploads\/2019\/03\/6.jpg 683w, https:\/\/gradskimuzej.subotica.rs\/wp-content\/uploads\/2019\/03\/6-200x300.jpg 200w, https:\/\/gradskimuzej.subotica.rs\/wp-content\/uploads\/2019\/03\/6-333x500.jpg 333w\" sizes=\"(max-width: 342px) 100vw, 342px\" \/><\/figure><\/div>\n\n\n\n<p>Although there was no uniformed political view within the editorial office, we can nonetheless say that the paper was democratically oriented and advocated social justice and tolerance. Beside daily topics and news (crime and judicial), literary supplements and Christmas extra editions were also published. When the First World War broke out, the paper employed special reporters, and from May 1915 two numbers were issued per day (at 6 a.m. and 5 p.m.).<br><\/p>\n\n\n\n<p>After the First World War, during the Kingdom of Yugoslavia, the activities of the paper threatened to cease on a number of occasions; moreover, due to strict censorship, most of the pages of the B\u00e1csmegyei Napl\u00f3 were printed blank. None of this could discourage Ferenc Fenyves, who managed to increase circulation numbers from the initial 1,500\u20132,000 to 18,000 between the two World Wars, which made him the editor of the most successful Yugoslavian paper in Hungarian language.<br><\/p>\n\n\n\n<p>Apart from raising the professional standard of the paper, Fenyves also took an active role in its financial management. From 1910 he was the sole owner, and from the middle of 1913 his elder brother Lajos Fenyves became his partner. At the end of September 1914, he established the Fenyves and Co. press with Alad\u00e1r Hirt, and in June 1915 the paper and the press were joined within a Public Limited Company called Minerva Press and Publisher, with a start-up capital of 35,000 crowns.<br><\/p>\n\n\n\n<p>On 1 June 1925 the 1 million dinar bill of sale was signed transferring the ownership rights of Miksa D\u00f6m\u00f6t\u00f6r\u2019s former house from Trgova\u010dko-prometno d.d. za Vojvodinu to Minerva Press and Publisher Ltd. The house at 3 Jovan Zmaj Square became the head office of the company and the residence of the families of the Fenyves brothers. This is where Ferenc Fenyves lived with his wife Erzs\u00e9bet (born Baruch) and his children, and Lajos Fenyves with his wife Kl\u00e1ra (born Ger\u00e9b), an academic graphic artist, and their children. With a 800,000 dinar bill of sale, in November 1932 the house became the property of Erzs\u00e9bet Fenyves.<br><\/p>\n\n\n\n<p>From 1929, by the order of the current government, the newspaper\u2019s name was shortened to Napl\u00f3 and was edited by Ferenc Fenyves until 18 October 1935. Even after his death his name was left in the headers until 17 April 1941, the appearance of the last issue. The new local government had ruled the further publishing of the paper unnecessary.<br><\/p>\n\n\n\n<p>This was the beginning of the Second World War, which was the darkest period for the residents of this house. In spring 1944 they were relocated to the Subotica ghetto, and on 21 April 1944 a note was added in the land register saying the owner of the house is a Jewish woman. This must have been the verdict against them. Neither Erzs\u00e9bet Fenyves, nor Kl\u00e1ra Ger\u00e9b survived Auschwitz, and contemporaries say that Lajos Fenyves died in Subotica shortly after returning from the lager. To make matters worse the communist government nationalized the house on 18 June 1946 making the Fenyves children homeless. On the very same day a warrant was issued making the Minerva Press owner of the house, which remained so for several decades, until recent times.<br><\/p>\n\n\n\n<p>Mirko Grlica<\/p>\n","protected":false},"excerpt":{"rendered":"<p>In 2008, according to the decision of the Representative Body of the Municipality of Subotica that founded the Museum, the building of the once prestigious Minerva Press became the new residence of the Municipal Museum of Subotica. After the family palace of architect Ferenc Raichle (1948\u20131968) and the Town Hall, this is the third home [&hellip;]<\/p>\n","protected":false},"author":2,"featured_media":1867,"parent":1536,"menu_order":2,"comment_status":"closed","ping_status":"closed","template":"","meta":{"footnotes":""},"_links":{"self":[{"href":"https:\/\/gradskimuzej.subotica.rs\/index.php?rest_route=\/wp\/v2\/pages\/1697"}],"collection":[{"href":"https:\/\/gradskimuzej.subotica.rs\/index.php?rest_route=\/wp\/v2\/pages"}],"about":[{"href":"https:\/\/gradskimuzej.subotica.rs\/index.php?rest_route=\/wp\/v2\/types\/page"}],"author":[{"embeddable":true,"href":"https:\/\/gradskimuzej.subotica.rs\/index.php?rest_route=\/wp\/v2\/users\/2"}],"replies":[{"embeddable":true,"href":"https:\/\/gradskimuzej.subotica.rs\/index.php?rest_route=%2Fwp%2Fv2%2Fcomments&post=1697"}],"version-history":[{"count":2,"href":"https:\/\/gradskimuzej.subotica.rs\/index.php?rest_route=\/wp\/v2\/pages\/1697\/revisions"}],"predecessor-version":[{"id":1714,"href":"https:\/\/gradskimuzej.subotica.rs\/index.php?rest_route=\/wp\/v2\/pages\/1697\/revisions\/1714"}],"up":[{"embeddable":true,"href":"https:\/\/gradskimuzej.subotica.rs\/index.php?rest_route=\/wp\/v2\/pages\/1536"}],"wp:featuredmedia":[{"embeddable":true,"href":"https:\/\/gradskimuzej.subotica.rs\/index.php?rest_route=\/wp\/v2\/media\/1867"}],"wp:attachment":[{"href":"https:\/\/gradskimuzej.subotica.rs\/index.php?rest_route=%2Fwp%2Fv2%2Fmedia&parent=1697"}],"curies":[{"name":"wp","href":"https:\/\/api.w.org\/{rel}","templated":true}]}}