{"id":1679,"date":"2019-04-23T22:27:11","date_gmt":"2019-04-23T20:27:11","guid":{"rendered":"https:\/\/gradskimuzej.subotica.rs\/?page_id=1679"},"modified":"2026-04-20T10:09:30","modified_gmt":"2026-04-20T08:09:30","slug":"munkatarsaink","status":"publish","type":"page","link":"https:\/\/gradskimuzej.subotica.rs\/?page_id=1679&lang=en","title":{"rendered":"Staff"},"content":{"rendered":"\n<div class=\"wp-block-columns has-3-columns is-layout-flex wp-container-core-columns-is-layout-1 wp-block-columns-is-layout-flex\">\n<div class=\"wp-block-column is-layout-flow wp-block-column-is-layout-flow\">\n<p><\/p>\n\n\n\n<p class=\"has-text-align-center\"><strong>Museum management<\/strong><\/p>\n\n\n\n<hr class=\"wp-block-separator has-css-opacity\"\/>\n\n\n<div class=\"card mt-1 bg-light\">\n\t<div class=\"row\">\n\t\t<div class=\"col-md-2 block-person\">\n\t\t\t\t\t\t\t\t\t\t<img decoding=\"async\" src=\"\" class=\"img-thumbnail\" alt=\"...\">\n\t\t\t\t\t<\/div>\n\t\t<div class=\"col-md-10 my-auto text-center w-100\">\n\t\t\t<b>Olga K. Ninkov PhD<\/b><br>\n\t\t\t<small>\n\t\t\t\tDirector\t\t\t<\/small>\n\t\t<\/div>\n\t<\/div>\n<\/div>\n\n\n\n<div class=\"card mt-1 bg-light\">\n\t<div class=\"row\">\n\t\t<div class=\"col-md-2 block-person\">\n\t\t\t\t\t\t\t\t\t\t<img decoding=\"async\" src=\"\" class=\"img-thumbnail\" alt=\"...\">\n\t\t\t\t\t<\/div>\n\t\t<div class=\"col-md-10 my-auto text-center w-100\">\n\t\t\t<b>Alex T\u00f3th <\/b><br>\n\t\t\t<small>\n\t\t\t\tFinancial Analyst for International Projects\t\t\t<\/small>\n\t\t<\/div>\n\t<\/div>\n<\/div>\n\n\n\n<div class=\"card mt-1 bg-light\">\n\t<div class=\"row\">\n\t\t<div class=\"col-md-2 block-person\">\n\t\t\t\t\t\t\t\t\t\t<img decoding=\"async\" src=\"\" class=\"img-thumbnail\" alt=\"...\">\n\t\t\t\t\t<\/div>\n\t\t<div class=\"col-md-10 my-auto text-center w-100\">\n\t\t\t<b>J\u00e1nos Kispalk\u00f3 <\/b><br>\n\t\t\t<small>\n\t\t\t\tJurist\t\t\t<\/small>\n\t\t<\/div>\n\t<\/div>\n<\/div>\n\n\n\n<div class=\"card mt-1 bg-light\">\n\t<div class=\"row\">\n\t\t<div class=\"col-md-2 block-person\">\n\t\t\t\t\t\t\t\t\t\t<img decoding=\"async\" src=\"\" class=\"img-thumbnail\" alt=\"...\">\n\t\t\t\t\t<\/div>\n\t\t<div class=\"col-md-10 my-auto text-center w-100\">\n\t\t\t<b>Ru\u017eica Pei\u0107 Tukuljac<\/b><br>\n\t\t\t<small>\n\t\t\t\tIndependent Financial and Accounting Associate\t\t\t<\/small>\n\t\t<\/div>\n\t<\/div>\n<\/div>\n\n\n\n<div class=\"card mt-1 bg-light\">\n\t<div class=\"row\">\n\t\t<div class=\"col-md-2 block-person\">\n\t\t\t\t\t\t\t\t\t\t<img decoding=\"async\" src=\"\" class=\"img-thumbnail\" alt=\"...\">\n\t\t\t\t\t<\/div>\n\t\t<div class=\"col-md-10 my-auto text-center w-100\">\n\t\t\t<b>Csilla Dobai<\/b><br>\n\t\t\t<small>\n\t\t\t\tFinancial and Accounting Associate\t\t\t<\/small>\n\t\t<\/div>\n\t<\/div>\n<\/div>\n\n\n\n<div class=\"card mt-1 bg-light\">\n\t<div class=\"row\">\n\t\t<div class=\"col-md-2 block-person\">\n\t\t\t\t\t\t\t\t\t\t<img decoding=\"async\" src=\"\" class=\"img-thumbnail\" alt=\"...\">\n\t\t\t\t\t<\/div>\n\t\t<div class=\"col-md-10 my-auto text-center w-100\">\n\t\t\t<b>Branka Pavlov<\/b><br>\n\t\t\t<small>\n\t\t\t\tEconomist, Finance and Accounting Affairs\t\t\t<\/small>\n\t\t<\/div>\n\t<\/div>\n<\/div>\n\n<\/div>\n\n\n\n<div class=\"wp-block-column is-layout-flow wp-block-column-is-layout-flow\">\n<p><\/p>\n\n\n\n<p class=\"has-text-align-center\"><strong>Departments<\/strong><\/p>\n\n\n\n<hr class=\"wp-block-separator has-css-opacity\"\/>\n\n\n\n<p class=\"has-text-align-center\"><strong>Department of Archaeology&nbsp;<\/strong><\/p>\n\n\n<div class=\"card mt-1 bg-light\">\n\t<div class=\"row\">\n\t\t<div class=\"col-md-2 block-person\">\n\t\t\t\t\t\t\t\t\t\t<img decoding=\"async\" src=\"\" class=\"img-thumbnail\" alt=\"...\">\n\t\t\t\t\t<\/div>\n\t\t<div class=\"col-md-10 my-auto text-center w-100\">\n\t\t\t<b>Neda Dimovski<\/b><br>\n\t\t\t<small>\n\t\t\t\tArchaeologist, Senior Curator\t\t\t<\/small>\n\t\t<\/div>\n\t<\/div>\n<\/div>\n\n\n\n\n<p><\/p>\n\n\n\n<p class=\"has-text-align-center\"><strong>Department of Ethnology<\/strong><\/p>\n\n\n<div class=\"card mt-1 bg-light\">\n\t<div class=\"row\">\n\t\t<div class=\"col-md-2 block-person\">\n\t\t\t\t\t\t\t\t\t\t<img decoding=\"async\" src=\"\" class=\"img-thumbnail\" alt=\"...\">\n\t\t\t\t\t<\/div>\n\t\t<div class=\"col-md-10 my-auto text-center w-100\">\n\t\t\t<b>\u00c1rp\u00e1d Papp PhD<\/b><br>\n\t\t\t<small>\n\t\t\t\tEthnologist, Senior Curator\t\t\t<\/small>\n\t\t<\/div>\n\t<\/div>\n<\/div>\n\n\n\n<div class=\"card mt-1 bg-light\">\n\t<div class=\"row\">\n\t\t<div class=\"col-md-2 block-person\">\n\t\t\t\t\t\t\t\t\t\t<img decoding=\"async\" src=\"\" class=\"img-thumbnail\" alt=\"...\">\n\t\t\t\t\t<\/div>\n\t\t<div class=\"col-md-10 my-auto text-center w-100\">\n\t\t\t<b>Andor Horv\u00e1th<\/b><br>\n\t\t\t<small>\n\t\t\t\tEthnologist, Trainee\t\t\t<\/small>\n\t\t<\/div>\n\t<\/div>\n<\/div>\n\n\n\n\n<p><\/p>\n\n\n\n<p class=\"has-text-align-center\"> <strong>Department of History<\/strong> <\/p>\n\n\n<div class=\"card mt-1 bg-light\">\n\t<div class=\"row\">\n\t\t<div class=\"col-md-2 block-person\">\n\t\t\t\t\t\t\t\t\t\t<img decoding=\"async\" src=\"\" class=\"img-thumbnail\" alt=\"...\">\n\t\t\t\t\t<\/div>\n\t\t<div class=\"col-md-10 my-auto text-center w-100\">\n\t\t\t<b>\u00c1kos Kubi\u010dkovi\u0107<\/b><br>\n\t\t\t<small>\n\t\t\t\tHistorian, Curator\t\t\t<\/small>\n\t\t<\/div>\n\t<\/div>\n<\/div>\n\n\n\n\n<p><\/p>\n\n\n\n<p class=\"has-text-align-center\"><strong>Department of Natural History<\/strong><\/p>\n\n\n<div class=\"card mt-1 bg-light\">\n\t<div class=\"row\">\n\t\t<div class=\"col-md-2 block-person\">\n\t\t\t\t\t\t\t\t\t\t<img decoding=\"async\" src=\"\" class=\"img-thumbnail\" alt=\"...\">\n\t\t\t\t\t<\/div>\n\t\t<div class=\"col-md-10 my-auto text-center w-100\">\n\t\t\t<b>Gabriella Kajdocsi Lov\u00e1sz PhD<\/b><br>\n\t\t\t<small>\n\t\t\t\tBiologist Anthropologist, Museum Counsellor\t\t\t<\/small>\n\t\t<\/div>\n\t<\/div>\n<\/div>\n\n\n\n<div class=\"card mt-1 bg-light\">\n\t<div class=\"row\">\n\t\t<div class=\"col-md-2 block-person\">\n\t\t\t\t\t\t\t\t\t\t<img decoding=\"async\" src=\"\" class=\"img-thumbnail\" alt=\"...\">\n\t\t\t\t\t<\/div>\n\t\t<div class=\"col-md-10 my-auto text-center w-100\">\n\t\t\t<b>Sla\u0111ana Aleksi\u0107<\/b><br>\n\t\t\t<small>\n\t\t\t\tBiologist, Curator\t\t\t<\/small>\n\t\t<\/div>\n\t<\/div>\n<\/div>\n\n\n\n\n<p><\/p>\n\n\n\n<p class=\"has-text-align-center\"><strong>Department of Art<\/strong><\/p>\n\n\n<div class=\"card mt-1 bg-light\">\n\t<div class=\"row\">\n\t\t<div class=\"col-md-2 block-person\">\n\t\t\t\t\t\t\t\t\t\t<img decoding=\"async\" src=\"\" class=\"img-thumbnail\" alt=\"...\">\n\t\t\t\t\t<\/div>\n\t\t<div class=\"col-md-10 my-auto text-center w-100\">\n\t\t\t<b>Olga K. Ninkov PhD<\/b><br>\n\t\t\t<small>\n\t\t\t\tArt Historian, Museum Counsellor\t\t\t<\/small>\n\t\t<\/div>\n\t<\/div>\n<\/div>\n\n\n\n<div class=\"card mt-1 bg-light\">\n\t<div class=\"row\">\n\t\t<div class=\"col-md-2 block-person\">\n\t\t\t\t\t\t\t\t\t\t<img decoding=\"async\" src=\"\" class=\"img-thumbnail\" alt=\"...\">\n\t\t\t\t\t<\/div>\n\t\t<div class=\"col-md-10 my-auto text-center w-100\">\n\t\t\t<b>Ljubica Vukovi\u0107 Duli\u0107<\/b><br>\n\t\t\t<small>\n\t\t\t\tArt Historian, Museum Counsellor\t\t\t<\/small>\n\t\t<\/div>\n\t<\/div>\n<\/div>\n\n\n\n\n<p><\/p>\n\n\n\n<p class=\"has-text-align-center\"><strong>Library<\/strong><\/p>\n\n\n<div class=\"card mt-1 bg-light\">\n\t<div class=\"row\">\n\t\t<div class=\"col-md-2 block-person\">\n\t\t\t\t\t\t\t\t\t\t<img decoding=\"async\" src=\"\" class=\"img-thumbnail\" alt=\"...\">\n\t\t\t\t\t<\/div>\n\t\t<div class=\"col-md-10 my-auto text-center w-100\">\n\t\t\t<b>Izabela Papdi<\/b><br>\n\t\t\t<small>\n\t\t\t\tSenior Librarian\t\t\t<\/small>\n\t\t<\/div>\n\t<\/div>\n<\/div>\n\n\n\n\n<p><\/p>\n\n\n\n<p class=\"has-text-align-center\"><strong>Department of Pedagogy<\/strong><\/p>\n\n\n<div class=\"card mt-1 bg-light\">\n\t<div class=\"row\">\n\t\t<div class=\"col-md-2 block-person\">\n\t\t\t\t\t\t\t\t\t\t<img decoding=\"async\" src=\"\" class=\"img-thumbnail\" alt=\"...\">\n\t\t\t\t\t<\/div>\n\t\t<div class=\"col-md-10 my-auto text-center w-100\">\n\t\t\t<b><\/b><br>\n\t\t\t<small>\n\t\t\t\t\t\t\t<\/small>\n\t\t<\/div>\n\t<\/div>\n<\/div>\n\n\n\n\n<p><\/p>\n\n\n\n<p class=\"has-text-align-center\"><strong>Department of Restoration and Photography<\/strong><\/p>\n\n\n<div class=\"card mt-1 bg-light\">\n\t<div class=\"row\">\n\t\t<div class=\"col-md-2 block-person\">\n\t\t\t\t\t\t\t\t\t\t<img decoding=\"async\" src=\"\" class=\"img-thumbnail\" alt=\"...\">\n\t\t\t\t\t<\/div>\n\t\t<div class=\"col-md-10 my-auto text-center w-100\">\n\t\t\t<b>Zsuzsanna Korhecz Papp DLA<\/b><br>\n\t\t\t<small>\n\t\t\t\tFine Art Restorer, Museum Counsellor\t\t\t<\/small>\n\t\t<\/div>\n\t<\/div>\n<\/div>\n\n\n\n<div class=\"card mt-1 bg-light\">\n\t<div class=\"row\">\n\t\t<div class=\"col-md-2 block-person\">\n\t\t\t\t\t\t\t\t\t\t<img decoding=\"async\" src=\"\" class=\"img-thumbnail\" alt=\"...\">\n\t\t\t\t\t<\/div>\n\t\t<div class=\"col-md-10 my-auto text-center w-100\">\n\t\t\t<b>Kolovi\u0107 Svetlana<\/b><br>\n\t\t\t<small>\n\t\t\t\tPhotographer\t\t\t<\/small>\n\t\t<\/div>\n\t<\/div>\n<\/div>\n\n\n\n\n<p><\/p>\n\n\n\n<p class=\"has-text-align-center\"><strong>Department for digitalization<\/strong><\/p>\n\n\n<div class=\"card mt-1 bg-light\">\n\t<div class=\"row\">\n\t\t<div class=\"col-md-2 block-person\">\n\t\t\t\t\t\t\t\t\t\t<img decoding=\"async\" src=\"\" class=\"img-thumbnail\" alt=\"...\">\n\t\t\t\t\t<\/div>\n\t\t<div class=\"col-md-10 my-auto text-center w-100\">\n\t\t\t<b>Csaba Lality <\/b><br>\n\t\t\t<small>\n\t\t\t\tCollections Digitisation Assistant\t\t\t<\/small>\n\t\t<\/div>\n\t<\/div>\n<\/div>\n\n<\/div>\n\n\n\n<div class=\"wp-block-column is-layout-flow wp-block-column-is-layout-flow\">\n<p><\/p>\n\n\n\n<p class=\"has-text-align-center\"><strong>Public Services<\/strong><\/p>\n\n\n\n<hr class=\"wp-block-separator has-css-opacity\"\/>\n\n\n<div class=\"card mt-1 bg-light\">\n\t<div class=\"row\">\n\t\t<div class=\"col-md-2 block-person\">\n\t\t\t\t\t\t\t\t\t\t<img decoding=\"async\" src=\"\" class=\"img-thumbnail\" alt=\"...\">\n\t\t\t\t\t<\/div>\n\t\t<div class=\"col-md-10 my-auto text-center w-100\">\n\t\t\t<b>Sonja Korponai\u0107<\/b><br>\n\t\t\t<small>\n\t\t\t\tTour Guide\t\t\t<\/small>\n\t\t<\/div>\n\t<\/div>\n<\/div>\n\n\n\n<div class=\"card mt-1 bg-light\">\n\t<div class=\"row\">\n\t\t<div class=\"col-md-2 block-person\">\n\t\t\t\t\t\t\t\t\t\t<img decoding=\"async\" src=\"\" class=\"img-thumbnail\" alt=\"...\">\n\t\t\t\t\t<\/div>\n\t\t<div class=\"col-md-10 my-auto text-center w-100\">\n\t\t\t<b>Mirjana Rodi\u0107<\/b><br>\n\t\t\t<small>\n\t\t\t\tTour Guide\t\t\t<\/small>\n\t\t<\/div>\n\t<\/div>\n<\/div>\n\n\n\n<div class=\"card mt-1 bg-light\">\n\t<div class=\"row\">\n\t\t<div class=\"col-md-2 block-person\">\n\t\t\t\t\t\t\t\t\t\t<img decoding=\"async\" src=\"\" class=\"img-thumbnail\" alt=\"...\">\n\t\t\t\t\t<\/div>\n\t\t<div class=\"col-md-10 my-auto text-center w-100\">\n\t\t\t<b>Ilijana Ivkovi\u0107<\/b><br>\n\t\t\t<small>\n\t\t\t\tTour Guide\t\t\t<\/small>\n\t\t<\/div>\n\t<\/div>\n<\/div>\n\n\n\n\n<p><\/p>\n\n\n\n<p class=\"has-text-align-center\"><strong>Technical Support and Security<\/strong><\/p>\n\n\n\n<hr class=\"wp-block-separator has-css-opacity\"\/>\n\n\n<div class=\"card mt-1 bg-light\">\n\t<div class=\"row\">\n\t\t<div class=\"col-md-2 block-person\">\n\t\t\t\t\t\t\t\t\t\t<img decoding=\"async\" src=\"\" class=\"img-thumbnail\" alt=\"...\">\n\t\t\t\t\t<\/div>\n\t\t<div class=\"col-md-10 my-auto text-center w-100\">\n\t\t\t<b>Eleon\u00f3ra Horv\u00e1th <\/b><br>\n\t\t\t<small>\n\t\t\t\tCleaner\t\t\t<\/small>\n\t\t<\/div>\n\t<\/div>\n<\/div>\n\n\n\n<div class=\"card mt-1 bg-light\">\n\t<div class=\"row\">\n\t\t<div class=\"col-md-2 block-person\">\n\t\t\t\t\t\t\t\t\t\t<img decoding=\"async\" src=\"\" class=\"img-thumbnail\" alt=\"...\">\n\t\t\t\t\t<\/div>\n\t\t<div class=\"col-md-10 my-auto text-center w-100\">\n\t\t\t<b>Eszter Baj\u00e1ri <\/b><br>\n\t\t\t<small>\n\t\t\t\tCleaner\t\t\t<\/small>\n\t\t<\/div>\n\t<\/div>\n<\/div>\n\n\n\n<div class=\"card mt-1 bg-light\">\n\t<div class=\"row\">\n\t\t<div class=\"col-md-2 block-person\">\n\t\t\t\t\t\t\t\t\t\t<img decoding=\"async\" src=\"\" class=\"img-thumbnail\" alt=\"...\">\n\t\t\t\t\t<\/div>\n\t\t<div class=\"col-md-10 my-auto text-center w-100\">\n\t\t\t<b>R\u00f3bert Kov\u00e1cs <\/b><br>\n\t\t\t<small>\n\t\t\t\tPorter\t\t\t<\/small>\n\t\t<\/div>\n\t<\/div>\n<\/div>\n\n\n\n<div class=\"card mt-1 bg-light\">\n\t<div class=\"row\">\n\t\t<div class=\"col-md-2 block-person\">\n\t\t\t\t\t\t\t\t\t\t<img decoding=\"async\" src=\"\" class=\"img-thumbnail\" alt=\"...\">\n\t\t\t\t\t<\/div>\n\t\t<div class=\"col-md-10 my-auto text-center w-100\">\n\t\t\t<b>Ferenc Horv\u00e1th <\/b><br>\n\t\t\t<small>\n\t\t\t\tPorter\t\t\t<\/small>\n\t\t<\/div>\n\t<\/div>\n<\/div>\n\n\n\n<div class=\"card mt-1 bg-light\">\n\t<div class=\"row\">\n\t\t<div class=\"col-md-2 block-person\">\n\t\t\t\t\t\t\t\t\t\t<img decoding=\"async\" src=\"\" class=\"img-thumbnail\" alt=\"...\">\n\t\t\t\t\t<\/div>\n\t\t<div class=\"col-md-10 my-auto text-center w-100\">\n\t\t\t<b>Aleksandar Cvijin<\/b><br>\n\t\t\t<small>\n\t\t\t\tCaretaker\t\t\t<\/small>\n\t\t<\/div>\n\t<\/div>\n<\/div>\n\n\n\n<div class=\"card mt-1 bg-light\">\n\t<div class=\"row\">\n\t\t<div class=\"col-md-2 block-person\">\n\t\t\t\t\t\t\t\t\t\t<img decoding=\"async\" src=\"\" class=\"img-thumbnail\" alt=\"...\">\n\t\t\t\t\t<\/div>\n\t\t<div class=\"col-md-10 my-auto text-center w-100\">\n\t\t\t<b>Attila Rohacsek<\/b><br>\n\t\t\t<small>\n\t\t\t\tCaretaker\t\t\t<\/small>\n\t\t<\/div>\n\t<\/div>\n<\/div>\n\n<\/div>\n<\/div>\n","protected":false},"excerpt":{"rendered":"<p>Museum management Departments Department of Archaeology&nbsp; Department of Ethnology Department of History Department of Natural History Department of Art Library Department of Pedagogy Department of Restoration and Photography Department for digitalization Public Services Technical Support and Security<\/p>\n","protected":false},"author":2,"featured_media":2241,"parent":1536,"menu_order":0,"comment_status":"closed","ping_status":"closed","template":"","meta":{"footnotes":""},"_links":{"self":[{"href":"https:\/\/gradskimuzej.subotica.rs\/index.php?rest_route=\/wp\/v2\/pages\/1679"}],"collection":[{"href":"https:\/\/gradskimuzej.subotica.rs\/index.php?rest_route=\/wp\/v2\/pages"}],"about":[{"href":"https:\/\/gradskimuzej.subotica.rs\/index.php?rest_route=\/wp\/v2\/types\/page"}],"author":[{"embeddable":true,"href":"https:\/\/gradskimuzej.subotica.rs\/index.php?rest_route=\/wp\/v2\/users\/2"}],"replies":[{"embeddable":true,"href":"https:\/\/gradskimuzej.subotica.rs\/index.php?rest_route=%2Fwp%2Fv2%2Fcomments&post=1679"}],"version-history":[{"count":21,"href":"https:\/\/gradskimuzej.subotica.rs\/index.php?rest_route=\/wp\/v2\/pages\/1679\/revisions"}],"predecessor-version":[{"id":8290,"href":"https:\/\/gradskimuzej.subotica.rs\/index.php?rest_route=\/wp\/v2\/pages\/1679\/revisions\/8290"}],"up":[{"embeddable":true,"href":"https:\/\/gradskimuzej.subotica.rs\/index.php?rest_route=\/wp\/v2\/pages\/1536"}],"wp:featuredmedia":[{"embeddable":true,"href":"https:\/\/gradskimuzej.subotica.rs\/index.php?rest_route=\/wp\/v2\/media\/2241"}],"wp:attachment":[{"href":"https:\/\/gradskimuzej.subotica.rs\/index.php?rest_route=%2Fwp%2Fv2%2Fmedia&parent=1679"}],"curies":[{"name":"wp","href":"https:\/\/api.w.org\/{rel}","templated":true}]}}