{"id":1577,"date":"2019-04-23T22:27:11","date_gmt":"2019-04-23T20:27:11","guid":{"rendered":"https:\/\/gradskimuzej.subotica.rs\/?page_id=1577"},"modified":"2026-04-20T10:08:22","modified_gmt":"2026-04-20T08:08:22","slug":"munkatarsaink","status":"publish","type":"page","link":"https:\/\/gradskimuzej.subotica.rs\/?page_id=1577&lang=sr","title":{"rendered":"Zaposleni"},"content":{"rendered":"\n<div class=\"wp-block-columns has-3-columns is-layout-flex wp-container-core-columns-is-layout-1 wp-block-columns-is-layout-flex\">\n<div class=\"wp-block-column is-layout-flow wp-block-column-is-layout-flow\">\n<p><\/p>\n\n\n\n<p class=\"has-text-align-center\"><strong> Uprava muzeja<\/strong><\/p>\n\n\n\n<hr class=\"wp-block-separator has-css-opacity\"\/>\n\n\n<div class=\"card mt-1 bg-light\">\n\t<div class=\"row\">\n\t\t<div class=\"col-md-2 block-person\">\n\t\t\t\t\t\t\t\t\t\t<img decoding=\"async\" src=\"\" class=\"img-thumbnail\" alt=\"...\">\n\t\t\t\t\t<\/div>\n\t\t<div class=\"col-md-10 my-auto text-center w-100\">\n\t\t\t<b>dr Olga K. Ninkov<\/b><br>\n\t\t\t<small>\n\t\t\t\tdirektor\t\t\t<\/small>\n\t\t<\/div>\n\t<\/div>\n<\/div>\n\n\n\n<div class=\"card mt-1 bg-light\">\n\t<div class=\"row\">\n\t\t<div class=\"col-md-2 block-person\">\n\t\t\t\t\t\t\t\t\t\t<img decoding=\"async\" src=\"\" class=\"img-thumbnail\" alt=\"...\">\n\t\t\t\t\t<\/div>\n\t\t<div class=\"col-md-10 my-auto text-center w-100\">\n\t\t\t<b>Aleks Tot<\/b><br>\n\t\t\t<small>\n\t\t\t\tfinansijski analiti\u010dar za me\u0111unarodne projekte\t\t\t<\/small>\n\t\t<\/div>\n\t<\/div>\n<\/div>\n\n\n\n<div class=\"card mt-1 bg-light\">\n\t<div class=\"row\">\n\t\t<div class=\"col-md-2 block-person\">\n\t\t\t\t\t\t\t\t\t\t<img decoding=\"async\" src=\"\" class=\"img-thumbnail\" alt=\"...\">\n\t\t\t\t\t<\/div>\n\t\t<div class=\"col-md-10 my-auto text-center w-100\">\n\t\t\t<b>Jano\u0161 Kispalko<\/b><br>\n\t\t\t<small>\n\t\t\t\tpravnik, rukovodilac odeljenja\t\t\t<\/small>\n\t\t<\/div>\n\t<\/div>\n<\/div>\n\n\n\n<div class=\"card mt-1 bg-light\">\n\t<div class=\"row\">\n\t\t<div class=\"col-md-2 block-person\">\n\t\t\t\t\t\t\t\t\t\t<img decoding=\"async\" src=\"\" class=\"img-thumbnail\" alt=\"...\">\n\t\t\t\t\t<\/div>\n\t\t<div class=\"col-md-10 my-auto text-center w-100\">\n\t\t\t<b>Ru\u017eica Pei\u0107 Tukuljac<\/b><br>\n\t\t\t<small>\n\t\t\t\tsamostalni fin-ra\u010d. saradnik\t\t\t<\/small>\n\t\t<\/div>\n\t<\/div>\n<\/div>\n\n\n\n<div class=\"card mt-1 bg-light\">\n\t<div class=\"row\">\n\t\t<div class=\"col-md-2 block-person\">\n\t\t\t\t\t\t\t\t\t\t<img decoding=\"async\" src=\"\" class=\"img-thumbnail\" alt=\"...\">\n\t\t\t\t\t<\/div>\n\t\t<div class=\"col-md-10 my-auto text-center w-100\">\n\t\t\t<b>\u010cila Dobai<\/b><br>\n\t\t\t<small>\n\t\t\t\treferent za fin-ra\u010d. poslove\t\t\t<\/small>\n\t\t<\/div>\n\t<\/div>\n<\/div>\n\n\n\n<div class=\"card mt-1 bg-light\">\n\t<div class=\"row\">\n\t\t<div class=\"col-md-2 block-person\">\n\t\t\t\t\t\t\t\t\t\t<img decoding=\"async\" src=\"\" class=\"img-thumbnail\" alt=\"...\">\n\t\t\t\t\t<\/div>\n\t\t<div class=\"col-md-10 my-auto text-center w-100\">\n\t\t\t<b>Branka Pavlov<\/b><br>\n\t\t\t<small>\n\t\t\t\tdipl. ekonomista za fin-ra\u010d. poslove\t\t\t<\/small>\n\t\t<\/div>\n\t<\/div>\n<\/div>\n\n<\/div>\n\n\n\n<div class=\"wp-block-column is-layout-flow wp-block-column-is-layout-flow\">\n<p><\/p>\n\n\n\n<p class=\"has-text-align-center\"> <strong>Odeljenja<\/strong><\/p>\n\n\n\n<hr class=\"wp-block-separator has-css-opacity\"\/>\n\n\n\n<p class=\"has-text-align-center\"> <strong>Arheolo\u0161ko odeljenje<\/strong><\/p>\n\n\n<div class=\"card mt-1 bg-light\">\n\t<div class=\"row\">\n\t\t<div class=\"col-md-2 block-person\">\n\t\t\t\t\t\t\t\t\t\t<img decoding=\"async\" src=\"\" class=\"img-thumbnail\" alt=\"...\">\n\t\t\t\t\t<\/div>\n\t\t<div class=\"col-md-10 my-auto text-center w-100\">\n\t\t\t<b>Neda Dimovski<\/b><br>\n\t\t\t<small>\n\t\t\t\tvi\u0161i kustos, arheolog\t\t\t<\/small>\n\t\t<\/div>\n\t<\/div>\n<\/div>\n\n\n\n\n<p><\/p>\n\n\n\n<p class=\"has-text-align-center\"> <strong>Etnolo\u0161ko odeljenje<\/strong><\/p>\n\n\n<div class=\"card mt-1 bg-light\">\n\t<div class=\"row\">\n\t\t<div class=\"col-md-2 block-person\">\n\t\t\t\t\t\t\t\t\t\t<img decoding=\"async\" src=\"\" class=\"img-thumbnail\" alt=\"...\">\n\t\t\t\t\t<\/div>\n\t\t<div class=\"col-md-10 my-auto text-center w-100\">\n\t\t\t<b>dr Arpad Pap<\/b><br>\n\t\t\t<small>\n\t\t\t\tvi\u0161i kustos, etnolog\t\t\t<\/small>\n\t\t<\/div>\n\t<\/div>\n<\/div>\n\n\n\n<div class=\"card mt-1 bg-light\">\n\t<div class=\"row\">\n\t\t<div class=\"col-md-2 block-person\">\n\t\t\t\t\t\t\t\t\t\t<img decoding=\"async\" src=\"\" class=\"img-thumbnail\" alt=\"...\">\n\t\t\t\t\t<\/div>\n\t\t<div class=\"col-md-10 my-auto text-center w-100\">\n\t\t\t<b>Andor Horvat<\/b><br>\n\t\t\t<small>\n\t\t\t\tpripravnik, etnolog\t\t\t<\/small>\n\t\t<\/div>\n\t<\/div>\n<\/div>\n\n\n\n\n<p class=\"has-text-align-center\"><\/p>\n\n\n\n<p class=\"has-text-align-center\"><strong>Istorijsko odeljenje<\/strong> <\/p>\n\n\n<div class=\"card mt-1 bg-light\">\n\t<div class=\"row\">\n\t\t<div class=\"col-md-2 block-person\">\n\t\t\t\t\t\t\t\t\t\t<img decoding=\"async\" src=\"\" class=\"img-thumbnail\" alt=\"...\">\n\t\t\t\t\t<\/div>\n\t\t<div class=\"col-md-10 my-auto text-center w-100\">\n\t\t\t<b>Ako\u0161 Kubi\u010dkovi\u0107<\/b><br>\n\t\t\t<small>\n\t\t\t\tkustos, istori\u010dar\t\t\t<\/small>\n\t\t<\/div>\n\t<\/div>\n<\/div>\n\n\n\n\n<p><\/p>\n\n\n\n<p class=\"has-text-align-center\"> <strong>Prirodnja\u010dko odeljenje<\/strong><\/p>\n\n\n<div class=\"card mt-1 bg-light\">\n\t<div class=\"row\">\n\t\t<div class=\"col-md-2 block-person\">\n\t\t\t\t\t\t\t\t\t\t<img decoding=\"async\" src=\"\" class=\"img-thumbnail\" alt=\"...\">\n\t\t\t\t\t<\/div>\n\t\t<div class=\"col-md-10 my-auto text-center w-100\">\n\t\t\t<b>dr Gabrijela Kajdo\u010di Lovas <\/b><br>\n\t\t\t<small>\n\t\t\t\tmuzejski savetnik, biolog antropolog\t\t\t<\/small>\n\t\t<\/div>\n\t<\/div>\n<\/div>\n\n\n\n<div class=\"card mt-1 bg-light\">\n\t<div class=\"row\">\n\t\t<div class=\"col-md-2 block-person\">\n\t\t\t\t\t\t\t\t\t\t<img decoding=\"async\" src=\"\" class=\"img-thumbnail\" alt=\"...\">\n\t\t\t\t\t<\/div>\n\t\t<div class=\"col-md-10 my-auto text-center w-100\">\n\t\t\t<b>Sla\u0111ana Aleksi\u0107<\/b><br>\n\t\t\t<small>\n\t\t\t\tkustos, biolog \t\t\t<\/small>\n\t\t<\/div>\n\t<\/div>\n<\/div>\n\n\n\n\n<p><\/p>\n\n\n\n<p class=\"has-text-align-center\"> <strong>Umetni\u010dko odeljenje<\/strong><\/p>\n\n\n<div class=\"card mt-1 bg-light\">\n\t<div class=\"row\">\n\t\t<div class=\"col-md-2 block-person\">\n\t\t\t\t\t\t\t\t\t\t<img decoding=\"async\" src=\"\" class=\"img-thumbnail\" alt=\"...\">\n\t\t\t\t\t<\/div>\n\t\t<div class=\"col-md-10 my-auto text-center w-100\">\n\t\t\t<b>dr Olga K. Ninkov<\/b><br>\n\t\t\t<small>\n\t\t\t\tmuzejski savetnik, istori\u010dar umetnosti\t\t\t<\/small>\n\t\t<\/div>\n\t<\/div>\n<\/div>\n\n\n\n<div class=\"card mt-1 bg-light\">\n\t<div class=\"row\">\n\t\t<div class=\"col-md-2 block-person\">\n\t\t\t\t\t\t\t\t\t\t<img decoding=\"async\" src=\"\" class=\"img-thumbnail\" alt=\"...\">\n\t\t\t\t\t<\/div>\n\t\t<div class=\"col-md-10 my-auto text-center w-100\">\n\t\t\t<b>Ljubica Vukovi\u0107 Duli\u0107<\/b><br>\n\t\t\t<small>\n\t\t\t\tmuzejski savetnik, istori\u010dar umetnosti\t\t\t<\/small>\n\t\t<\/div>\n\t<\/div>\n<\/div>\n\n\n\n\n<p><\/p>\n\n\n\n<p class=\"has-text-align-center\"> <strong>Biblioteka<\/strong><\/p>\n\n\n<div class=\"card mt-1 bg-light\">\n\t<div class=\"row\">\n\t\t<div class=\"col-md-2 block-person\">\n\t\t\t\t\t\t\t\t\t\t<img decoding=\"async\" src=\"\" class=\"img-thumbnail\" alt=\"...\">\n\t\t\t\t\t<\/div>\n\t\t<div class=\"col-md-10 my-auto text-center w-100\">\n\t\t\t<b> Izabela Papdi<\/b><br>\n\t\t\t<small>\n\t\t\t\t vi\u0161i biliotekar\t\t\t<\/small>\n\t\t<\/div>\n\t<\/div>\n<\/div>\n\n\n\n\n<p><\/p>\n\n\n\n<p class=\"has-text-align-center\"> <strong>Pedago\u0161ko odeljenj<\/strong>e<\/p>\n\n\n<div class=\"card mt-1 bg-light\">\n\t<div class=\"row\">\n\t\t<div class=\"col-md-2 block-person\">\n\t\t\t\t\t\t\t\t\t\t<img decoding=\"async\" src=\"\" class=\"img-thumbnail\" alt=\"...\">\n\t\t\t\t\t<\/div>\n\t\t<div class=\"col-md-10 my-auto text-center w-100\">\n\t\t\t<b><\/b><br>\n\t\t\t<small>\n\t\t\t\t\t\t\t<\/small>\n\t\t<\/div>\n\t<\/div>\n<\/div>\n\n\n\n\n<p><\/p>\n\n\n\n<p class=\"has-text-align-center\"><strong>Restauratorski i fotografski atelje<\/strong><\/p>\n\n\n<div class=\"card mt-1 bg-light\">\n\t<div class=\"row\">\n\t\t<div class=\"col-md-2 block-person\">\n\t\t\t\t\t\t\t\t\t\t<img decoding=\"async\" src=\"\" class=\"img-thumbnail\" alt=\"...\">\n\t\t\t\t\t<\/div>\n\t\t<div class=\"col-md-10 my-auto text-center w-100\">\n\t\t\t<b>dr \u017du\u017eana Korhec Pap<\/b><br>\n\t\t\t<small>\n\t\t\t\t muzejski savetnik, restaurator\t\t\t<\/small>\n\t\t<\/div>\n\t<\/div>\n<\/div>\n\n\n\n<div class=\"card mt-1 bg-light\">\n\t<div class=\"row\">\n\t\t<div class=\"col-md-2 block-person\">\n\t\t\t\t\t\t\t\t\t\t<img decoding=\"async\" src=\"\" class=\"img-thumbnail\" alt=\"...\">\n\t\t\t\t\t<\/div>\n\t\t<div class=\"col-md-10 my-auto text-center w-100\">\n\t\t\t<b>Svetlana Kolovi\u0107<\/b><br>\n\t\t\t<small>\n\t\t\t\tfotograf\t\t\t<\/small>\n\t\t<\/div>\n\t<\/div>\n<\/div>\n\n\n\n\n<p><\/p>\n\n\n\n<p class=\"has-text-align-center\"><strong>Odeljenje za digitalizaciju<\/strong><\/p>\n\n\n<div class=\"card mt-1 bg-light\">\n\t<div class=\"row\">\n\t\t<div class=\"col-md-2 block-person\">\n\t\t\t\t\t\t\t\t\t\t<img decoding=\"async\" src=\"\" class=\"img-thumbnail\" alt=\"...\">\n\t\t\t\t\t<\/div>\n\t\t<div class=\"col-md-10 my-auto text-center w-100\">\n\t\t\t<b>\u010caba Lali\u0107<\/b><br>\n\t\t\t<small>\n\t\t\t\tsaradnik digitalnih procesa\t\t\t<\/small>\n\t\t<\/div>\n\t<\/div>\n<\/div>\n\n<\/div>\n\n\n\n<div class=\"wp-block-column is-layout-flow wp-block-column-is-layout-flow\">\n<p><\/p>\n\n\n\n<p class=\"has-text-align-center\"><strong> Slu\u017eba za komunikaciju<\/strong><\/p>\n\n\n\n<hr class=\"wp-block-separator has-css-opacity\"\/>\n\n\n<div class=\"card mt-1 bg-light\">\n\t<div class=\"row\">\n\t\t<div class=\"col-md-2 block-person\">\n\t\t\t\t\t\t\t\t\t\t<img decoding=\"async\" src=\"\" class=\"img-thumbnail\" alt=\"...\">\n\t\t\t\t\t<\/div>\n\t\t<div class=\"col-md-10 my-auto text-center w-100\">\n\t\t\t<b>Sonja Korponai\u0107<\/b><br>\n\t\t\t<small>\n\t\t\t\tmuzejski vodi\u010d\t\t\t<\/small>\n\t\t<\/div>\n\t<\/div>\n<\/div>\n\n\n\n<div class=\"card mt-1 bg-light\">\n\t<div class=\"row\">\n\t\t<div class=\"col-md-2 block-person\">\n\t\t\t\t\t\t\t\t\t\t<img decoding=\"async\" src=\"\" class=\"img-thumbnail\" alt=\"...\">\n\t\t\t\t\t<\/div>\n\t\t<div class=\"col-md-10 my-auto text-center w-100\">\n\t\t\t<b>Mirjana Rodi\u0107<\/b><br>\n\t\t\t<small>\n\t\t\t\tmuzejski vodi\u010d\t\t\t<\/small>\n\t\t<\/div>\n\t<\/div>\n<\/div>\n\n\n\n<div class=\"card mt-1 bg-light\">\n\t<div class=\"row\">\n\t\t<div class=\"col-md-2 block-person\">\n\t\t\t\t\t\t\t\t\t\t<img decoding=\"async\" src=\"\" class=\"img-thumbnail\" alt=\"...\">\n\t\t\t\t\t<\/div>\n\t\t<div class=\"col-md-10 my-auto text-center w-100\">\n\t\t\t<b>Ilijana Ivkovi\u0107<\/b><br>\n\t\t\t<small>\n\t\t\t\tmuzejski vodi\u010d\t\t\t<\/small>\n\t\t<\/div>\n\t<\/div>\n<\/div>\n\n\n\n\n<p><\/p>\n\n\n\n<p class=\"has-text-align-center\"><strong> Tehni\u010dko osoblje i obezbe\u0111enje<\/strong><\/p>\n\n\n\n<hr class=\"wp-block-separator has-css-opacity\"\/>\n\n\n<div class=\"card mt-1 bg-light\">\n\t<div class=\"row\">\n\t\t<div class=\"col-md-2 block-person\">\n\t\t\t\t\t\t\t\t\t\t<img decoding=\"async\" src=\"\" class=\"img-thumbnail\" alt=\"...\">\n\t\t\t\t\t<\/div>\n\t\t<div class=\"col-md-10 my-auto text-center w-100\">\n\t\t\t<b>Eleonora Horvat<\/b><br>\n\t\t\t<small>\n\t\t\t\tsprema\u010dica\t\t\t<\/small>\n\t\t<\/div>\n\t<\/div>\n<\/div>\n\n\n\n<div class=\"card mt-1 bg-light\">\n\t<div class=\"row\">\n\t\t<div class=\"col-md-2 block-person\">\n\t\t\t\t\t\t\t\t\t\t<img decoding=\"async\" src=\"\" class=\"img-thumbnail\" alt=\"...\">\n\t\t\t\t\t<\/div>\n\t\t<div class=\"col-md-10 my-auto text-center w-100\">\n\t\t\t<b>Ester Bajari<\/b><br>\n\t\t\t<small>\n\t\t\t\tsprema\u010dica\t\t\t<\/small>\n\t\t<\/div>\n\t<\/div>\n<\/div>\n\n\n\n<div class=\"card mt-1 bg-light\">\n\t<div class=\"row\">\n\t\t<div class=\"col-md-2 block-person\">\n\t\t\t\t\t\t\t\t\t\t<img decoding=\"async\" src=\"\" class=\"img-thumbnail\" alt=\"...\">\n\t\t\t\t\t<\/div>\n\t\t<div class=\"col-md-10 my-auto text-center w-100\">\n\t\t\t<b>Robert Kova\u010d<\/b><br>\n\t\t\t<small>\n\t\t\t\t\u010duvar\t\t\t<\/small>\n\t\t<\/div>\n\t<\/div>\n<\/div>\n\n\n\n<div class=\"card mt-1 bg-light\">\n\t<div class=\"row\">\n\t\t<div class=\"col-md-2 block-person\">\n\t\t\t\t\t\t\t\t\t\t<img decoding=\"async\" src=\"\" class=\"img-thumbnail\" alt=\"...\">\n\t\t\t\t\t<\/div>\n\t\t<div class=\"col-md-10 my-auto text-center w-100\">\n\t\t\t<b>Ferenc Horvat<\/b><br>\n\t\t\t<small>\n\t\t\t\t\u010duvar\t\t\t<\/small>\n\t\t<\/div>\n\t<\/div>\n<\/div>\n\n\n\n<div class=\"card mt-1 bg-light\">\n\t<div class=\"row\">\n\t\t<div class=\"col-md-2 block-person\">\n\t\t\t\t\t\t\t\t\t\t<img decoding=\"async\" src=\"\" class=\"img-thumbnail\" alt=\"...\">\n\t\t\t\t\t<\/div>\n\t\t<div class=\"col-md-10 my-auto text-center w-100\">\n\t\t\t<b>Aleksandar Cvijin<\/b><br>\n\t\t\t<small>\n\t\t\t\tmajstor odr\u017eavanja\t\t\t<\/small>\n\t\t<\/div>\n\t<\/div>\n<\/div>\n\n\n\n<div class=\"card mt-1 bg-light\">\n\t<div class=\"row\">\n\t\t<div class=\"col-md-2 block-person\">\n\t\t\t\t\t\t\t\t\t\t<img decoding=\"async\" src=\"\" class=\"img-thumbnail\" alt=\"...\">\n\t\t\t\t\t<\/div>\n\t\t<div class=\"col-md-10 my-auto text-center w-100\">\n\t\t\t<b>Atila Roha\u010dek<\/b><br>\n\t\t\t<small>\n\t\t\t\tmajstor odr\u017eavanja\t\t\t<\/small>\n\t\t<\/div>\n\t<\/div>\n<\/div>\n\n<\/div>\n<\/div>\n","protected":false},"excerpt":{"rendered":"<p>Uprava muzeja Odeljenja Arheolo\u0161ko odeljenje Etnolo\u0161ko odeljenje Istorijsko odeljenje Prirodnja\u010dko odeljenje Umetni\u010dko odeljenje Biblioteka Pedago\u0161ko odeljenje Restauratorski i fotografski atelje Odeljenje za digitalizaciju Slu\u017eba za komunikaciju Tehni\u010dko osoblje i obezbe\u0111enje<\/p>\n","protected":false},"author":2,"featured_media":2239,"parent":1534,"menu_order":0,"comment_status":"closed","ping_status":"closed","template":"","meta":{"footnotes":""},"_links":{"self":[{"href":"https:\/\/gradskimuzej.subotica.rs\/index.php?rest_route=\/wp\/v2\/pages\/1577"}],"collection":[{"href":"https:\/\/gradskimuzej.subotica.rs\/index.php?rest_route=\/wp\/v2\/pages"}],"about":[{"href":"https:\/\/gradskimuzej.subotica.rs\/index.php?rest_route=\/wp\/v2\/types\/page"}],"author":[{"embeddable":true,"href":"https:\/\/gradskimuzej.subotica.rs\/index.php?rest_route=\/wp\/v2\/users\/2"}],"replies":[{"embeddable":true,"href":"https:\/\/gradskimuzej.subotica.rs\/index.php?rest_route=%2Fwp%2Fv2%2Fcomments&post=1577"}],"version-history":[{"count":22,"href":"https:\/\/gradskimuzej.subotica.rs\/index.php?rest_route=\/wp\/v2\/pages\/1577\/revisions"}],"predecessor-version":[{"id":8288,"href":"https:\/\/gradskimuzej.subotica.rs\/index.php?rest_route=\/wp\/v2\/pages\/1577\/revisions\/8288"}],"up":[{"embeddable":true,"href":"https:\/\/gradskimuzej.subotica.rs\/index.php?rest_route=\/wp\/v2\/pages\/1534"}],"wp:featuredmedia":[{"embeddable":true,"href":"https:\/\/gradskimuzej.subotica.rs\/index.php?rest_route=\/wp\/v2\/media\/2239"}],"wp:attachment":[{"href":"https:\/\/gradskimuzej.subotica.rs\/index.php?rest_route=%2Fwp%2Fv2%2Fmedia&parent=1577"}],"curies":[{"name":"wp","href":"https:\/\/api.w.org\/{rel}","templated":true}]}}