{"id":1571,"date":"2019-04-23T22:45:30","date_gmt":"2019-04-23T20:45:30","guid":{"rendered":"https:\/\/gradskimuzej.subotica.rs\/?page_id=1571"},"modified":"2025-05-16T11:39:36","modified_gmt":"2025-05-16T09:39:36","slug":"kiadvanyok","status":"publish","type":"page","link":"https:\/\/gradskimuzej.subotica.rs\/?page_id=1571&lang=sr","title":{"rendered":"Izdanja"},"content":{"rendered":"\n<div class=\"wp-block-image\"><figure class=\"alignright is-resized\"><figure><img loading=\"lazy\" decoding=\"async\" src=\"https:\/\/gradskimuzej.subotica.rs\/wp-content\/uploads\/2019\/04\/Museion-13-710x1024.jpg\" alt=\"\" class=\"wp-image-2173\" width=\"314\" height=\"452\" srcset=\"https:\/\/gradskimuzej.subotica.rs\/wp-content\/uploads\/2019\/04\/Museion-13-710x1024.jpg 710w, https:\/\/gradskimuzej.subotica.rs\/wp-content\/uploads\/2019\/04\/Museion-13-208x300.jpg 208w, https:\/\/gradskimuzej.subotica.rs\/wp-content\/uploads\/2019\/04\/Museion-13-347x500.jpg 347w, https:\/\/gradskimuzej.subotica.rs\/wp-content\/uploads\/2019\/04\/Museion-13.jpg 766w\" sizes=\"(max-width: 314px) 100vw, 314px\" \/><\/figure><\/figure><\/div>\n\n\n<hr>\n<h5><a href=\"\/?page_id=7808&amp;lang=sr\"><span class=\"badge badge-secondary\">Museion<\/span><\/a><\/h5>\n<hr>\n\n\n\n\n<p>Gradski muzej u Subotici osnovan je 1948. godine, u vreme velikog zamaha posleratnog razvitka i entuzijazma. Iz tog perioda datira i izdava\u010dka delatnost Muzeja, u po\u010detku skromnih razmera, ali veoma zna\u010dajna kao ogledalo rada i stvarala\u010dkog napora muzejskih radnika da se pro\u0161lost zavi\u010daja i istorija kulture otme zaboravu.<\/p>\n\n\n\n<p>Bibliografija muzejskih izdanja danas broji preko 100 jedinica koje \u010dine katalozi, monografije, vodi\u010di i godi\u0161njak <em>Museion<\/em>.\n Pojedina izdanja svode se na skromne kataloge od dva lista, dok su \ntematski katalozi i monografije iz raznih oblasti muzejske delatnosti, \nbogato opremljeni i stru\u010dno veoma sadr\u017eajni.<\/p>\n\n\n\n<p>Godi\u0161njak Gradskog muzeja Subotica \u2013 <em>Museion<\/em> pojavio se tek 2001. godine, iako je oduvek postojala potreba za stru\u010dnom periodi\u010dnom publikacijom u kojoj se objavljuju rezultati stru\u010dno-istra\u017eiva\u010dkog rada rukovodilaca pojedinih zbirki: arheolo\u0161ke, etnolo\u0161ke, istorijske, istorije umetnosti, prirodnja\u010dke kao i konzervatorske radionice i biblioteke. Ovaj stru\u010dni \u010dasopis izlazi uporedo na srpskom, hrvatskom i ma\u0111arskom jeziku i registrovan je pod stru\u010dnim brojem ISSN \u2013 1451-1274. U pripremi je najnoviji broj i uvek izaziva veliko interesovanje stru\u010dne javnosti jer se razmenjuje sa srodnim publikacijama u Srbiji. U dosada\u0161njim brojevima <em>Museiona<\/em> (broj 1, 2, 8, 20) objavljena je bibliografija izdanja Gradskog muzeja Subotica od 1948. do 2021. godine.<\/p>\n\n\n\n<p>Izdava\u010dka delatnost veoma je zna\u010dajna u sveukupnom radu Gradskog \nmuzeja Subotica jer \u010dini dostupnim bogatstvo i raznovrsnost muzejskih \nzbirki kako posetiocima i gra\u0111anima, tako i zainteresovanima za \nkulturno-istorijske i umetni\u010dke vrednosti Subotice i okoline.<\/p>\n\n\n\n<hr class=\"wp-block-separator has-css-opacity\"\/>\n\n\n\n<ul class=\"wp-block-gallery columns-3 is-cropped wp-block-gallery-1 is-layout-flex wp-block-gallery-is-layout-flex\"><li class=\"blocks-gallery-item\"><figure><img loading=\"lazy\" decoding=\"async\" width=\"770\" height=\"1024\" src=\"https:\/\/gradskimuzej.subotica.rs\/wp-content\/uploads\/2019\/04\/01_1-770x1024.jpg\" alt=\"\" data-id=\"1127\" data-link=\"https:\/\/gradskimuzej.subotica.rs\/?attachment_id=1127\"  class=\"wp-image-2174\" srcset=\"https:\/\/gradskimuzej.subotica.rs\/wp-content\/uploads\/2019\/04\/01_1.jpg 770w, https:\/\/gradskimuzej.subotica.rs\/wp-content\/uploads\/2019\/04\/01_1-226x300.jpg 226w, https:\/\/gradskimuzej.subotica.rs\/wp-content\/uploads\/2019\/04\/01_1-376x500.jpg 376w, https:\/\/gradskimuzej.subotica.rs\/wp-content\/uploads\/2019\/04\/01_1-768x1021.jpg 768w\" sizes=\"(max-width: 770px) 100vw, 770px\" \/><\/figure><\/li><li class=\"blocks-gallery-item\"><figure><img loading=\"lazy\" decoding=\"async\" width=\"692\" height=\"1024\" src=\"https:\/\/gradskimuzej.subotica.rs\/wp-content\/uploads\/2019\/04\/002-692x1024.jpg\" alt=\"\" data-id=\"1128\" data-link=\"https:\/\/gradskimuzej.subotica.rs\/?attachment_id=1128\"  class=\"wp-image-2175\" srcset=\"https:\/\/gradskimuzej.subotica.rs\/wp-content\/uploads\/2019\/04\/002.jpg 692w, https:\/\/gradskimuzej.subotica.rs\/wp-content\/uploads\/2019\/04\/002-203x300.jpg 203w, https:\/\/gradskimuzej.subotica.rs\/wp-content\/uploads\/2019\/04\/002-338x500.jpg 338w\" sizes=\"(max-width: 692px) 100vw, 692px\" \/><\/figure><\/li><li class=\"blocks-gallery-item\"><figure><img loading=\"lazy\" decoding=\"async\" width=\"992\" height=\"1024\" src=\"https:\/\/gradskimuzej.subotica.rs\/wp-content\/uploads\/2019\/04\/02_0-992x1024.jpg\" alt=\"\" data-id=\"1129\" data-link=\"https:\/\/gradskimuzej.subotica.rs\/?attachment_id=1129\"  class=\"wp-image-2176\" srcset=\"https:\/\/gradskimuzej.subotica.rs\/wp-content\/uploads\/2019\/04\/02_0.jpg 992w, https:\/\/gradskimuzej.subotica.rs\/wp-content\/uploads\/2019\/04\/02_0-291x300.jpg 291w, https:\/\/gradskimuzej.subotica.rs\/wp-content\/uploads\/2019\/04\/02_0-484x500.jpg 484w, https:\/\/gradskimuzej.subotica.rs\/wp-content\/uploads\/2019\/04\/02_0-768x793.jpg 768w\" sizes=\"(max-width: 992px) 100vw, 992px\" \/><\/figure><\/li><li class=\"blocks-gallery-item\"><figure><img loading=\"lazy\" decoding=\"async\" width=\"809\" height=\"1024\" src=\"https:\/\/gradskimuzej.subotica.rs\/wp-content\/uploads\/2019\/04\/03-809x1024.jpg\" alt=\"\" data-id=\"1130\" data-link=\"https:\/\/gradskimuzej.subotica.rs\/?attachment_id=1130\"  class=\"wp-image-2177\" srcset=\"https:\/\/gradskimuzej.subotica.rs\/wp-content\/uploads\/2019\/04\/03.jpg 809w, https:\/\/gradskimuzej.subotica.rs\/wp-content\/uploads\/2019\/04\/03-237x300.jpg 237w, https:\/\/gradskimuzej.subotica.rs\/wp-content\/uploads\/2019\/04\/03-395x500.jpg 395w, https:\/\/gradskimuzej.subotica.rs\/wp-content\/uploads\/2019\/04\/03-768x972.jpg 768w\" sizes=\"(max-width: 809px) 100vw, 809px\" \/><\/figure><\/li><li class=\"blocks-gallery-item\"><figure><img loading=\"lazy\" decoding=\"async\" width=\"743\" height=\"1024\" src=\"https:\/\/gradskimuzej.subotica.rs\/wp-content\/uploads\/2019\/04\/003-743x1024.jpg\" alt=\"\" data-id=\"1131\" data-link=\"https:\/\/gradskimuzej.subotica.rs\/?attachment_id=1131\"  class=\"wp-image-2178\" srcset=\"https:\/\/gradskimuzej.subotica.rs\/wp-content\/uploads\/2019\/04\/003.jpg 743w, https:\/\/gradskimuzej.subotica.rs\/wp-content\/uploads\/2019\/04\/003-218x300.jpg 218w, https:\/\/gradskimuzej.subotica.rs\/wp-content\/uploads\/2019\/04\/003-363x500.jpg 363w\" sizes=\"(max-width: 743px) 100vw, 743px\" \/><\/figure><\/li><li class=\"blocks-gallery-item\"><figure><img loading=\"lazy\" decoding=\"async\" width=\"1012\" height=\"1024\" src=\"https:\/\/gradskimuzej.subotica.rs\/wp-content\/uploads\/2019\/04\/03_0-1012x1024.jpg\" alt=\"\" data-id=\"1132\" data-link=\"https:\/\/gradskimuzej.subotica.rs\/?attachment_id=1132\"  class=\"wp-image-2179\" srcset=\"https:\/\/gradskimuzej.subotica.rs\/wp-content\/uploads\/2019\/04\/03_0.jpg 1012w, https:\/\/gradskimuzej.subotica.rs\/wp-content\/uploads\/2019\/04\/03_0-296x300.jpg 296w, https:\/\/gradskimuzej.subotica.rs\/wp-content\/uploads\/2019\/04\/03_0-494x500.jpg 494w, https:\/\/gradskimuzej.subotica.rs\/wp-content\/uploads\/2019\/04\/03_0-768x777.jpg 768w\" sizes=\"(max-width: 1012px) 100vw, 1012px\" \/><\/figure><\/li><li class=\"blocks-gallery-item\"><figure><img loading=\"lazy\" decoding=\"async\" width=\"1024\" height=\"901\" src=\"https:\/\/gradskimuzej.subotica.rs\/wp-content\/uploads\/2019\/04\/04-1024x901.jpg\" alt=\"\" data-id=\"1133\" data-link=\"https:\/\/gradskimuzej.subotica.rs\/?attachment_id=1133\"  class=\"wp-image-2180\" srcset=\"https:\/\/gradskimuzej.subotica.rs\/wp-content\/uploads\/2019\/04\/04.jpg 1024w, https:\/\/gradskimuzej.subotica.rs\/wp-content\/uploads\/2019\/04\/04-341x300.jpg 341w, https:\/\/gradskimuzej.subotica.rs\/wp-content\/uploads\/2019\/04\/04-568x500.jpg 568w, https:\/\/gradskimuzej.subotica.rs\/wp-content\/uploads\/2019\/04\/04-768x676.jpg 768w\" sizes=\"(max-width: 1024px) 100vw, 1024px\" \/><\/figure><\/li><li class=\"blocks-gallery-item\"><figure><img loading=\"lazy\" decoding=\"async\" width=\"1024\" height=\"688\" src=\"https:\/\/gradskimuzej.subotica.rs\/wp-content\/uploads\/2019\/04\/004-1024x688.jpg\" alt=\"\" data-id=\"1134\" data-link=\"https:\/\/gradskimuzej.subotica.rs\/?attachment_id=1134\"  class=\"wp-image-2181\" srcset=\"https:\/\/gradskimuzej.subotica.rs\/wp-content\/uploads\/2019\/04\/004.jpg 1024w, https:\/\/gradskimuzej.subotica.rs\/wp-content\/uploads\/2019\/04\/004-400x269.jpg 400w, https:\/\/gradskimuzej.subotica.rs\/wp-content\/uploads\/2019\/04\/004-744x500.jpg 744w, https:\/\/gradskimuzej.subotica.rs\/wp-content\/uploads\/2019\/04\/004-768x516.jpg 768w\" sizes=\"(max-width: 1024px) 100vw, 1024px\" \/><\/figure><\/li><li class=\"blocks-gallery-item\"><figure><img loading=\"lazy\" decoding=\"async\" width=\"1024\" height=\"716\" src=\"https:\/\/gradskimuzej.subotica.rs\/wp-content\/uploads\/2019\/04\/04_0-1024x716.jpg\" alt=\"\" data-id=\"1135\" data-link=\"https:\/\/gradskimuzej.subotica.rs\/?attachment_id=1135\"  class=\"wp-image-2182\" srcset=\"https:\/\/gradskimuzej.subotica.rs\/wp-content\/uploads\/2019\/04\/04_0.jpg 1024w, https:\/\/gradskimuzej.subotica.rs\/wp-content\/uploads\/2019\/04\/04_0-400x280.jpg 400w, https:\/\/gradskimuzej.subotica.rs\/wp-content\/uploads\/2019\/04\/04_0-715x500.jpg 715w, https:\/\/gradskimuzej.subotica.rs\/wp-content\/uploads\/2019\/04\/04_0-768x537.jpg 768w\" sizes=\"(max-width: 1024px) 100vw, 1024px\" \/><\/figure><\/li><li class=\"blocks-gallery-item\"><figure><img loading=\"lazy\" decoding=\"async\" width=\"701\" height=\"1024\" src=\"https:\/\/gradskimuzej.subotica.rs\/wp-content\/uploads\/2019\/04\/005-701x1024.jpg\" alt=\"\" data-id=\"1136\" data-link=\"https:\/\/gradskimuzej.subotica.rs\/?attachment_id=1136\"  class=\"wp-image-2183\" srcset=\"https:\/\/gradskimuzej.subotica.rs\/wp-content\/uploads\/2019\/04\/005.jpg 701w, https:\/\/gradskimuzej.subotica.rs\/wp-content\/uploads\/2019\/04\/005-205x300.jpg 205w, https:\/\/gradskimuzej.subotica.rs\/wp-content\/uploads\/2019\/04\/005-342x500.jpg 342w\" sizes=\"(max-width: 701px) 100vw, 701px\" \/><\/figure><\/li><li class=\"blocks-gallery-item\"><figure><img loading=\"lazy\" decoding=\"async\" width=\"699\" height=\"1024\" src=\"https:\/\/gradskimuzej.subotica.rs\/wp-content\/uploads\/2019\/04\/06-699x1024.jpg\" alt=\"\" data-id=\"1137\" data-link=\"https:\/\/gradskimuzej.subotica.rs\/?attachment_id=1137\"  class=\"wp-image-2184\" srcset=\"https:\/\/gradskimuzej.subotica.rs\/wp-content\/uploads\/2019\/04\/06.jpg 699w, https:\/\/gradskimuzej.subotica.rs\/wp-content\/uploads\/2019\/04\/06-205x300.jpg 205w, https:\/\/gradskimuzej.subotica.rs\/wp-content\/uploads\/2019\/04\/06-341x500.jpg 341w\" sizes=\"(max-width: 699px) 100vw, 699px\" \/><\/figure><\/li><li class=\"blocks-gallery-item\"><figure><img loading=\"lazy\" decoding=\"async\" width=\"743\" height=\"1024\" src=\"https:\/\/gradskimuzej.subotica.rs\/wp-content\/uploads\/2019\/04\/006-743x1024.jpg\" alt=\"\" data-id=\"1138\" data-link=\"https:\/\/gradskimuzej.subotica.rs\/?attachment_id=1138\"  class=\"wp-image-2185\" srcset=\"https:\/\/gradskimuzej.subotica.rs\/wp-content\/uploads\/2019\/04\/006.jpg 743w, https:\/\/gradskimuzej.subotica.rs\/wp-content\/uploads\/2019\/04\/006-218x300.jpg 218w, https:\/\/gradskimuzej.subotica.rs\/wp-content\/uploads\/2019\/04\/006-363x500.jpg 363w\" sizes=\"(max-width: 743px) 100vw, 743px\" \/><\/figure><\/li><li class=\"blocks-gallery-item\"><figure><img loading=\"lazy\" decoding=\"async\" width=\"1024\" height=\"979\" src=\"https:\/\/gradskimuzej.subotica.rs\/wp-content\/uploads\/2019\/04\/07-1024x979.jpg\" alt=\"\" data-id=\"1139\" data-link=\"https:\/\/gradskimuzej.subotica.rs\/?attachment_id=1139\"  class=\"wp-image-2186\" srcset=\"https:\/\/gradskimuzej.subotica.rs\/wp-content\/uploads\/2019\/04\/07.jpg 1024w, https:\/\/gradskimuzej.subotica.rs\/wp-content\/uploads\/2019\/04\/07-314x300.jpg 314w, https:\/\/gradskimuzej.subotica.rs\/wp-content\/uploads\/2019\/04\/07-523x500.jpg 523w, https:\/\/gradskimuzej.subotica.rs\/wp-content\/uploads\/2019\/04\/07-768x734.jpg 768w\" sizes=\"(max-width: 1024px) 100vw, 1024px\" \/><\/figure><\/li><li class=\"blocks-gallery-item\"><figure><img loading=\"lazy\" decoding=\"async\" width=\"1024\" height=\"947\" src=\"https:\/\/gradskimuzej.subotica.rs\/wp-content\/uploads\/2019\/04\/08-1024x947.jpg\" alt=\"\" data-id=\"1140\" data-link=\"https:\/\/gradskimuzej.subotica.rs\/?attachment_id=1140\"  class=\"wp-image-2187\" srcset=\"https:\/\/gradskimuzej.subotica.rs\/wp-content\/uploads\/2019\/04\/08.jpg 1024w, https:\/\/gradskimuzej.subotica.rs\/wp-content\/uploads\/2019\/04\/08-324x300.jpg 324w, https:\/\/gradskimuzej.subotica.rs\/wp-content\/uploads\/2019\/04\/08-541x500.jpg 541w, https:\/\/gradskimuzej.subotica.rs\/wp-content\/uploads\/2019\/04\/08-768x710.jpg 768w\" sizes=\"(max-width: 1024px) 100vw, 1024px\" \/><\/figure><\/li><li class=\"blocks-gallery-item\"><figure><img loading=\"lazy\" decoding=\"async\" width=\"762\" height=\"1024\" src=\"https:\/\/gradskimuzej.subotica.rs\/wp-content\/uploads\/2019\/04\/008-762x1024.jpg\" alt=\"\" data-id=\"1141\" data-link=\"https:\/\/gradskimuzej.subotica.rs\/?attachment_id=1141\"  class=\"wp-image-2188\" srcset=\"https:\/\/gradskimuzej.subotica.rs\/wp-content\/uploads\/2019\/04\/008.jpg 762w, https:\/\/gradskimuzej.subotica.rs\/wp-content\/uploads\/2019\/04\/008-223x300.jpg 223w, https:\/\/gradskimuzej.subotica.rs\/wp-content\/uploads\/2019\/04\/008-372x500.jpg 372w\" sizes=\"(max-width: 762px) 100vw, 762px\" \/><\/figure><\/li><li class=\"blocks-gallery-item\"><figure><img loading=\"lazy\" decoding=\"async\" width=\"1024\" height=\"968\" src=\"https:\/\/gradskimuzej.subotica.rs\/wp-content\/uploads\/2019\/04\/009-1024x968.jpg\" alt=\"\" data-id=\"1142\" data-link=\"https:\/\/gradskimuzej.subotica.rs\/?attachment_id=1142\"  class=\"wp-image-2189\" srcset=\"https:\/\/gradskimuzej.subotica.rs\/wp-content\/uploads\/2019\/04\/009.jpg 1024w, https:\/\/gradskimuzej.subotica.rs\/wp-content\/uploads\/2019\/04\/009-317x300.jpg 317w, https:\/\/gradskimuzej.subotica.rs\/wp-content\/uploads\/2019\/04\/009-529x500.jpg 529w, https:\/\/gradskimuzej.subotica.rs\/wp-content\/uploads\/2019\/04\/009-768x726.jpg 768w\" sizes=\"(max-width: 1024px) 100vw, 1024px\" \/><\/figure><\/li><li class=\"blocks-gallery-item\"><figure><img loading=\"lazy\" decoding=\"async\" width=\"1024\" height=\"998\" src=\"https:\/\/gradskimuzej.subotica.rs\/wp-content\/uploads\/2019\/04\/010-1024x998.jpg\" alt=\"\" data-id=\"1143\" data-link=\"https:\/\/gradskimuzej.subotica.rs\/?attachment_id=1143\"  class=\"wp-image-2190\" srcset=\"https:\/\/gradskimuzej.subotica.rs\/wp-content\/uploads\/2019\/04\/010.jpg 1024w, https:\/\/gradskimuzej.subotica.rs\/wp-content\/uploads\/2019\/04\/010-308x300.jpg 308w, https:\/\/gradskimuzej.subotica.rs\/wp-content\/uploads\/2019\/04\/010-513x500.jpg 513w, https:\/\/gradskimuzej.subotica.rs\/wp-content\/uploads\/2019\/04\/010-768x749.jpg 768w\" sizes=\"(max-width: 1024px) 100vw, 1024px\" \/><\/figure><\/li><li class=\"blocks-gallery-item\"><figure><img loading=\"lazy\" decoding=\"async\" width=\"1024\" height=\"940\" src=\"https:\/\/gradskimuzej.subotica.rs\/wp-content\/uploads\/2019\/04\/011-1024x940.jpg\" alt=\"\" data-id=\"1144\" data-link=\"https:\/\/gradskimuzej.subotica.rs\/?attachment_id=1144\"  class=\"wp-image-2191\" srcset=\"https:\/\/gradskimuzej.subotica.rs\/wp-content\/uploads\/2019\/04\/011.jpg 1024w, https:\/\/gradskimuzej.subotica.rs\/wp-content\/uploads\/2019\/04\/011-327x300.jpg 327w, https:\/\/gradskimuzej.subotica.rs\/wp-content\/uploads\/2019\/04\/011-545x500.jpg 545w, https:\/\/gradskimuzej.subotica.rs\/wp-content\/uploads\/2019\/04\/011-768x705.jpg 768w\" sizes=\"(max-width: 1024px) 100vw, 1024px\" \/><\/figure><\/li><li class=\"blocks-gallery-item\"><figure><img loading=\"lazy\" decoding=\"async\" width=\"700\" height=\"1024\" src=\"https:\/\/gradskimuzej.subotica.rs\/wp-content\/uploads\/2019\/04\/012-700x1024.jpg\" alt=\"\" data-id=\"1145\" data-link=\"https:\/\/gradskimuzej.subotica.rs\/?attachment_id=1145\"  class=\"wp-image-2192\" srcset=\"https:\/\/gradskimuzej.subotica.rs\/wp-content\/uploads\/2019\/04\/012.jpg 700w, https:\/\/gradskimuzej.subotica.rs\/wp-content\/uploads\/2019\/04\/012-205x300.jpg 205w, https:\/\/gradskimuzej.subotica.rs\/wp-content\/uploads\/2019\/04\/012-342x500.jpg 342w\" sizes=\"(max-width: 700px) 100vw, 700px\" \/><\/figure><\/li><li class=\"blocks-gallery-item\"><figure><img loading=\"lazy\" decoding=\"async\" width=\"743\" height=\"1024\" src=\"https:\/\/gradskimuzej.subotica.rs\/wp-content\/uploads\/2019\/04\/013-743x1024.jpg\" alt=\"\" data-id=\"1146\" data-link=\"https:\/\/gradskimuzej.subotica.rs\/?attachment_id=1146\"  class=\"wp-image-2193\" srcset=\"https:\/\/gradskimuzej.subotica.rs\/wp-content\/uploads\/2019\/04\/013.jpg 743w, https:\/\/gradskimuzej.subotica.rs\/wp-content\/uploads\/2019\/04\/013-218x300.jpg 218w, https:\/\/gradskimuzej.subotica.rs\/wp-content\/uploads\/2019\/04\/013-363x500.jpg 363w\" sizes=\"(max-width: 743px) 100vw, 743px\" \/><\/figure><\/li><li class=\"blocks-gallery-item\"><figure><img loading=\"lazy\" decoding=\"async\" width=\"743\" height=\"1024\" src=\"https:\/\/gradskimuzej.subotica.rs\/wp-content\/uploads\/2019\/04\/014-743x1024.jpg\" alt=\"\" data-id=\"1147\" data-link=\"https:\/\/gradskimuzej.subotica.rs\/?attachment_id=1147\"  class=\"wp-image-2194\" srcset=\"https:\/\/gradskimuzej.subotica.rs\/wp-content\/uploads\/2019\/04\/014.jpg 743w, https:\/\/gradskimuzej.subotica.rs\/wp-content\/uploads\/2019\/04\/014-218x300.jpg 218w, https:\/\/gradskimuzej.subotica.rs\/wp-content\/uploads\/2019\/04\/014-363x500.jpg 363w\" sizes=\"(max-width: 743px) 100vw, 743px\" \/><\/figure><\/li><li class=\"blocks-gallery-item\"><figure><img loading=\"lazy\" decoding=\"async\" width=\"743\" height=\"1024\" src=\"https:\/\/gradskimuzej.subotica.rs\/wp-content\/uploads\/2019\/04\/015-743x1024.jpg\" alt=\"\" data-id=\"1148\" data-link=\"https:\/\/gradskimuzej.subotica.rs\/?attachment_id=1148\"  class=\"wp-image-2195\" srcset=\"https:\/\/gradskimuzej.subotica.rs\/wp-content\/uploads\/2019\/04\/015.jpg 743w, https:\/\/gradskimuzej.subotica.rs\/wp-content\/uploads\/2019\/04\/015-218x300.jpg 218w, https:\/\/gradskimuzej.subotica.rs\/wp-content\/uploads\/2019\/04\/015-363x500.jpg 363w\" sizes=\"(max-width: 743px) 100vw, 743px\" \/><\/figure><\/li><li class=\"blocks-gallery-item\"><figure><img loading=\"lazy\" decoding=\"async\" width=\"993\" height=\"1024\" src=\"https:\/\/gradskimuzej.subotica.rs\/wp-content\/uploads\/2019\/04\/016-993x1024.jpg\" alt=\"\" data-id=\"1149\" data-link=\"https:\/\/gradskimuzej.subotica.rs\/?attachment_id=1149\"  class=\"wp-image-2196\" srcset=\"https:\/\/gradskimuzej.subotica.rs\/wp-content\/uploads\/2019\/04\/016.jpg 993w, https:\/\/gradskimuzej.subotica.rs\/wp-content\/uploads\/2019\/04\/016-291x300.jpg 291w, https:\/\/gradskimuzej.subotica.rs\/wp-content\/uploads\/2019\/04\/016-485x500.jpg 485w, https:\/\/gradskimuzej.subotica.rs\/wp-content\/uploads\/2019\/04\/016-768x792.jpg 768w\" sizes=\"(max-width: 993px) 100vw, 993px\" \/><\/figure><\/li><li class=\"blocks-gallery-item\"><figure><img loading=\"lazy\" decoding=\"async\" width=\"990\" height=\"1024\" src=\"https:\/\/gradskimuzej.subotica.rs\/wp-content\/uploads\/2019\/04\/017-990x1024.jpg\" alt=\"\" data-id=\"1150\" data-link=\"https:\/\/gradskimuzej.subotica.rs\/?attachment_id=1150\"  class=\"wp-image-2197\" srcset=\"https:\/\/gradskimuzej.subotica.rs\/wp-content\/uploads\/2019\/04\/017.jpg 990w, https:\/\/gradskimuzej.subotica.rs\/wp-content\/uploads\/2019\/04\/017-290x300.jpg 290w, https:\/\/gradskimuzej.subotica.rs\/wp-content\/uploads\/2019\/04\/017-483x500.jpg 483w, https:\/\/gradskimuzej.subotica.rs\/wp-content\/uploads\/2019\/04\/017-768x794.jpg 768w\" sizes=\"(max-width: 990px) 100vw, 990px\" \/><\/figure><\/li><li class=\"blocks-gallery-item\"><figure><img loading=\"lazy\" decoding=\"async\" width=\"1024\" height=\"939\" src=\"https:\/\/gradskimuzej.subotica.rs\/wp-content\/uploads\/2019\/04\/020-1024x939.jpg\" alt=\"\" data-id=\"1152\" data-link=\"https:\/\/gradskimuzej.subotica.rs\/?attachment_id=1152\"  class=\"wp-image-2198\" srcset=\"https:\/\/gradskimuzej.subotica.rs\/wp-content\/uploads\/2019\/04\/020.jpg 1024w, https:\/\/gradskimuzej.subotica.rs\/wp-content\/uploads\/2019\/04\/020-327x300.jpg 327w, https:\/\/gradskimuzej.subotica.rs\/wp-content\/uploads\/2019\/04\/020-545x500.jpg 545w, https:\/\/gradskimuzej.subotica.rs\/wp-content\/uploads\/2019\/04\/020-768x704.jpg 768w\" sizes=\"(max-width: 1024px) 100vw, 1024px\" \/><\/figure><\/li><li class=\"blocks-gallery-item\"><figure><img loading=\"lazy\" decoding=\"async\" width=\"743\" height=\"1024\" src=\"https:\/\/gradskimuzej.subotica.rs\/wp-content\/uploads\/2019\/04\/021-743x1024.jpg\" alt=\"\" data-id=\"1153\" data-link=\"https:\/\/gradskimuzej.subotica.rs\/?attachment_id=1153\"  class=\"wp-image-2199\" srcset=\"https:\/\/gradskimuzej.subotica.rs\/wp-content\/uploads\/2019\/04\/021.jpg 743w, https:\/\/gradskimuzej.subotica.rs\/wp-content\/uploads\/2019\/04\/021-218x300.jpg 218w, https:\/\/gradskimuzej.subotica.rs\/wp-content\/uploads\/2019\/04\/021-363x500.jpg 363w\" sizes=\"(max-width: 743px) 100vw, 743px\" \/><\/figure><\/li><li class=\"blocks-gallery-item\"><figure><img loading=\"lazy\" decoding=\"async\" width=\"743\" height=\"1024\" src=\"https:\/\/gradskimuzej.subotica.rs\/wp-content\/uploads\/2019\/04\/022-743x1024.jpg\" alt=\"\" data-id=\"1154\" data-link=\"https:\/\/gradskimuzej.subotica.rs\/?attachment_id=1154\"  class=\"wp-image-2200\" srcset=\"https:\/\/gradskimuzej.subotica.rs\/wp-content\/uploads\/2019\/04\/022.jpg 743w, https:\/\/gradskimuzej.subotica.rs\/wp-content\/uploads\/2019\/04\/022-218x300.jpg 218w, https:\/\/gradskimuzej.subotica.rs\/wp-content\/uploads\/2019\/04\/022-363x500.jpg 363w\" sizes=\"(max-width: 743px) 100vw, 743px\" \/><\/figure><\/li><li class=\"blocks-gallery-item\"><figure><img loading=\"lazy\" decoding=\"async\" width=\"770\" height=\"1024\" src=\"https:\/\/gradskimuzej.subotica.rs\/wp-content\/uploads\/2019\/04\/scanimage004-770x1024.jpg\" alt=\"\" data-id=\"1155\" data-link=\"https:\/\/gradskimuzej.subotica.rs\/?attachment_id=1155\"  class=\"wp-image-2201\" srcset=\"https:\/\/gradskimuzej.subotica.rs\/wp-content\/uploads\/2019\/04\/scanimage004.jpg 770w, https:\/\/gradskimuzej.subotica.rs\/wp-content\/uploads\/2019\/04\/scanimage004-226x300.jpg 226w, https:\/\/gradskimuzej.subotica.rs\/wp-content\/uploads\/2019\/04\/scanimage004-376x500.jpg 376w, https:\/\/gradskimuzej.subotica.rs\/wp-content\/uploads\/2019\/04\/scanimage004-768x1021.jpg 768w\" sizes=\"(max-width: 770px) 100vw, 770px\" \/><\/figure><\/li><li class=\"blocks-gallery-item\"><figure><img loading=\"lazy\" decoding=\"async\" width=\"703\" height=\"1024\" src=\"https:\/\/gradskimuzej.subotica.rs\/wp-content\/uploads\/2019\/04\/scanimage005-703x1024.jpg\" alt=\"\" data-id=\"1156\" data-link=\"https:\/\/gradskimuzej.subotica.rs\/?attachment_id=1156\"  class=\"wp-image-2202\" srcset=\"https:\/\/gradskimuzej.subotica.rs\/wp-content\/uploads\/2019\/04\/scanimage005.jpg 703w, https:\/\/gradskimuzej.subotica.rs\/wp-content\/uploads\/2019\/04\/scanimage005-206x300.jpg 206w, https:\/\/gradskimuzej.subotica.rs\/wp-content\/uploads\/2019\/04\/scanimage005-343x500.jpg 343w\" sizes=\"(max-width: 703px) 100vw, 703px\" \/><\/figure><\/li><li class=\"blocks-gallery-item\"><figure><img loading=\"lazy\" decoding=\"async\" width=\"711\" height=\"1024\" src=\"https:\/\/gradskimuzej.subotica.rs\/wp-content\/uploads\/2019\/04\/scanimage006-711x1024.jpg\" alt=\"\" data-id=\"1157\" data-link=\"https:\/\/gradskimuzej.subotica.rs\/?attachment_id=1157\"  class=\"wp-image-2203\" srcset=\"https:\/\/gradskimuzej.subotica.rs\/wp-content\/uploads\/2019\/04\/scanimage006.jpg 711w, https:\/\/gradskimuzej.subotica.rs\/wp-content\/uploads\/2019\/04\/scanimage006-208x300.jpg 208w, https:\/\/gradskimuzej.subotica.rs\/wp-content\/uploads\/2019\/04\/scanimage006-347x500.jpg 347w\" sizes=\"(max-width: 711px) 100vw, 711px\" \/><\/figure><\/li><\/ul>\n","protected":false},"excerpt":{"rendered":"<p>Gradski muzej u Subotici osnovan je 1948. godine, u vreme velikog zamaha posleratnog razvitka i entuzijazma. Iz tog perioda datira i izdava\u010dka delatnost Muzeja, u po\u010detku skromnih razmera, ali veoma zna\u010dajna kao ogledalo rada i stvarala\u010dkog napora muzejskih radnika da se pro\u0161lost zavi\u010daja i istorija kulture otme zaboravu. Bibliografija muzejskih izdanja danas broji preko 100 [&hellip;]<\/p>\n","protected":false},"author":2,"featured_media":2204,"parent":1534,"menu_order":0,"comment_status":"closed","ping_status":"closed","template":"","meta":{"footnotes":""},"_links":{"self":[{"href":"https:\/\/gradskimuzej.subotica.rs\/index.php?rest_route=\/wp\/v2\/pages\/1571"}],"collection":[{"href":"https:\/\/gradskimuzej.subotica.rs\/index.php?rest_route=\/wp\/v2\/pages"}],"about":[{"href":"https:\/\/gradskimuzej.subotica.rs\/index.php?rest_route=\/wp\/v2\/types\/page"}],"author":[{"embeddable":true,"href":"https:\/\/gradskimuzej.subotica.rs\/index.php?rest_route=\/wp\/v2\/users\/2"}],"replies":[{"embeddable":true,"href":"https:\/\/gradskimuzej.subotica.rs\/index.php?rest_route=%2Fwp%2Fv2%2Fcomments&post=1571"}],"version-history":[{"count":8,"href":"https:\/\/gradskimuzej.subotica.rs\/index.php?rest_route=\/wp\/v2\/pages\/1571\/revisions"}],"predecessor-version":[{"id":7842,"href":"https:\/\/gradskimuzej.subotica.rs\/index.php?rest_route=\/wp\/v2\/pages\/1571\/revisions\/7842"}],"up":[{"embeddable":true,"href":"https:\/\/gradskimuzej.subotica.rs\/index.php?rest_route=\/wp\/v2\/pages\/1534"}],"wp:featuredmedia":[{"embeddable":true,"href":"https:\/\/gradskimuzej.subotica.rs\/index.php?rest_route=\/wp\/v2\/media\/2204"}],"wp:attachment":[{"href":"https:\/\/gradskimuzej.subotica.rs\/index.php?rest_route=%2Fwp%2Fv2%2Fmedia&parent=1571"}],"curies":[{"name":"wp","href":"https:\/\/api.w.org\/{rel}","templated":true}]}}