{"id":1436,"date":"2019-04-19T10:30:31","date_gmt":"2019-04-19T08:30:31","guid":{"rendered":"https:\/\/gradskimuzej.subotica.rs\/?page_id=1436"},"modified":"2025-10-22T10:27:24","modified_gmt":"2025-10-22T08:27:24","slug":"muzeumpedagogiai-osztaly","status":"publish","type":"page","link":"https:\/\/gradskimuzej.subotica.rs\/?page_id=1436&lang=hu","title":{"rendered":"M\u00fazeumpedag\u00f3giai Oszt\u00e1ly"},"content":{"rendered":"\n<div class=\"wp-block-image\"><figure class=\"alignright is-resized\"><img loading=\"lazy\" decoding=\"async\" src=\"https:\/\/gradskimuzej.subotica.rs\/wp-content\/uploads\/2019\/04\/fokep-1024x800.jpg\" alt=\"\"  class=\"wp-image-2054\" width=\"512\" height=\"400\" srcset=\"https:\/\/gradskimuzej.subotica.rs\/wp-content\/uploads\/2019\/04\/fokep-1024x800.jpg 1024w, https:\/\/gradskimuzej.subotica.rs\/wp-content\/uploads\/2019\/04\/fokep-384x300.jpg 384w, https:\/\/gradskimuzej.subotica.rs\/wp-content\/uploads\/2019\/04\/fokep-640x500.jpg 640w, https:\/\/gradskimuzej.subotica.rs\/wp-content\/uploads\/2019\/04\/fokep-768x600.jpg 768w, https:\/\/gradskimuzej.subotica.rs\/wp-content\/uploads\/2019\/04\/fokep.jpg 1840w\" sizes=\"(max-width: 512px) 100vw, 512px\" \/><\/figure><\/div>\n\n\n\n<p>A\nSzabadkai V\u00e1rosi M\u00fazeum tartalmas programokat k\u00edn\u00e1l minden\nkoroszt\u00e1ly sz\u00e1m\u00e1ra, az \u00f3vod\u00e1skort\u00f3l a nyugd\u00edjasig.\nInt\u00e9zm\u00e9ny\u00fcnkben lehet\u0151s\u00e9get ny\u00fajtunk a ki\u00e1ll\u00edt\u00e1sok\nhagyom\u00e1nyos t\u00e1rlatvezet\u00e9se mellett k\u00fcl\u00f6nb\u00f6z\u0151 t\u00edpus\u00fa\nm\u00fazeumpedag\u00f3giai foglalkoz\u00e1sokon val\u00f3 r\u00e9szv\u00e9telre is. \n<\/p>\n\n\n\n<p> A csoportos szakmai t\u00e1rlatvezet\u00e9sek \u00e9s a m\u00fazeumpedag\u00f3giai foglalkoz\u00e1sok minimum l\u00e9tsz\u00e1ma 5, a maximum 30 f\u0151.<br>A szakmai t\u00e1rlatvezet\u00e9sekre \u00e9s a m\u00fazeumpedag\u00f3giai foglalkoz\u00e1sokra el\u0151zetes bejelentkez\u00e9s sz\u00fcks\u00e9ges a +381 (0)24 555 128-as telefonsz\u00e1mon, vagy e-mailben a submuzpedagog@gmail.com c\u00edmen.<br>Jelentkez\u00e9skor k\u00e9rj\u00fck adja meg az al\u00e1bbi adatokat:<br>\u2013 v\u00e1lasztott foglakoz\u00e1s<br>\u2013 csoportl\u00e9tsz\u00e1m<br>\u2013 \u00e9letkor<br>\u2013 el\u00e9rhet\u0151s\u00e9g. <\/p>\n\n\n\n<h5 class=\"wp-block-heading\">V\u00e1laszthat\u00f3 programok<\/h5>\n\n\n\n<p><strong>1. Szakmai t\u00e1rlatvezet\u00e9s<\/strong><br>A csoportos szakmai t\u00e1rlatvezet\u00e9sek sor\u00e1n int\u00e9zm\u00e9ny\u00fcnk muzeol\u00f3gusai mutatj\u00e1k be a kiv\u00e1lasztott id\u0151szaki ki\u00e1ll\u00edt\u00e1st vagy \u00e1lland\u00f3 t\u00e1rlatot.<\/p>\n\n\n\n<p><strong>2. Aktu\u00e1lis ki\u00e1ll\u00edt\u00e1sokhoz kapcsol\u00f3d\u00f3 m\u00fazeumi tan\u00f3r\u00e1k<\/strong><br>A helyi iskol\u00e1k tan\u00e1rai r\u00e9sz\u00e9re lehet\u0151s\u00e9get biztos\u00edtunk azon tantervi \u00f3r\u00e1ik megtart\u00e1s\u00e1ra, melyek k\u00f6t\u0151dnek a m\u00fazeum aktu\u00e1lis ki\u00e1ll\u00edt\u00e1saihoz. Ig\u00e9ny eset\u00e9n technikai eszk\u00f6z\u00f6ket is biztos\u00edtunk (pl. projektor, laptop).<\/p>\n\n\n\n<p><strong>3. M\u00fazeumpedag\u00f3giai programok<\/strong><br>A m\u00fazeumpedag\u00f3giai programjaink c\u00e9lja, hogy az \u00e9rdekl\u0151d\u0151knek k\u00f6tetlen k\u00f6rnyezetben \u00e9lm\u00e9nyszer\u0171 tanul\u00e1st biztos\u00edtsunk, j\u00e1t\u00e9kos, sz\u00f3rakoztat\u00f3 form\u00e1ban. A programok sor\u00e1n lehet\u0151v\u00e9 tessz\u00fck, hogy a r\u00e9sztvev\u0151k felfedezzenek, vizsg\u00e1l\u00f3dhassanak, tapasztalatokat szerezzenek, \u00e9s mindezeket autentikus, val\u00f3di t\u00e1rgyakon kereszt\u00fcl tehetik, t\u00f6bbf\u00e9le \u00e9rz\u00e9kszerv haszn\u00e1lat\u00e1val.<\/p>\n\n\n\n<p><strong>\u00c1lland\u00f3 ki\u00e1ll\u00edt\u00e1saink m\u00fazeumpedag\u00f3giai programjai<\/strong><br>1. <em>Vajdas\u00e1gi Magyar K\u00e9pt\u00e1r (1830\u20131930)<\/em> t\u00e1rlathoz kapcsol\u00f3d\u00f3 program keret\u00e9ben elm\u00e9ly\u00edtj\u00fck a di\u00e1kok szecesszi\u00f3val kapcsolatos tud\u00e1s\u00e1t. A t\u00e1rlatvezet\u00e9s sor\u00e1n bemutatjuk a ki\u00e1ll\u00edt\u00e1s t\u00e1rgyait \u00e9s m\u00e1s m\u00fazeumi t\u00e1rgyakat, de felhaszn\u00e1ljuk a m\u0171v\u00e9szeti oszt\u00e1ly munkat\u00e1rsai \u00e1ltal szerkesztett k\u00e9tnyelv\u0171 munkaf\u00fczetet is.<br>2. A <em>Term\u00e9szet \u00e9s az ember<\/em> c\u00edm\u0171 term\u00e9szettudom\u00e1nyi t\u00e1rlat keretein bel\u00fcl az \u00e9rdekl\u0151d\u0151 csoportok a k\u00f6vetkez\u0151 m\u00fazeumpedag\u00f3giai programokon vehetnek r\u00e9szt:<br>&#8211; <em>J\u00e9gkorszaki \u00f3ri\u00e1sok<\/em> \u2013 foglalkoz\u00e1s az utols\u00f3 glaci\u00e1lis eur\u00f3pai megafaun\u00e1j\u00e1r\u00f3l<br>&#8211; <em>Ismerd meg a f\u00e1inkat<\/em> \u2013 foglalkoz\u00e1s Szabadka utc\u00e1inak f\u00e1ir\u00f3l \u00e9s felismer\u00e9s\u00fckr\u0151l<br>&#8211; <em>Mi z\u00fcmm\u00f6g itt?<\/em> \u2013 fogalkoz\u00e1s a beporz\u00f3 rovarokr\u00f3l<br>&#8211; <em>Madarak  \u2013  a modern dinoszauruszok <\/em>\u2013 foglalkoz\u00e1s a madarak evol\u00faci\u00f3j\u00e1r\u00f3l.<\/p>\n\n\n\n<ul class=\"wp-block-gallery columns-3 is-cropped wp-block-gallery-1 is-layout-flex wp-block-gallery-is-layout-flex\"><li class=\"blocks-gallery-item\"><figure><img loading=\"lazy\" decoding=\"async\" width=\"1024\" height=\"662\" src=\"https:\/\/gradskimuzej.subotica.rs\/wp-content\/uploads\/2019\/04\/1-2-1024x662.jpg\" alt=\"\" data-id=\"1664\" data-link=\"https:\/\/gradskimuzej.subotica.rs\/?attachment_id=1664\"  class=\"wp-image-2055\" srcset=\"https:\/\/gradskimuzej.subotica.rs\/wp-content\/uploads\/2019\/04\/1-2-1024x662.jpg 1024w, https:\/\/gradskimuzej.subotica.rs\/wp-content\/uploads\/2019\/04\/1-2-400x259.jpg 400w, https:\/\/gradskimuzej.subotica.rs\/wp-content\/uploads\/2019\/04\/1-2-773x500.jpg 773w, https:\/\/gradskimuzej.subotica.rs\/wp-content\/uploads\/2019\/04\/1-2-768x497.jpg 768w\" sizes=\"(max-width: 1024px) 100vw, 1024px\" \/><\/figure><\/li><li class=\"blocks-gallery-item\"><figure><img loading=\"lazy\" decoding=\"async\" width=\"1024\" height=\"618\" src=\"https:\/\/gradskimuzej.subotica.rs\/wp-content\/uploads\/2019\/04\/2-1-1024x618.jpg\" alt=\"\" data-id=\"1665\" data-link=\"https:\/\/gradskimuzej.subotica.rs\/?attachment_id=1665\"  class=\"wp-image-2056\" srcset=\"https:\/\/gradskimuzej.subotica.rs\/wp-content\/uploads\/2019\/04\/2-1-1024x618.jpg 1024w, https:\/\/gradskimuzej.subotica.rs\/wp-content\/uploads\/2019\/04\/2-1-400x241.jpg 400w, https:\/\/gradskimuzej.subotica.rs\/wp-content\/uploads\/2019\/04\/2-1-800x483.jpg 800w, https:\/\/gradskimuzej.subotica.rs\/wp-content\/uploads\/2019\/04\/2-1-768x464.jpg 768w\" sizes=\"(max-width: 1024px) 100vw, 1024px\" \/><\/figure><\/li><li class=\"blocks-gallery-item\"><figure><img loading=\"lazy\" decoding=\"async\" width=\"1024\" height=\"683\" src=\"https:\/\/gradskimuzej.subotica.rs\/wp-content\/uploads\/2019\/04\/3-1-1024x683.jpg\" alt=\"\" data-id=\"1666\" data-link=\"https:\/\/gradskimuzej.subotica.rs\/?attachment_id=1666\"  class=\"wp-image-2057\" srcset=\"https:\/\/gradskimuzej.subotica.rs\/wp-content\/uploads\/2019\/04\/3-1-1024x683.jpg 1024w, https:\/\/gradskimuzej.subotica.rs\/wp-content\/uploads\/2019\/04\/3-1-400x267.jpg 400w, https:\/\/gradskimuzej.subotica.rs\/wp-content\/uploads\/2019\/04\/3-1-750x500.jpg 750w, https:\/\/gradskimuzej.subotica.rs\/wp-content\/uploads\/2019\/04\/3-1-768x512.jpg 768w\" sizes=\"(max-width: 1024px) 100vw, 1024px\" \/><\/figure><\/li><li class=\"blocks-gallery-item\"><figure><img loading=\"lazy\" decoding=\"async\" width=\"1024\" height=\"683\" src=\"https:\/\/gradskimuzej.subotica.rs\/wp-content\/uploads\/2019\/04\/4-1024x683.jpg\" alt=\"\" data-id=\"1667\" data-link=\"https:\/\/gradskimuzej.subotica.rs\/?attachment_id=1667\"  class=\"wp-image-2058\" srcset=\"https:\/\/gradskimuzej.subotica.rs\/wp-content\/uploads\/2019\/04\/4-1024x683.jpg 1024w, https:\/\/gradskimuzej.subotica.rs\/wp-content\/uploads\/2019\/04\/4-400x267.jpg 400w, https:\/\/gradskimuzej.subotica.rs\/wp-content\/uploads\/2019\/04\/4-750x500.jpg 750w, https:\/\/gradskimuzej.subotica.rs\/wp-content\/uploads\/2019\/04\/4-768x512.jpg 768w\" sizes=\"(max-width: 1024px) 100vw, 1024px\" \/><\/figure><\/li><li class=\"blocks-gallery-item\"><figure><img loading=\"lazy\" decoding=\"async\" width=\"1024\" height=\"683\" src=\"https:\/\/gradskimuzej.subotica.rs\/wp-content\/uploads\/2019\/04\/5-1024x683.jpg\" alt=\"\" data-id=\"1668\" data-link=\"https:\/\/gradskimuzej.subotica.rs\/?attachment_id=1668\"  class=\"wp-image-2059\" srcset=\"https:\/\/gradskimuzej.subotica.rs\/wp-content\/uploads\/2019\/04\/5-1024x683.jpg 1024w, https:\/\/gradskimuzej.subotica.rs\/wp-content\/uploads\/2019\/04\/5-400x267.jpg 400w, https:\/\/gradskimuzej.subotica.rs\/wp-content\/uploads\/2019\/04\/5-750x500.jpg 750w, https:\/\/gradskimuzej.subotica.rs\/wp-content\/uploads\/2019\/04\/5-768x512.jpg 768w\" sizes=\"(max-width: 1024px) 100vw, 1024px\" \/><\/figure><\/li><li class=\"blocks-gallery-item\"><figure><img loading=\"lazy\" decoding=\"async\" width=\"1024\" height=\"683\" src=\"https:\/\/gradskimuzej.subotica.rs\/wp-content\/uploads\/2019\/04\/6-1024x683.jpg\" alt=\"\" data-id=\"1669\" data-link=\"https:\/\/gradskimuzej.subotica.rs\/?attachment_id=1669\"  class=\"wp-image-2060\" srcset=\"https:\/\/gradskimuzej.subotica.rs\/wp-content\/uploads\/2019\/04\/6-1024x683.jpg 1024w, https:\/\/gradskimuzej.subotica.rs\/wp-content\/uploads\/2019\/04\/6-400x267.jpg 400w, https:\/\/gradskimuzej.subotica.rs\/wp-content\/uploads\/2019\/04\/6-750x500.jpg 750w, https:\/\/gradskimuzej.subotica.rs\/wp-content\/uploads\/2019\/04\/6-768x512.jpg 768w\" sizes=\"(max-width: 1024px) 100vw, 1024px\" \/><\/figure><\/li><li class=\"blocks-gallery-item\"><figure><img loading=\"lazy\" decoding=\"async\" width=\"1024\" height=\"683\" src=\"https:\/\/gradskimuzej.subotica.rs\/wp-content\/uploads\/2019\/04\/7-1024x683.jpg\" alt=\"\" data-id=\"1670\" data-link=\"https:\/\/gradskimuzej.subotica.rs\/?attachment_id=1670\"  class=\"wp-image-2061\" srcset=\"https:\/\/gradskimuzej.subotica.rs\/wp-content\/uploads\/2019\/04\/7-1024x683.jpg 1024w, https:\/\/gradskimuzej.subotica.rs\/wp-content\/uploads\/2019\/04\/7-400x267.jpg 400w, https:\/\/gradskimuzej.subotica.rs\/wp-content\/uploads\/2019\/04\/7-750x500.jpg 750w, https:\/\/gradskimuzej.subotica.rs\/wp-content\/uploads\/2019\/04\/7-768x512.jpg 768w\" sizes=\"(max-width: 1024px) 100vw, 1024px\" \/><\/figure><\/li><li class=\"blocks-gallery-item\"><figure><img loading=\"lazy\" decoding=\"async\" width=\"1024\" height=\"641\" src=\"https:\/\/gradskimuzej.subotica.rs\/wp-content\/uploads\/2019\/04\/8-1024x641.jpg\" alt=\"\" data-id=\"1671\" data-link=\"https:\/\/gradskimuzej.subotica.rs\/?attachment_id=1671\"  class=\"wp-image-2062\" srcset=\"https:\/\/gradskimuzej.subotica.rs\/wp-content\/uploads\/2019\/04\/8-1024x641.jpg 1024w, https:\/\/gradskimuzej.subotica.rs\/wp-content\/uploads\/2019\/04\/8-400x250.jpg 400w, https:\/\/gradskimuzej.subotica.rs\/wp-content\/uploads\/2019\/04\/8-800x500.jpg 800w, https:\/\/gradskimuzej.subotica.rs\/wp-content\/uploads\/2019\/04\/8-768x481.jpg 768w\" sizes=\"(max-width: 1024px) 100vw, 1024px\" \/><\/figure><\/li><li class=\"blocks-gallery-item\"><figure><img loading=\"lazy\" decoding=\"async\" width=\"1024\" height=\"641\" src=\"https:\/\/gradskimuzej.subotica.rs\/wp-content\/uploads\/2019\/04\/IMG_1832-1024x641.jpg\" alt=\"\" data-id=\"1673\" data-link=\"https:\/\/gradskimuzej.subotica.rs\/?attachment_id=1673\"  class=\"wp-image-2063\" srcset=\"https:\/\/gradskimuzej.subotica.rs\/wp-content\/uploads\/2019\/04\/IMG_1832-1024x641.jpg 1024w, https:\/\/gradskimuzej.subotica.rs\/wp-content\/uploads\/2019\/04\/IMG_1832-400x250.jpg 400w, https:\/\/gradskimuzej.subotica.rs\/wp-content\/uploads\/2019\/04\/IMG_1832-800x500.jpg 800w, https:\/\/gradskimuzej.subotica.rs\/wp-content\/uploads\/2019\/04\/IMG_1832-768x481.jpg 768w\" sizes=\"(max-width: 1024px) 100vw, 1024px\" \/><\/figure><\/li><\/ul>\n","protected":false},"excerpt":{"rendered":"<p>A Szabadkai V\u00e1rosi M\u00fazeum tartalmas programokat k\u00edn\u00e1l minden koroszt\u00e1ly sz\u00e1m\u00e1ra, az \u00f3vod\u00e1skort\u00f3l a nyugd\u00edjasig. Int\u00e9zm\u00e9ny\u00fcnkben lehet\u0151s\u00e9get ny\u00fajtunk a ki\u00e1ll\u00edt\u00e1sok hagyom\u00e1nyos t\u00e1rlatvezet\u00e9se mellett k\u00fcl\u00f6nb\u00f6z\u0151 t\u00edpus\u00fa m\u00fazeumpedag\u00f3giai foglalkoz\u00e1sokon val\u00f3 r\u00e9szv\u00e9telre is. A csoportos szakmai t\u00e1rlatvezet\u00e9sek \u00e9s a m\u00fazeumpedag\u00f3giai foglalkoz\u00e1sok minimum l\u00e9tsz\u00e1ma 5, a maximum 30 f\u0151.A szakmai t\u00e1rlatvezet\u00e9sekre \u00e9s a m\u00fazeumpedag\u00f3giai foglalkoz\u00e1sokra el\u0151zetes bejelentkez\u00e9s sz\u00fcks\u00e9ges a +381 [&hellip;]<\/p>\n","protected":false},"author":2,"featured_media":2064,"parent":1064,"menu_order":7,"comment_status":"closed","ping_status":"closed","template":"","meta":{"footnotes":""},"_links":{"self":[{"href":"https:\/\/gradskimuzej.subotica.rs\/index.php?rest_route=\/wp\/v2\/pages\/1436"}],"collection":[{"href":"https:\/\/gradskimuzej.subotica.rs\/index.php?rest_route=\/wp\/v2\/pages"}],"about":[{"href":"https:\/\/gradskimuzej.subotica.rs\/index.php?rest_route=\/wp\/v2\/types\/page"}],"author":[{"embeddable":true,"href":"https:\/\/gradskimuzej.subotica.rs\/index.php?rest_route=\/wp\/v2\/users\/2"}],"replies":[{"embeddable":true,"href":"https:\/\/gradskimuzej.subotica.rs\/index.php?rest_route=%2Fwp%2Fv2%2Fcomments&post=1436"}],"version-history":[{"count":10,"href":"https:\/\/gradskimuzej.subotica.rs\/index.php?rest_route=\/wp\/v2\/pages\/1436\/revisions"}],"predecessor-version":[{"id":7988,"href":"https:\/\/gradskimuzej.subotica.rs\/index.php?rest_route=\/wp\/v2\/pages\/1436\/revisions\/7988"}],"up":[{"embeddable":true,"href":"https:\/\/gradskimuzej.subotica.rs\/index.php?rest_route=\/wp\/v2\/pages\/1064"}],"wp:featuredmedia":[{"embeddable":true,"href":"https:\/\/gradskimuzej.subotica.rs\/index.php?rest_route=\/wp\/v2\/media\/2064"}],"wp:attachment":[{"href":"https:\/\/gradskimuzej.subotica.rs\/index.php?rest_route=%2Fwp%2Fv2%2Fmedia&parent=1436"}],"curies":[{"name":"wp","href":"https:\/\/api.w.org\/{rel}","templated":true}]}}