{"id":1079,"date":"2019-04-23T22:45:30","date_gmt":"2019-04-23T20:45:30","guid":{"rendered":"https:\/\/gradskimuzej.subotica.rs\/?page_id=1079"},"modified":"2025-05-16T11:41:40","modified_gmt":"2025-05-16T09:41:40","slug":"kiadvanyok","status":"publish","type":"page","link":"https:\/\/gradskimuzej.subotica.rs\/?page_id=1079&lang=hu","title":{"rendered":"Kiadv\u00e1nyok"},"content":{"rendered":"\n<div class=\"wp-block-image\"><figure class=\"alignright is-resized\"><figure><img loading=\"lazy\" decoding=\"async\" src=\"https:\/\/gradskimuzej.subotica.rs\/wp-content\/uploads\/2019\/04\/Museion-13-710x1024.jpg\" alt=\"\" class=\"wp-image-2110\" width=\"314\" height=\"452\" srcset=\"https:\/\/gradskimuzej.subotica.rs\/wp-content\/uploads\/2019\/04\/Museion-13-710x1024.jpg 710w, https:\/\/gradskimuzej.subotica.rs\/wp-content\/uploads\/2019\/04\/Museion-13-208x300.jpg 208w, https:\/\/gradskimuzej.subotica.rs\/wp-content\/uploads\/2019\/04\/Museion-13-347x500.jpg 347w, https:\/\/gradskimuzej.subotica.rs\/wp-content\/uploads\/2019\/04\/Museion-13.jpg 766w\" sizes=\"(max-width: 314px) 100vw, 314px\" \/><\/figure><\/figure><\/div>\n\n\n<hr>\n<h5><a href=\"\/?page_id=7813&amp;lang=hu\"><span class=\"badge badge-secondary\">Museion<\/span><\/a><\/h5>\n<hr>\n\n\n\n\n<p>Int\u00e9zm\u00e9ny\u00fcnk 1948-ban, megalap\u00edt\u00e1s\u00e1val egy id\u0151ben kezdte meg kiad\u00f3i tev\u00e9kenys\u00e9g\u00e9t, amely kezdetben csup\u00e1n sz\u0171k keretek k\u00f6z\u00f6tt zajlott, majd egyre nagyobb szerepe lett a m\u00fazeum munkat\u00e1rsai \u00e1ltal v\u00e9gzett alkot\u00f3i tev\u00e9kenys\u00e9g bemutat\u00e1s\u00e1ban.<\/p>\n\n\n\n<p>A m\u00fazeumi kiadv\u00e1nyok bibliogr\u00e1fi\u00e1ja ma t\u00f6bb mint 100 kiadv\u00e1nyt sz\u00e1ml\u00e1l, melyek k\u00f6zt katal\u00f3gusokat, monogr\u00e1fi\u00e1kat, k\u00fcl\u00f6nb\u00f6z\u0151 t\u00e1j\u00e9koztat\u00f3kat \u00e9s a&nbsp;<em>Museion<\/em>&nbsp;c\u00edm\u0171 foly\u00f3iratot tal\u00e1ljuk. A szabadkai V\u00e1rosi M\u00fazeum minden kiadv\u00e1nya h\u00e1rom nyelven: szerb\u00fcl, horv\u00e1tul \u00e9s magyarul jelenik meg. Egyes kiadv\u00e1nyok igen szer\u00e9nyek, mind\u00f6ssze k\u00e9t lapb\u00f3l \u00e1ll\u00f3 katal\u00f3gusok, ugyanakkor olyan, a m\u00fazeum tev\u00e9kenys\u00e9g\u00e9nek k\u00fcl\u00f6nb\u00f6z\u0151 ter\u00fcleteihez kapcsol\u00f3d\u00f3 tematikus katal\u00f3gusok \u00e9s monogr\u00e1fi\u00e1k is megjelentek, amelyek gazdagon illusztr\u00e1ltak \u00e9s szakmailag is tartalmasak.<\/p>\n\n\n\n<p>Noha m\u00e1r az int\u00e9zm\u00e9ny\u00fcnk megalap\u00edt\u00e1sakor is ig\u00e9ny mutatkozott egy m\u00fazeumi szakfoly\u00f3irat ir\u00e1nt, a&nbsp;<em>Museion<\/em>ra, a Szabadkai V\u00e1rosi M\u00fazeum \u00e9vk\u00f6nyv\u00e9re eg\u00e9szen 2001-ig kellett v\u00e1rni. A kiadv\u00e1nyban az egyes gy\u0171jtem\u00e9nyek \u2013 r\u00e9g\u00e9szeti, n\u00e9prajzi, t\u00f6rt\u00e9nelmi, m\u0171v\u00e9szett\u00f6rt\u00e9neti, term\u00e9szettudom\u00e1nyi \u2013, valamint a restaur\u00e1torm\u0171hely \u00e9s a szakk\u00f6nyvt\u00e1r vezet\u0151i \u00e1ltal v\u00e9gzett tudom\u00e1nyos-kutat\u00f3munka eredm\u00e9nyei ker\u00fclnek bemutat\u00e1sra. A foly\u00f3irat szerb, magyar \u00e9s horv\u00e1t nyelv\u0171 tanulm\u00e1nyokat jelentet meg, nemzetk\u00f6zi azonos\u00edt\u00f3ja ISSN-1451-1274. A <em>Museion<\/em>&nbsp;kor\u00e1bbi sz\u00e1maiban (1., 2., 8. \u00e9s 20.) megjelent a szabadkai V\u00e1rosi M\u00fazeum 1948\u20132021. k\u00f6z\u00f6tti kiadv\u00e1nyainak bibliogr\u00e1fi\u00e1ja is.<\/p>\n\n\n\n<p>A kiad\u00f3i tev\u00e9nys\u00e9g k\u00fcl\u00f6n\u00f6sen nagy jelent\u0151s\u00e9ggel b\u00edr a m\u00fazeum munk\u00e1j\u00e1ban, hiszen el\u00e9rhet\u0151v\u00e9 teszi int\u00e9zm\u00e9ny\u00fcnk gazdag \u00e9s sokf\u00e9le gy\u0171jtem\u00e9ny\u00e9t mind a m\u00fazeuml\u00e1togat\u00f3k, mind pedig a Szabadka \u00e9s k\u00f6rny\u00e9ke kult\u00fart\u00f6rt\u00e9neti- \u00e9s m\u0171v\u00e9szeti \u00e9rt\u00e9kei ir\u00e1nt \u00e9rdekl\u0151d\u0151k sz\u00e1m\u00e1ra.<\/p>\n\n\n\n<hr class=\"wp-block-separator has-css-opacity\"\/>\n\n\n\n<ul class=\"wp-block-gallery columns-3 is-cropped wp-block-gallery-1 is-layout-flex wp-block-gallery-is-layout-flex\"><li class=\"blocks-gallery-item\"><figure><img loading=\"lazy\" decoding=\"async\" width=\"770\" height=\"1024\" src=\"https:\/\/gradskimuzej.subotica.rs\/wp-content\/uploads\/2019\/04\/01_1-770x1024.jpg\" alt=\"\" data-id=\"1127\" data-link=\"https:\/\/gradskimuzej.subotica.rs\/?attachment_id=1127\"  class=\"wp-image-2111\" srcset=\"https:\/\/gradskimuzej.subotica.rs\/wp-content\/uploads\/2019\/04\/01_1.jpg 770w, https:\/\/gradskimuzej.subotica.rs\/wp-content\/uploads\/2019\/04\/01_1-226x300.jpg 226w, https:\/\/gradskimuzej.subotica.rs\/wp-content\/uploads\/2019\/04\/01_1-376x500.jpg 376w, https:\/\/gradskimuzej.subotica.rs\/wp-content\/uploads\/2019\/04\/01_1-768x1021.jpg 768w\" sizes=\"(max-width: 770px) 100vw, 770px\" \/><\/figure><\/li><li class=\"blocks-gallery-item\"><figure><img loading=\"lazy\" decoding=\"async\" width=\"692\" height=\"1024\" src=\"https:\/\/gradskimuzej.subotica.rs\/wp-content\/uploads\/2019\/04\/002-692x1024.jpg\" alt=\"\" data-id=\"1128\" data-link=\"https:\/\/gradskimuzej.subotica.rs\/?attachment_id=1128\"  class=\"wp-image-2112\" srcset=\"https:\/\/gradskimuzej.subotica.rs\/wp-content\/uploads\/2019\/04\/002.jpg 692w, https:\/\/gradskimuzej.subotica.rs\/wp-content\/uploads\/2019\/04\/002-203x300.jpg 203w, https:\/\/gradskimuzej.subotica.rs\/wp-content\/uploads\/2019\/04\/002-338x500.jpg 338w\" sizes=\"(max-width: 692px) 100vw, 692px\" \/><\/figure><\/li><li class=\"blocks-gallery-item\"><figure><img loading=\"lazy\" decoding=\"async\" width=\"992\" height=\"1024\" src=\"https:\/\/gradskimuzej.subotica.rs\/wp-content\/uploads\/2019\/04\/02_0-992x1024.jpg\" alt=\"\" data-id=\"1129\" data-link=\"https:\/\/gradskimuzej.subotica.rs\/?attachment_id=1129\"  class=\"wp-image-2113\" srcset=\"https:\/\/gradskimuzej.subotica.rs\/wp-content\/uploads\/2019\/04\/02_0.jpg 992w, https:\/\/gradskimuzej.subotica.rs\/wp-content\/uploads\/2019\/04\/02_0-291x300.jpg 291w, https:\/\/gradskimuzej.subotica.rs\/wp-content\/uploads\/2019\/04\/02_0-484x500.jpg 484w, https:\/\/gradskimuzej.subotica.rs\/wp-content\/uploads\/2019\/04\/02_0-768x793.jpg 768w\" sizes=\"(max-width: 992px) 100vw, 992px\" \/><\/figure><\/li><li class=\"blocks-gallery-item\"><figure><img loading=\"lazy\" decoding=\"async\" width=\"809\" height=\"1024\" src=\"https:\/\/gradskimuzej.subotica.rs\/wp-content\/uploads\/2019\/04\/03-809x1024.jpg\" alt=\"\" data-id=\"1130\" data-link=\"https:\/\/gradskimuzej.subotica.rs\/?attachment_id=1130\"  class=\"wp-image-2114\" srcset=\"https:\/\/gradskimuzej.subotica.rs\/wp-content\/uploads\/2019\/04\/03.jpg 809w, https:\/\/gradskimuzej.subotica.rs\/wp-content\/uploads\/2019\/04\/03-237x300.jpg 237w, https:\/\/gradskimuzej.subotica.rs\/wp-content\/uploads\/2019\/04\/03-395x500.jpg 395w, https:\/\/gradskimuzej.subotica.rs\/wp-content\/uploads\/2019\/04\/03-768x972.jpg 768w\" sizes=\"(max-width: 809px) 100vw, 809px\" \/><\/figure><\/li><li class=\"blocks-gallery-item\"><figure><img loading=\"lazy\" decoding=\"async\" width=\"743\" height=\"1024\" src=\"https:\/\/gradskimuzej.subotica.rs\/wp-content\/uploads\/2019\/04\/003-743x1024.jpg\" alt=\"\" data-id=\"1131\" data-link=\"https:\/\/gradskimuzej.subotica.rs\/?attachment_id=1131\"  class=\"wp-image-2115\" srcset=\"https:\/\/gradskimuzej.subotica.rs\/wp-content\/uploads\/2019\/04\/003.jpg 743w, https:\/\/gradskimuzej.subotica.rs\/wp-content\/uploads\/2019\/04\/003-218x300.jpg 218w, https:\/\/gradskimuzej.subotica.rs\/wp-content\/uploads\/2019\/04\/003-363x500.jpg 363w\" sizes=\"(max-width: 743px) 100vw, 743px\" \/><\/figure><\/li><li class=\"blocks-gallery-item\"><figure><img loading=\"lazy\" decoding=\"async\" width=\"1012\" height=\"1024\" src=\"https:\/\/gradskimuzej.subotica.rs\/wp-content\/uploads\/2019\/04\/03_0-1012x1024.jpg\" alt=\"\" data-id=\"1132\" data-link=\"https:\/\/gradskimuzej.subotica.rs\/?attachment_id=1132\"  class=\"wp-image-2116\" srcset=\"https:\/\/gradskimuzej.subotica.rs\/wp-content\/uploads\/2019\/04\/03_0.jpg 1012w, https:\/\/gradskimuzej.subotica.rs\/wp-content\/uploads\/2019\/04\/03_0-296x300.jpg 296w, https:\/\/gradskimuzej.subotica.rs\/wp-content\/uploads\/2019\/04\/03_0-494x500.jpg 494w, https:\/\/gradskimuzej.subotica.rs\/wp-content\/uploads\/2019\/04\/03_0-768x777.jpg 768w\" sizes=\"(max-width: 1012px) 100vw, 1012px\" \/><\/figure><\/li><li class=\"blocks-gallery-item\"><figure><img loading=\"lazy\" decoding=\"async\" width=\"1024\" height=\"901\" src=\"https:\/\/gradskimuzej.subotica.rs\/wp-content\/uploads\/2019\/04\/04-1024x901.jpg\" alt=\"\" data-id=\"1133\" data-link=\"https:\/\/gradskimuzej.subotica.rs\/?attachment_id=1133\"  class=\"wp-image-2117\" srcset=\"https:\/\/gradskimuzej.subotica.rs\/wp-content\/uploads\/2019\/04\/04.jpg 1024w, https:\/\/gradskimuzej.subotica.rs\/wp-content\/uploads\/2019\/04\/04-341x300.jpg 341w, https:\/\/gradskimuzej.subotica.rs\/wp-content\/uploads\/2019\/04\/04-568x500.jpg 568w, https:\/\/gradskimuzej.subotica.rs\/wp-content\/uploads\/2019\/04\/04-768x676.jpg 768w\" sizes=\"(max-width: 1024px) 100vw, 1024px\" \/><\/figure><\/li><li class=\"blocks-gallery-item\"><figure><img loading=\"lazy\" decoding=\"async\" width=\"1024\" height=\"688\" src=\"https:\/\/gradskimuzej.subotica.rs\/wp-content\/uploads\/2019\/04\/004-1024x688.jpg\" alt=\"\" data-id=\"1134\" data-link=\"https:\/\/gradskimuzej.subotica.rs\/?attachment_id=1134\"  class=\"wp-image-2118\" srcset=\"https:\/\/gradskimuzej.subotica.rs\/wp-content\/uploads\/2019\/04\/004.jpg 1024w, https:\/\/gradskimuzej.subotica.rs\/wp-content\/uploads\/2019\/04\/004-400x269.jpg 400w, https:\/\/gradskimuzej.subotica.rs\/wp-content\/uploads\/2019\/04\/004-744x500.jpg 744w, https:\/\/gradskimuzej.subotica.rs\/wp-content\/uploads\/2019\/04\/004-768x516.jpg 768w\" sizes=\"(max-width: 1024px) 100vw, 1024px\" \/><\/figure><\/li><li class=\"blocks-gallery-item\"><figure><img loading=\"lazy\" decoding=\"async\" width=\"1024\" height=\"716\" src=\"https:\/\/gradskimuzej.subotica.rs\/wp-content\/uploads\/2019\/04\/04_0-1024x716.jpg\" alt=\"\" data-id=\"1135\" data-link=\"https:\/\/gradskimuzej.subotica.rs\/?attachment_id=1135\"  class=\"wp-image-2119\" srcset=\"https:\/\/gradskimuzej.subotica.rs\/wp-content\/uploads\/2019\/04\/04_0.jpg 1024w, https:\/\/gradskimuzej.subotica.rs\/wp-content\/uploads\/2019\/04\/04_0-400x280.jpg 400w, https:\/\/gradskimuzej.subotica.rs\/wp-content\/uploads\/2019\/04\/04_0-715x500.jpg 715w, https:\/\/gradskimuzej.subotica.rs\/wp-content\/uploads\/2019\/04\/04_0-768x537.jpg 768w\" sizes=\"(max-width: 1024px) 100vw, 1024px\" \/><\/figure><\/li><li class=\"blocks-gallery-item\"><figure><img loading=\"lazy\" decoding=\"async\" width=\"701\" height=\"1024\" src=\"https:\/\/gradskimuzej.subotica.rs\/wp-content\/uploads\/2019\/04\/005-701x1024.jpg\" alt=\"\" data-id=\"1136\" data-link=\"https:\/\/gradskimuzej.subotica.rs\/?attachment_id=1136\"  class=\"wp-image-2120\" srcset=\"https:\/\/gradskimuzej.subotica.rs\/wp-content\/uploads\/2019\/04\/005.jpg 701w, https:\/\/gradskimuzej.subotica.rs\/wp-content\/uploads\/2019\/04\/005-205x300.jpg 205w, https:\/\/gradskimuzej.subotica.rs\/wp-content\/uploads\/2019\/04\/005-342x500.jpg 342w\" sizes=\"(max-width: 701px) 100vw, 701px\" \/><\/figure><\/li><li class=\"blocks-gallery-item\"><figure><img loading=\"lazy\" decoding=\"async\" width=\"699\" height=\"1024\" src=\"https:\/\/gradskimuzej.subotica.rs\/wp-content\/uploads\/2019\/04\/06-699x1024.jpg\" alt=\"\" data-id=\"1137\" data-link=\"https:\/\/gradskimuzej.subotica.rs\/?attachment_id=1137\"  class=\"wp-image-2121\" srcset=\"https:\/\/gradskimuzej.subotica.rs\/wp-content\/uploads\/2019\/04\/06.jpg 699w, https:\/\/gradskimuzej.subotica.rs\/wp-content\/uploads\/2019\/04\/06-205x300.jpg 205w, https:\/\/gradskimuzej.subotica.rs\/wp-content\/uploads\/2019\/04\/06-341x500.jpg 341w\" sizes=\"(max-width: 699px) 100vw, 699px\" \/><\/figure><\/li><li class=\"blocks-gallery-item\"><figure><img loading=\"lazy\" decoding=\"async\" width=\"743\" height=\"1024\" src=\"https:\/\/gradskimuzej.subotica.rs\/wp-content\/uploads\/2019\/04\/006-743x1024.jpg\" alt=\"\" data-id=\"1138\" data-link=\"https:\/\/gradskimuzej.subotica.rs\/?attachment_id=1138\"  class=\"wp-image-2122\" srcset=\"https:\/\/gradskimuzej.subotica.rs\/wp-content\/uploads\/2019\/04\/006.jpg 743w, https:\/\/gradskimuzej.subotica.rs\/wp-content\/uploads\/2019\/04\/006-218x300.jpg 218w, https:\/\/gradskimuzej.subotica.rs\/wp-content\/uploads\/2019\/04\/006-363x500.jpg 363w\" sizes=\"(max-width: 743px) 100vw, 743px\" \/><\/figure><\/li><li class=\"blocks-gallery-item\"><figure><img loading=\"lazy\" decoding=\"async\" width=\"1024\" height=\"979\" src=\"https:\/\/gradskimuzej.subotica.rs\/wp-content\/uploads\/2019\/04\/07-1024x979.jpg\" alt=\"\" data-id=\"1139\" data-link=\"https:\/\/gradskimuzej.subotica.rs\/?attachment_id=1139\"  class=\"wp-image-2123\" srcset=\"https:\/\/gradskimuzej.subotica.rs\/wp-content\/uploads\/2019\/04\/07.jpg 1024w, https:\/\/gradskimuzej.subotica.rs\/wp-content\/uploads\/2019\/04\/07-314x300.jpg 314w, https:\/\/gradskimuzej.subotica.rs\/wp-content\/uploads\/2019\/04\/07-523x500.jpg 523w, https:\/\/gradskimuzej.subotica.rs\/wp-content\/uploads\/2019\/04\/07-768x734.jpg 768w\" sizes=\"(max-width: 1024px) 100vw, 1024px\" \/><\/figure><\/li><li class=\"blocks-gallery-item\"><figure><img loading=\"lazy\" decoding=\"async\" width=\"1024\" height=\"947\" src=\"https:\/\/gradskimuzej.subotica.rs\/wp-content\/uploads\/2019\/04\/08-1024x947.jpg\" alt=\"\" data-id=\"1140\" data-link=\"https:\/\/gradskimuzej.subotica.rs\/?attachment_id=1140\"  class=\"wp-image-2124\" srcset=\"https:\/\/gradskimuzej.subotica.rs\/wp-content\/uploads\/2019\/04\/08.jpg 1024w, https:\/\/gradskimuzej.subotica.rs\/wp-content\/uploads\/2019\/04\/08-324x300.jpg 324w, https:\/\/gradskimuzej.subotica.rs\/wp-content\/uploads\/2019\/04\/08-541x500.jpg 541w, https:\/\/gradskimuzej.subotica.rs\/wp-content\/uploads\/2019\/04\/08-768x710.jpg 768w\" sizes=\"(max-width: 1024px) 100vw, 1024px\" \/><\/figure><\/li><li class=\"blocks-gallery-item\"><figure><img loading=\"lazy\" decoding=\"async\" width=\"762\" height=\"1024\" src=\"https:\/\/gradskimuzej.subotica.rs\/wp-content\/uploads\/2019\/04\/008-762x1024.jpg\" alt=\"\" data-id=\"1141\" data-link=\"https:\/\/gradskimuzej.subotica.rs\/?attachment_id=1141\"  class=\"wp-image-2125\" srcset=\"https:\/\/gradskimuzej.subotica.rs\/wp-content\/uploads\/2019\/04\/008.jpg 762w, https:\/\/gradskimuzej.subotica.rs\/wp-content\/uploads\/2019\/04\/008-223x300.jpg 223w, https:\/\/gradskimuzej.subotica.rs\/wp-content\/uploads\/2019\/04\/008-372x500.jpg 372w\" sizes=\"(max-width: 762px) 100vw, 762px\" \/><\/figure><\/li><li class=\"blocks-gallery-item\"><figure><img loading=\"lazy\" decoding=\"async\" width=\"1024\" height=\"968\" src=\"https:\/\/gradskimuzej.subotica.rs\/wp-content\/uploads\/2019\/04\/009-1024x968.jpg\" alt=\"\" data-id=\"1142\" data-link=\"https:\/\/gradskimuzej.subotica.rs\/?attachment_id=1142\"  class=\"wp-image-2126\" srcset=\"https:\/\/gradskimuzej.subotica.rs\/wp-content\/uploads\/2019\/04\/009.jpg 1024w, https:\/\/gradskimuzej.subotica.rs\/wp-content\/uploads\/2019\/04\/009-317x300.jpg 317w, https:\/\/gradskimuzej.subotica.rs\/wp-content\/uploads\/2019\/04\/009-529x500.jpg 529w, https:\/\/gradskimuzej.subotica.rs\/wp-content\/uploads\/2019\/04\/009-768x726.jpg 768w\" sizes=\"(max-width: 1024px) 100vw, 1024px\" \/><\/figure><\/li><li class=\"blocks-gallery-item\"><figure><img loading=\"lazy\" decoding=\"async\" width=\"1024\" height=\"998\" src=\"https:\/\/gradskimuzej.subotica.rs\/wp-content\/uploads\/2019\/04\/010-1024x998.jpg\" alt=\"\" data-id=\"1143\" data-link=\"https:\/\/gradskimuzej.subotica.rs\/?attachment_id=1143\"  class=\"wp-image-2127\" srcset=\"https:\/\/gradskimuzej.subotica.rs\/wp-content\/uploads\/2019\/04\/010.jpg 1024w, https:\/\/gradskimuzej.subotica.rs\/wp-content\/uploads\/2019\/04\/010-308x300.jpg 308w, https:\/\/gradskimuzej.subotica.rs\/wp-content\/uploads\/2019\/04\/010-513x500.jpg 513w, https:\/\/gradskimuzej.subotica.rs\/wp-content\/uploads\/2019\/04\/010-768x749.jpg 768w\" sizes=\"(max-width: 1024px) 100vw, 1024px\" \/><\/figure><\/li><li class=\"blocks-gallery-item\"><figure><img loading=\"lazy\" decoding=\"async\" width=\"1024\" height=\"940\" src=\"https:\/\/gradskimuzej.subotica.rs\/wp-content\/uploads\/2019\/04\/011-1024x940.jpg\" alt=\"\" data-id=\"1144\" data-link=\"https:\/\/gradskimuzej.subotica.rs\/?attachment_id=1144\"  class=\"wp-image-2128\" srcset=\"https:\/\/gradskimuzej.subotica.rs\/wp-content\/uploads\/2019\/04\/011.jpg 1024w, https:\/\/gradskimuzej.subotica.rs\/wp-content\/uploads\/2019\/04\/011-327x300.jpg 327w, https:\/\/gradskimuzej.subotica.rs\/wp-content\/uploads\/2019\/04\/011-545x500.jpg 545w, https:\/\/gradskimuzej.subotica.rs\/wp-content\/uploads\/2019\/04\/011-768x705.jpg 768w\" sizes=\"(max-width: 1024px) 100vw, 1024px\" \/><\/figure><\/li><li class=\"blocks-gallery-item\"><figure><img loading=\"lazy\" decoding=\"async\" width=\"700\" height=\"1024\" src=\"https:\/\/gradskimuzej.subotica.rs\/wp-content\/uploads\/2019\/04\/012-700x1024.jpg\" alt=\"\" data-id=\"1145\" data-link=\"https:\/\/gradskimuzej.subotica.rs\/?attachment_id=1145\"  class=\"wp-image-2129\" srcset=\"https:\/\/gradskimuzej.subotica.rs\/wp-content\/uploads\/2019\/04\/012.jpg 700w, https:\/\/gradskimuzej.subotica.rs\/wp-content\/uploads\/2019\/04\/012-205x300.jpg 205w, https:\/\/gradskimuzej.subotica.rs\/wp-content\/uploads\/2019\/04\/012-342x500.jpg 342w\" sizes=\"(max-width: 700px) 100vw, 700px\" \/><\/figure><\/li><li class=\"blocks-gallery-item\"><figure><img loading=\"lazy\" decoding=\"async\" width=\"743\" height=\"1024\" src=\"https:\/\/gradskimuzej.subotica.rs\/wp-content\/uploads\/2019\/04\/013-743x1024.jpg\" alt=\"\" data-id=\"1146\" data-link=\"https:\/\/gradskimuzej.subotica.rs\/?attachment_id=1146\"  class=\"wp-image-2130\" srcset=\"https:\/\/gradskimuzej.subotica.rs\/wp-content\/uploads\/2019\/04\/013.jpg 743w, https:\/\/gradskimuzej.subotica.rs\/wp-content\/uploads\/2019\/04\/013-218x300.jpg 218w, https:\/\/gradskimuzej.subotica.rs\/wp-content\/uploads\/2019\/04\/013-363x500.jpg 363w\" sizes=\"(max-width: 743px) 100vw, 743px\" \/><\/figure><\/li><li class=\"blocks-gallery-item\"><figure><img loading=\"lazy\" decoding=\"async\" width=\"743\" height=\"1024\" src=\"https:\/\/gradskimuzej.subotica.rs\/wp-content\/uploads\/2019\/04\/014-743x1024.jpg\" alt=\"\" data-id=\"1147\" data-link=\"https:\/\/gradskimuzej.subotica.rs\/?attachment_id=1147\"  class=\"wp-image-2131\" srcset=\"https:\/\/gradskimuzej.subotica.rs\/wp-content\/uploads\/2019\/04\/014.jpg 743w, https:\/\/gradskimuzej.subotica.rs\/wp-content\/uploads\/2019\/04\/014-218x300.jpg 218w, https:\/\/gradskimuzej.subotica.rs\/wp-content\/uploads\/2019\/04\/014-363x500.jpg 363w\" sizes=\"(max-width: 743px) 100vw, 743px\" \/><\/figure><\/li><li class=\"blocks-gallery-item\"><figure><img loading=\"lazy\" decoding=\"async\" width=\"743\" height=\"1024\" src=\"https:\/\/gradskimuzej.subotica.rs\/wp-content\/uploads\/2019\/04\/015-743x1024.jpg\" alt=\"\" data-id=\"1148\" data-link=\"https:\/\/gradskimuzej.subotica.rs\/?attachment_id=1148\"  class=\"wp-image-2132\" srcset=\"https:\/\/gradskimuzej.subotica.rs\/wp-content\/uploads\/2019\/04\/015.jpg 743w, https:\/\/gradskimuzej.subotica.rs\/wp-content\/uploads\/2019\/04\/015-218x300.jpg 218w, https:\/\/gradskimuzej.subotica.rs\/wp-content\/uploads\/2019\/04\/015-363x500.jpg 363w\" sizes=\"(max-width: 743px) 100vw, 743px\" \/><\/figure><\/li><li class=\"blocks-gallery-item\"><figure><img loading=\"lazy\" decoding=\"async\" width=\"993\" height=\"1024\" src=\"https:\/\/gradskimuzej.subotica.rs\/wp-content\/uploads\/2019\/04\/016-993x1024.jpg\" alt=\"\" data-id=\"1149\" data-link=\"https:\/\/gradskimuzej.subotica.rs\/?attachment_id=1149\"  class=\"wp-image-2133\" srcset=\"https:\/\/gradskimuzej.subotica.rs\/wp-content\/uploads\/2019\/04\/016.jpg 993w, https:\/\/gradskimuzej.subotica.rs\/wp-content\/uploads\/2019\/04\/016-291x300.jpg 291w, https:\/\/gradskimuzej.subotica.rs\/wp-content\/uploads\/2019\/04\/016-485x500.jpg 485w, https:\/\/gradskimuzej.subotica.rs\/wp-content\/uploads\/2019\/04\/016-768x792.jpg 768w\" sizes=\"(max-width: 993px) 100vw, 993px\" \/><\/figure><\/li><li class=\"blocks-gallery-item\"><figure><img loading=\"lazy\" decoding=\"async\" width=\"990\" height=\"1024\" src=\"https:\/\/gradskimuzej.subotica.rs\/wp-content\/uploads\/2019\/04\/017-990x1024.jpg\" alt=\"\" data-id=\"1150\" data-link=\"https:\/\/gradskimuzej.subotica.rs\/?attachment_id=1150\"  class=\"wp-image-2134\" srcset=\"https:\/\/gradskimuzej.subotica.rs\/wp-content\/uploads\/2019\/04\/017.jpg 990w, https:\/\/gradskimuzej.subotica.rs\/wp-content\/uploads\/2019\/04\/017-290x300.jpg 290w, https:\/\/gradskimuzej.subotica.rs\/wp-content\/uploads\/2019\/04\/017-483x500.jpg 483w, https:\/\/gradskimuzej.subotica.rs\/wp-content\/uploads\/2019\/04\/017-768x794.jpg 768w\" sizes=\"(max-width: 990px) 100vw, 990px\" \/><\/figure><\/li><li class=\"blocks-gallery-item\"><figure><img loading=\"lazy\" decoding=\"async\" width=\"1024\" height=\"939\" src=\"https:\/\/gradskimuzej.subotica.rs\/wp-content\/uploads\/2019\/04\/020-1024x939.jpg\" alt=\"\" data-id=\"1152\" data-link=\"https:\/\/gradskimuzej.subotica.rs\/?attachment_id=1152\"  class=\"wp-image-2135\" srcset=\"https:\/\/gradskimuzej.subotica.rs\/wp-content\/uploads\/2019\/04\/020.jpg 1024w, https:\/\/gradskimuzej.subotica.rs\/wp-content\/uploads\/2019\/04\/020-327x300.jpg 327w, https:\/\/gradskimuzej.subotica.rs\/wp-content\/uploads\/2019\/04\/020-545x500.jpg 545w, https:\/\/gradskimuzej.subotica.rs\/wp-content\/uploads\/2019\/04\/020-768x704.jpg 768w\" sizes=\"(max-width: 1024px) 100vw, 1024px\" \/><\/figure><\/li><li class=\"blocks-gallery-item\"><figure><img loading=\"lazy\" decoding=\"async\" width=\"743\" height=\"1024\" src=\"https:\/\/gradskimuzej.subotica.rs\/wp-content\/uploads\/2019\/04\/021-743x1024.jpg\" alt=\"\" data-id=\"1153\" data-link=\"https:\/\/gradskimuzej.subotica.rs\/?attachment_id=1153\"  class=\"wp-image-2136\" srcset=\"https:\/\/gradskimuzej.subotica.rs\/wp-content\/uploads\/2019\/04\/021.jpg 743w, https:\/\/gradskimuzej.subotica.rs\/wp-content\/uploads\/2019\/04\/021-218x300.jpg 218w, https:\/\/gradskimuzej.subotica.rs\/wp-content\/uploads\/2019\/04\/021-363x500.jpg 363w\" sizes=\"(max-width: 743px) 100vw, 743px\" \/><\/figure><\/li><li class=\"blocks-gallery-item\"><figure><img loading=\"lazy\" decoding=\"async\" width=\"743\" height=\"1024\" src=\"https:\/\/gradskimuzej.subotica.rs\/wp-content\/uploads\/2019\/04\/022-743x1024.jpg\" alt=\"\" data-id=\"1154\" data-link=\"https:\/\/gradskimuzej.subotica.rs\/?attachment_id=1154\"  class=\"wp-image-2137\" srcset=\"https:\/\/gradskimuzej.subotica.rs\/wp-content\/uploads\/2019\/04\/022.jpg 743w, https:\/\/gradskimuzej.subotica.rs\/wp-content\/uploads\/2019\/04\/022-218x300.jpg 218w, https:\/\/gradskimuzej.subotica.rs\/wp-content\/uploads\/2019\/04\/022-363x500.jpg 363w\" sizes=\"(max-width: 743px) 100vw, 743px\" \/><\/figure><\/li><li class=\"blocks-gallery-item\"><figure><img loading=\"lazy\" decoding=\"async\" width=\"770\" height=\"1024\" src=\"https:\/\/gradskimuzej.subotica.rs\/wp-content\/uploads\/2019\/04\/scanimage004-770x1024.jpg\" alt=\"\" data-id=\"1155\" data-link=\"https:\/\/gradskimuzej.subotica.rs\/?attachment_id=1155\"  class=\"wp-image-2138\" srcset=\"https:\/\/gradskimuzej.subotica.rs\/wp-content\/uploads\/2019\/04\/scanimage004.jpg 770w, https:\/\/gradskimuzej.subotica.rs\/wp-content\/uploads\/2019\/04\/scanimage004-226x300.jpg 226w, https:\/\/gradskimuzej.subotica.rs\/wp-content\/uploads\/2019\/04\/scanimage004-376x500.jpg 376w, https:\/\/gradskimuzej.subotica.rs\/wp-content\/uploads\/2019\/04\/scanimage004-768x1021.jpg 768w\" sizes=\"(max-width: 770px) 100vw, 770px\" \/><\/figure><\/li><li class=\"blocks-gallery-item\"><figure><img loading=\"lazy\" decoding=\"async\" width=\"703\" height=\"1024\" src=\"https:\/\/gradskimuzej.subotica.rs\/wp-content\/uploads\/2019\/04\/scanimage005-703x1024.jpg\" alt=\"\" data-id=\"1156\" data-link=\"https:\/\/gradskimuzej.subotica.rs\/?attachment_id=1156\"  class=\"wp-image-2139\" srcset=\"https:\/\/gradskimuzej.subotica.rs\/wp-content\/uploads\/2019\/04\/scanimage005.jpg 703w, https:\/\/gradskimuzej.subotica.rs\/wp-content\/uploads\/2019\/04\/scanimage005-206x300.jpg 206w, https:\/\/gradskimuzej.subotica.rs\/wp-content\/uploads\/2019\/04\/scanimage005-343x500.jpg 343w\" sizes=\"(max-width: 703px) 100vw, 703px\" \/><\/figure><\/li><li class=\"blocks-gallery-item\"><figure><img loading=\"lazy\" decoding=\"async\" width=\"711\" height=\"1024\" src=\"https:\/\/gradskimuzej.subotica.rs\/wp-content\/uploads\/2019\/04\/scanimage006-711x1024.jpg\" alt=\"\" data-id=\"1157\" data-link=\"https:\/\/gradskimuzej.subotica.rs\/?attachment_id=1157\"  class=\"wp-image-2140\" srcset=\"https:\/\/gradskimuzej.subotica.rs\/wp-content\/uploads\/2019\/04\/scanimage006.jpg 711w, https:\/\/gradskimuzej.subotica.rs\/wp-content\/uploads\/2019\/04\/scanimage006-208x300.jpg 208w, https:\/\/gradskimuzej.subotica.rs\/wp-content\/uploads\/2019\/04\/scanimage006-347x500.jpg 347w\" sizes=\"(max-width: 711px) 100vw, 711px\" \/><\/figure><\/li><\/ul>\n","protected":false},"excerpt":{"rendered":"<p>Int\u00e9zm\u00e9ny\u00fcnk 1948-ban, megalap\u00edt\u00e1s\u00e1val egy id\u0151ben kezdte meg kiad\u00f3i tev\u00e9kenys\u00e9g\u00e9t, amely kezdetben csup\u00e1n sz\u0171k keretek k\u00f6z\u00f6tt zajlott, majd egyre nagyobb szerepe lett a m\u00fazeum munkat\u00e1rsai \u00e1ltal v\u00e9gzett alkot\u00f3i tev\u00e9kenys\u00e9g bemutat\u00e1s\u00e1ban. A m\u00fazeumi kiadv\u00e1nyok bibliogr\u00e1fi\u00e1ja ma t\u00f6bb mint 100 kiadv\u00e1nyt sz\u00e1ml\u00e1l, melyek k\u00f6zt katal\u00f3gusokat, monogr\u00e1fi\u00e1kat, k\u00fcl\u00f6nb\u00f6z\u0151 t\u00e1j\u00e9koztat\u00f3kat \u00e9s a&nbsp;Museion&nbsp;c\u00edm\u0171 foly\u00f3iratot tal\u00e1ljuk. A szabadkai V\u00e1rosi M\u00fazeum minden kiadv\u00e1nya [&hellip;]<\/p>\n","protected":false},"author":2,"featured_media":2141,"parent":1039,"menu_order":0,"comment_status":"closed","ping_status":"closed","template":"","meta":{"footnotes":""},"_links":{"self":[{"href":"https:\/\/gradskimuzej.subotica.rs\/index.php?rest_route=\/wp\/v2\/pages\/1079"}],"collection":[{"href":"https:\/\/gradskimuzej.subotica.rs\/index.php?rest_route=\/wp\/v2\/pages"}],"about":[{"href":"https:\/\/gradskimuzej.subotica.rs\/index.php?rest_route=\/wp\/v2\/types\/page"}],"author":[{"embeddable":true,"href":"https:\/\/gradskimuzej.subotica.rs\/index.php?rest_route=\/wp\/v2\/users\/2"}],"replies":[{"embeddable":true,"href":"https:\/\/gradskimuzej.subotica.rs\/index.php?rest_route=%2Fwp%2Fv2%2Fcomments&post=1079"}],"version-history":[{"count":21,"href":"https:\/\/gradskimuzej.subotica.rs\/index.php?rest_route=\/wp\/v2\/pages\/1079\/revisions"}],"predecessor-version":[{"id":7844,"href":"https:\/\/gradskimuzej.subotica.rs\/index.php?rest_route=\/wp\/v2\/pages\/1079\/revisions\/7844"}],"up":[{"embeddable":true,"href":"https:\/\/gradskimuzej.subotica.rs\/index.php?rest_route=\/wp\/v2\/pages\/1039"}],"wp:featuredmedia":[{"embeddable":true,"href":"https:\/\/gradskimuzej.subotica.rs\/index.php?rest_route=\/wp\/v2\/media\/2141"}],"wp:attachment":[{"href":"https:\/\/gradskimuzej.subotica.rs\/index.php?rest_route=%2Fwp%2Fv2%2Fmedia&parent=1079"}],"curies":[{"name":"wp","href":"https:\/\/api.w.org\/{rel}","templated":true}]}}